{"id":8589,"date":"2021-07-03T16:35:00","date_gmt":"2021-07-03T16:35:07","guid":{"rendered":"https:\/\/www.cuerdasvalero.com\/?post_type=product&#038;p=8589"},"modified":"2021-07-04T11:46:22","modified_gmt":"2021-07-04T11:46:22","slug":"echeveau-tressee-en-polypropylene","status":"publish","type":"product","link":"https:\/\/www.cuerdasvalero.com\/fr\/produit\/echeveau-tressee-en-polypropylene\/","title":{"rendered":"\u00c9cheveau tress\u00e9e en polypropyl\u00e8ne (copia)"},"content":{"rendered":"","protected":false},"excerpt":{"rendered":"<p>Cordes en polypropyl\u00e8ne tress\u00e9es 100 % \u00e0 l&rsquo;int\u00e9rieur et \u00e0 l&rsquo;ext\u00e9rieur, compos\u00e9es d&rsquo;une \u00e2me de corde tress\u00e9e et de 24 brins \u00e0 l&rsquo;ext\u00e9rieur \u00e0 partir de 8 m\/m \u2205 (pour d&rsquo;autres mesures, veuillez consulter).<br \/>\nAvec un traitement anti-UV de 140 kly pour sa r\u00e9sistance aux rayons du soleil.<br \/>\nEn raison de leur qualit\u00e9, les c\u00e2bles en polypropyl\u00e8ne sont particuli\u00e8rement adapt\u00e9s aux pompes submersibles, aux c\u00e2bles nautiques, sportifs et de construction, en raison de leur r\u00e9sistance \u00e0 la traction, au frottement et \u00e0 l&rsquo;eau. Toujours pour un usage industriel.<br \/>\nTr\u00e8s l\u00e9ger avec un toucher tr\u00e8s doux.<br \/>\nElle est pr\u00e9sent\u00e9e en bobines de 200 m. les calibres 6, 8, 10 et 12 m\/m et en bobines \u00e0 100 m. \u00e0 partir du calibre 14.<br \/>\nDes longueurs sp\u00e9ciales peuvent \u00eatre r\u00e9alis\u00e9es sur commande.<br \/>\nFabriqu\u00e9 en Espagne.<\/p>\n","protected":false},"featured_media":8614,"template":"","meta":[],"product_brand":[],"product_cat":[61],"product_tag":[],"class_list":{"0":"post-8589","1":"product","2":"type-product","3":"status-publish","4":"has-post-thumbnail","6":"product_cat-cordes-en-polypropylene","8":"first","9":"instock","10":"taxable","11":"shipping-taxable","12":"purchasable","13":"product-type-variable"},"yoast_head":"<!-- This site is optimized with the Yoast SEO plugin v27.5 - https:\/\/yoast.com\/product\/yoast-seo-wordpress\/ -->\n<title>\u00c9cheveau tress\u00e9e en polypropyl\u00e8ne (copia) - Cuerdas Valero<\/title>\n<meta name=\"robots\" content=\"index, follow, max-snippet:-1, max-image-preview:large, max-video-preview:-1\" \/>\n<link rel=\"canonical\" href=\"https:\/\/www.cuerdasvalero.com\/fr\/produit\/echeveau-tressee-en-polypropylene\/\" \/>\n<meta property=\"og:locale\" content=\"fr_FR\" \/>\n<meta property=\"og:type\" content=\"article\" \/>\n<meta property=\"og:title\" content=\"\u00c9cheveau tress\u00e9e en polypropyl\u00e8ne (copia) - Cuerdas Valero\" \/>\n<meta property=\"og:description\" content=\"Cordes en polypropyl\u00e8ne tress\u00e9es 100 % \u00e0 l&#039;int\u00e9rieur et \u00e0 l&#039;ext\u00e9rieur, compos\u00e9es d&#039;une \u00e2me de corde tress\u00e9e et de 24 brins \u00e0 l&#039;ext\u00e9rieur \u00e0 partir de 8 m\/m \u2205 (pour d&#039;autres mesures, veuillez consulter). Avec un traitement anti-UV de 140 kly pour sa r\u00e9sistance aux rayons du soleil. En raison de leur qualit\u00e9, les c\u00e2bles en polypropyl\u00e8ne sont particuli\u00e8rement adapt\u00e9s aux pompes submersibles, aux c\u00e2bles nautiques, sportifs et de construction, en raison de leur r\u00e9sistance \u00e0 la traction, au frottement et \u00e0 l&#039;eau. Toujours pour un usage industriel. Tr\u00e8s l\u00e9ger avec un toucher tr\u00e8s doux. Elle est pr\u00e9sent\u00e9e en bobines de 200 m. les calibres 6, 8, 10 et 12 m\/m et en bobines \u00e0 100 m. \u00e0 partir du calibre 14. Des longueurs sp\u00e9ciales peuvent \u00eatre r\u00e9alis\u00e9es sur commande. Fabriqu\u00e9 en Espagne.\" \/>\n<meta property=\"og:url\" content=\"https:\/\/www.cuerdasvalero.com\/fr\/produit\/echeveau-tressee-en-polypropylene\/\" \/>\n<meta property=\"og:site_name\" content=\"Cuerdas Valero\" \/>\n<meta property=\"article:publisher\" content=\"https:\/\/www.facebook.com\/CuerdasValero\/\" \/>\n<meta property=\"article:modified_time\" content=\"2021-07-04T11:46:22+00:00\" \/>\n<meta property=\"og:image\" content=\"https:\/\/www.cuerdasvalero.com\/wp-content\/uploads\/2021\/07\/Cuerda-trenzada-poli-verde-6-8-y-10-mm-865x1024.jpg\" \/>\n\t<meta property=\"og:image:width\" content=\"865\" \/>\n\t<meta property=\"og:image:height\" content=\"1024\" \/>\n\t<meta property=\"og:image:type\" content=\"image\/jpeg\" \/>\n<meta name=\"twitter:card\" content=\"summary_large_image\" \/>\n<script type=\"application\/ld+json\" class=\"yoast-schema-graph\">{\"@context\":\"https:\\\/\\\/schema.org\",\"@graph\":[{\"@type\":\"WebPage\",\"@id\":\"https:\\\/\\\/www.cuerdasvalero.com\\\/fr\\\/produit\\\/echeveau-tressee-en-polypropylene\\\/\",\"url\":\"https:\\\/\\\/www.cuerdasvalero.com\\\/fr\\\/produit\\\/echeveau-tressee-en-polypropylene\\\/\",\"name\":\"\u00c9cheveau tress\u00e9e en polypropyl\u00e8ne (copia) - Cuerdas Valero\",\"isPartOf\":{\"@id\":\"https:\\\/\\\/www.cuerdasvalero.com\\\/fr\\\/#website\"},\"primaryImageOfPage\":{\"@id\":\"https:\\\/\\\/www.cuerdasvalero.com\\\/fr\\\/produit\\\/echeveau-tressee-en-polypropylene\\\/#primaryimage\"},\"image\":{\"@id\":\"https:\\\/\\\/www.cuerdasvalero.com\\\/fr\\\/produit\\\/echeveau-tressee-en-polypropylene\\\/#primaryimage\"},\"thumbnailUrl\":\"https:\\\/\\\/www.cuerdasvalero.com\\\/wp-content\\\/uploads\\\/2021\\\/07\\\/Cuerda-trenzada-poli-verde-6-8-y-10-mm.jpg\",\"datePublished\":\"2021-07-03T16:35:07+00:00\",\"dateModified\":\"2021-07-04T11:46:22+00:00\",\"breadcrumb\":{\"@id\":\"https:\\\/\\\/www.cuerdasvalero.com\\\/fr\\\/produit\\\/echeveau-tressee-en-polypropylene\\\/#breadcrumb\"},\"inLanguage\":\"fr-FR\",\"potentialAction\":[{\"@type\":\"ReadAction\",\"target\":[\"https:\\\/\\\/www.cuerdasvalero.com\\\/fr\\\/produit\\\/echeveau-tressee-en-polypropylene\\\/\"]}]},{\"@type\":\"ImageObject\",\"inLanguage\":\"fr-FR\",\"@id\":\"https:\\\/\\\/www.cuerdasvalero.com\\\/fr\\\/produit\\\/echeveau-tressee-en-polypropylene\\\/#primaryimage\",\"url\":\"https:\\\/\\\/www.cuerdasvalero.com\\\/wp-content\\\/uploads\\\/2021\\\/07\\\/Cuerda-trenzada-poli-verde-6-8-y-10-mm.jpg\",\"contentUrl\":\"https:\\\/\\\/www.cuerdasvalero.com\\\/wp-content\\\/uploads\\\/2021\\\/07\\\/Cuerda-trenzada-poli-verde-6-8-y-10-mm.jpg\",\"width\":1668,\"height\":1974},{\"@type\":\"BreadcrumbList\",\"@id\":\"https:\\\/\\\/www.cuerdasvalero.com\\\/fr\\\/produit\\\/echeveau-tressee-en-polypropylene\\\/#breadcrumb\",\"itemListElement\":[{\"@type\":\"ListItem\",\"position\":1,\"name\":\"Inicio\",\"item\":\"https:\\\/\\\/www.cuerdasvalero.com\\\/fr\\\/\"},{\"@type\":\"ListItem\",\"position\":2,\"name\":\"Tienda\",\"item\":\"https:\\\/\\\/www.cuerdasvalero.com\\\/tienda\\\/\"},{\"@type\":\"ListItem\",\"position\":3,\"name\":\"\u00c9cheveau tress\u00e9e en polypropyl\u00e8ne (copia)\"}]},{\"@type\":\"WebSite\",\"@id\":\"https:\\\/\\\/www.cuerdasvalero.com\\\/fr\\\/#website\",\"url\":\"https:\\\/\\\/www.cuerdasvalero.com\\\/fr\\\/\",\"name\":\"Cuerdas Valero\",\"description\":\"\",\"publisher\":{\"@id\":\"https:\\\/\\\/www.cuerdasvalero.com\\\/fr\\\/#organization\"},\"potentialAction\":[{\"@type\":\"SearchAction\",\"target\":{\"@type\":\"EntryPoint\",\"urlTemplate\":\"https:\\\/\\\/www.cuerdasvalero.com\\\/fr\\\/?s={search_term_string}\"},\"query-input\":{\"@type\":\"PropertyValueSpecification\",\"valueRequired\":true,\"valueName\":\"search_term_string\"}}],\"inLanguage\":\"fr-FR\"},{\"@type\":\"Organization\",\"@id\":\"https:\\\/\\\/www.cuerdasvalero.com\\\/fr\\\/#organization\",\"name\":\"Cuerdas Valero\",\"url\":\"https:\\\/\\\/www.cuerdasvalero.com\\\/fr\\\/\",\"logo\":{\"@type\":\"ImageObject\",\"inLanguage\":\"fr-FR\",\"@id\":\"https:\\\/\\\/www.cuerdasvalero.com\\\/fr\\\/#\\\/schema\\\/logo\\\/image\\\/\",\"url\":\"https:\\\/\\\/www.cuerdasvalero.com\\\/wp-content\\\/uploads\\\/2020\\\/04\\\/cuerdas-valero-logo-.jpg\",\"contentUrl\":\"https:\\\/\\\/www.cuerdasvalero.com\\\/wp-content\\\/uploads\\\/2020\\\/04\\\/cuerdas-valero-logo-.jpg\",\"width\":196,\"height\":139,\"caption\":\"Cuerdas Valero\"},\"image\":{\"@id\":\"https:\\\/\\\/www.cuerdasvalero.com\\\/fr\\\/#\\\/schema\\\/logo\\\/image\\\/\"},\"sameAs\":[\"https:\\\/\\\/www.facebook.com\\\/CuerdasValero\\\/\"]}]}<\/script>\n<!-- \/ Yoast SEO plugin. -->","yoast_head_json":{"title":"\u00c9cheveau tress\u00e9e en polypropyl\u00e8ne (copia) - Cuerdas Valero","robots":{"index":"index","follow":"follow","max-snippet":"max-snippet:-1","max-image-preview":"max-image-preview:large","max-video-preview":"max-video-preview:-1"},"canonical":"https:\/\/www.cuerdasvalero.com\/fr\/produit\/echeveau-tressee-en-polypropylene\/","og_locale":"fr_FR","og_type":"article","og_title":"\u00c9cheveau tress\u00e9e en polypropyl\u00e8ne (copia) - Cuerdas Valero","og_description":"Cordes en polypropyl\u00e8ne tress\u00e9es 100 % \u00e0 l'int\u00e9rieur et \u00e0 l'ext\u00e9rieur, compos\u00e9es d'une \u00e2me de corde tress\u00e9e et de 24 brins \u00e0 l'ext\u00e9rieur \u00e0 partir de 8 m\/m \u2205 (pour d'autres mesures, veuillez consulter). Avec un traitement anti-UV de 140 kly pour sa r\u00e9sistance aux rayons du soleil. En raison de leur qualit\u00e9, les c\u00e2bles en polypropyl\u00e8ne sont particuli\u00e8rement adapt\u00e9s aux pompes submersibles, aux c\u00e2bles nautiques, sportifs et de construction, en raison de leur r\u00e9sistance \u00e0 la traction, au frottement et \u00e0 l'eau. Toujours pour un usage industriel. Tr\u00e8s l\u00e9ger avec un toucher tr\u00e8s doux. Elle est pr\u00e9sent\u00e9e en bobines de 200 m. les calibres 6, 8, 10 et 12 m\/m et en bobines \u00e0 100 m. \u00e0 partir du calibre 14. Des longueurs sp\u00e9ciales peuvent \u00eatre r\u00e9alis\u00e9es sur commande. Fabriqu\u00e9 en Espagne.","og_url":"https:\/\/www.cuerdasvalero.com\/fr\/produit\/echeveau-tressee-en-polypropylene\/","og_site_name":"Cuerdas Valero","article_publisher":"https:\/\/www.facebook.com\/CuerdasValero\/","article_modified_time":"2021-07-04T11:46:22+00:00","og_image":[{"width":865,"height":1024,"url":"https:\/\/www.cuerdasvalero.com\/wp-content\/uploads\/2021\/07\/Cuerda-trenzada-poli-verde-6-8-y-10-mm-865x1024.jpg","type":"image\/jpeg"}],"twitter_card":"summary_large_image","schema":{"@context":"https:\/\/schema.org","@graph":[{"@type":"WebPage","@id":"https:\/\/www.cuerdasvalero.com\/fr\/produit\/echeveau-tressee-en-polypropylene\/","url":"https:\/\/www.cuerdasvalero.com\/fr\/produit\/echeveau-tressee-en-polypropylene\/","name":"\u00c9cheveau tress\u00e9e en polypropyl\u00e8ne (copia) - Cuerdas Valero","isPartOf":{"@id":"https:\/\/www.cuerdasvalero.com\/fr\/#website"},"primaryImageOfPage":{"@id":"https:\/\/www.cuerdasvalero.com\/fr\/produit\/echeveau-tressee-en-polypropylene\/#primaryimage"},"image":{"@id":"https:\/\/www.cuerdasvalero.com\/fr\/produit\/echeveau-tressee-en-polypropylene\/#primaryimage"},"thumbnailUrl":"https:\/\/www.cuerdasvalero.com\/wp-content\/uploads\/2021\/07\/Cuerda-trenzada-poli-verde-6-8-y-10-mm.jpg","datePublished":"2021-07-03T16:35:07+00:00","dateModified":"2021-07-04T11:46:22+00:00","breadcrumb":{"@id":"https:\/\/www.cuerdasvalero.com\/fr\/produit\/echeveau-tressee-en-polypropylene\/#breadcrumb"},"inLanguage":"fr-FR","potentialAction":[{"@type":"ReadAction","target":["https:\/\/www.cuerdasvalero.com\/fr\/produit\/echeveau-tressee-en-polypropylene\/"]}]},{"@type":"ImageObject","inLanguage":"fr-FR","@id":"https:\/\/www.cuerdasvalero.com\/fr\/produit\/echeveau-tressee-en-polypropylene\/#primaryimage","url":"https:\/\/www.cuerdasvalero.com\/wp-content\/uploads\/2021\/07\/Cuerda-trenzada-poli-verde-6-8-y-10-mm.jpg","contentUrl":"https:\/\/www.cuerdasvalero.com\/wp-content\/uploads\/2021\/07\/Cuerda-trenzada-poli-verde-6-8-y-10-mm.jpg","width":1668,"height":1974},{"@type":"BreadcrumbList","@id":"https:\/\/www.cuerdasvalero.com\/fr\/produit\/echeveau-tressee-en-polypropylene\/#breadcrumb","itemListElement":[{"@type":"ListItem","position":1,"name":"Inicio","item":"https:\/\/www.cuerdasvalero.com\/fr\/"},{"@type":"ListItem","position":2,"name":"Tienda","item":"https:\/\/www.cuerdasvalero.com\/tienda\/"},{"@type":"ListItem","position":3,"name":"\u00c9cheveau tress\u00e9e en polypropyl\u00e8ne (copia)"}]},{"@type":"WebSite","@id":"https:\/\/www.cuerdasvalero.com\/fr\/#website","url":"https:\/\/www.cuerdasvalero.com\/fr\/","name":"Cuerdas Valero","description":"","publisher":{"@id":"https:\/\/www.cuerdasvalero.com\/fr\/#organization"},"potentialAction":[{"@type":"SearchAction","target":{"@type":"EntryPoint","urlTemplate":"https:\/\/www.cuerdasvalero.com\/fr\/?s={search_term_string}"},"query-input":{"@type":"PropertyValueSpecification","valueRequired":true,"valueName":"search_term_string"}}],"inLanguage":"fr-FR"},{"@type":"Organization","@id":"https:\/\/www.cuerdasvalero.com\/fr\/#organization","name":"Cuerdas Valero","url":"https:\/\/www.cuerdasvalero.com\/fr\/","logo":{"@type":"ImageObject","inLanguage":"fr-FR","@id":"https:\/\/www.cuerdasvalero.com\/fr\/#\/schema\/logo\/image\/","url":"https:\/\/www.cuerdasvalero.com\/wp-content\/uploads\/2020\/04\/cuerdas-valero-logo-.jpg","contentUrl":"https:\/\/www.cuerdasvalero.com\/wp-content\/uploads\/2020\/04\/cuerdas-valero-logo-.jpg","width":196,"height":139,"caption":"Cuerdas Valero"},"image":{"@id":"https:\/\/www.cuerdasvalero.com\/fr\/#\/schema\/logo\/image\/"},"sameAs":["https:\/\/www.facebook.com\/CuerdasValero\/"]}]}},"_links":{"self":[{"href":"https:\/\/www.cuerdasvalero.com\/fr\/wp-json\/wp\/v2\/product\/8589","targetHints":{"allow":["GET"]}}],"collection":[{"href":"https:\/\/www.cuerdasvalero.com\/fr\/wp-json\/wp\/v2\/product"}],"about":[{"href":"https:\/\/www.cuerdasvalero.com\/fr\/wp-json\/wp\/v2\/types\/product"}],"wp:featuredmedia":[{"embeddable":true,"href":"https:\/\/www.cuerdasvalero.com\/fr\/wp-json\/wp\/v2\/media\/8614"}],"wp:attachment":[{"href":"https:\/\/www.cuerdasvalero.com\/fr\/wp-json\/wp\/v2\/media?parent=8589"}],"wp:term":[{"taxonomy":"product_brand","embeddable":true,"href":"https:\/\/www.cuerdasvalero.com\/fr\/wp-json\/wp\/v2\/product_brand?post=8589"},{"taxonomy":"product_cat","embeddable":true,"href":"https:\/\/www.cuerdasvalero.com\/fr\/wp-json\/wp\/v2\/product_cat?post=8589"},{"taxonomy":"product_tag","embeddable":true,"href":"https:\/\/www.cuerdasvalero.com\/fr\/wp-json\/wp\/v2\/product_tag?post=8589"}],"curies":[{"name":"wp","href":"https:\/\/api.w.org\/{rel}","templated":true}]}}