{"id":6904,"date":"2018-07-05T10:38:34","date_gmt":"2018-07-05T10:38:34","guid":{"rendered":"https:\/\/www.cuerdasvalero.com\/producto\/rouleaux-de-pita-sisal-2-brins\/"},"modified":"2021-07-04T11:50:11","modified_gmt":"2021-07-04T11:50:11","slug":"rouleaux-de-pita-sisal-2-brins","status":"publish","type":"product","link":"https:\/\/www.cuerdasvalero.com\/fr\/produit\/rouleaux-de-pita-sisal-2-brins\/","title":{"rendered":"Rouleaux de pita sisal 2 brins"},"content":{"rendered":"","protected":false},"excerpt":{"rendered":"<p>Cordes en fibres naturelles torsad\u00e9es en deux brins, tr\u00e8s r\u00e9sistantes, avec une grande s\u00e9curit\u00e9 au niveau du n\u0153ud.<br \/>\nConvient pour l&#8217;emballage, la fabrication de si\u00e8ges pour chaises, le bricolage, l&rsquo;agriculture, les abattoirs, le travail manuel, l&rsquo;\u00e9levage&#8230;<br \/>\nLa bobine de pita \u00e0 2 brins est disponible en rouleaux de 100, 200, 400 et 750 grammes. Le pita 3 brins est pr\u00e9sent\u00e9 en rouleaux de 750 grammes.<br \/>\nElle a une r\u00e9sistance de 90 kilos environ.<\/p>\n","protected":false},"featured_media":12116,"template":"","meta":[],"product_brand":[],"product_cat":[62],"product_tag":[],"class_list":{"0":"post-6904","1":"product","2":"type-product","3":"status-publish","4":"has-post-thumbnail","6":"product_cat-cordes-sisal","8":"first","9":"instock","10":"taxable","11":"shipping-taxable","12":"purchasable","13":"product-type-variable"},"yoast_head":"<!-- This site is optimized with the Yoast SEO plugin v27.5 - https:\/\/yoast.com\/product\/yoast-seo-wordpress\/ -->\n<title>Rouleaux de pita sisal 2 brins - Cuerdas Valero<\/title>\n<meta name=\"robots\" content=\"index, follow, max-snippet:-1, max-image-preview:large, max-video-preview:-1\" \/>\n<link rel=\"canonical\" href=\"https:\/\/www.cuerdasvalero.com\/fr\/produit\/rouleaux-de-pita-sisal-2-brins\/\" \/>\n<meta property=\"og:locale\" content=\"fr_FR\" \/>\n<meta property=\"og:type\" content=\"article\" \/>\n<meta property=\"og:title\" content=\"Rouleaux de pita sisal 2 brins - Cuerdas Valero\" \/>\n<meta property=\"og:description\" content=\"Cordes en fibres naturelles torsad\u00e9es en deux brins, tr\u00e8s r\u00e9sistantes, avec une grande s\u00e9curit\u00e9 au niveau du n\u0153ud. Convient pour l&#039;emballage, la fabrication de si\u00e8ges pour chaises, le bricolage, l&#039;agriculture, les abattoirs, le travail manuel, l&#039;\u00e9levage... La bobine de pita \u00e0 2 brins est disponible en rouleaux de 100, 200, 400 et 750 grammes. Le pita 3 brins est pr\u00e9sent\u00e9 en rouleaux de 750 grammes. Elle a une r\u00e9sistance de 90 kilos environ.\" \/>\n<meta property=\"og:url\" content=\"https:\/\/www.cuerdasvalero.com\/fr\/produit\/rouleaux-de-pita-sisal-2-brins\/\" \/>\n<meta property=\"og:site_name\" content=\"Cuerdas Valero\" \/>\n<meta property=\"article:publisher\" content=\"https:\/\/www.facebook.com\/CuerdasValero\/\" \/>\n<meta property=\"article:modified_time\" content=\"2021-07-04T11:50:11+00:00\" \/>\n<meta property=\"og:image\" content=\"https:\/\/www.cuerdasvalero.com\/wp-content\/uploads\/2018\/07\/Pita.jpg\" \/>\n\t<meta property=\"og:image:width\" content=\"1724\" \/>\n\t<meta property=\"og:image:height\" content=\"1024\" \/>\n\t<meta property=\"og:image:type\" content=\"image\/jpeg\" \/>\n<meta name=\"twitter:card\" content=\"summary_large_image\" \/>\n<script type=\"application\/ld+json\" class=\"yoast-schema-graph\">{\"@context\":\"https:\\\/\\\/schema.org\",\"@graph\":[{\"@type\":\"WebPage\",\"@id\":\"https:\\\/\\\/www.cuerdasvalero.com\\\/fr\\\/produit\\\/rouleaux-de-pita-sisal-2-brins\\\/\",\"url\":\"https:\\\/\\\/www.cuerdasvalero.com\\\/fr\\\/produit\\\/rouleaux-de-pita-sisal-2-brins\\\/\",\"name\":\"Rouleaux de pita sisal 2 brins - Cuerdas Valero\",\"isPartOf\":{\"@id\":\"https:\\\/\\\/www.cuerdasvalero.com\\\/fr\\\/#website\"},\"primaryImageOfPage\":{\"@id\":\"https:\\\/\\\/www.cuerdasvalero.com\\\/fr\\\/produit\\\/rouleaux-de-pita-sisal-2-brins\\\/#primaryimage\"},\"image\":{\"@id\":\"https:\\\/\\\/www.cuerdasvalero.com\\\/fr\\\/produit\\\/rouleaux-de-pita-sisal-2-brins\\\/#primaryimage\"},\"thumbnailUrl\":\"https:\\\/\\\/www.cuerdasvalero.com\\\/wp-content\\\/uploads\\\/2018\\\/07\\\/Rollitos-sisal-pita.jpg\",\"datePublished\":\"2018-07-05T10:38:34+00:00\",\"dateModified\":\"2021-07-04T11:50:11+00:00\",\"breadcrumb\":{\"@id\":\"https:\\\/\\\/www.cuerdasvalero.com\\\/fr\\\/produit\\\/rouleaux-de-pita-sisal-2-brins\\\/#breadcrumb\"},\"inLanguage\":\"fr-FR\",\"potentialAction\":[{\"@type\":\"ReadAction\",\"target\":[\"https:\\\/\\\/www.cuerdasvalero.com\\\/fr\\\/produit\\\/rouleaux-de-pita-sisal-2-brins\\\/\"]}]},{\"@type\":\"ImageObject\",\"inLanguage\":\"fr-FR\",\"@id\":\"https:\\\/\\\/www.cuerdasvalero.com\\\/fr\\\/produit\\\/rouleaux-de-pita-sisal-2-brins\\\/#primaryimage\",\"url\":\"https:\\\/\\\/www.cuerdasvalero.com\\\/wp-content\\\/uploads\\\/2018\\\/07\\\/Rollitos-sisal-pita.jpg\",\"contentUrl\":\"https:\\\/\\\/www.cuerdasvalero.com\\\/wp-content\\\/uploads\\\/2018\\\/07\\\/Rollitos-sisal-pita.jpg\",\"width\":2482,\"height\":1908},{\"@type\":\"BreadcrumbList\",\"@id\":\"https:\\\/\\\/www.cuerdasvalero.com\\\/fr\\\/produit\\\/rouleaux-de-pita-sisal-2-brins\\\/#breadcrumb\",\"itemListElement\":[{\"@type\":\"ListItem\",\"position\":1,\"name\":\"Inicio\",\"item\":\"https:\\\/\\\/www.cuerdasvalero.com\\\/fr\\\/\"},{\"@type\":\"ListItem\",\"position\":2,\"name\":\"Tienda\",\"item\":\"https:\\\/\\\/www.cuerdasvalero.com\\\/tienda\\\/\"},{\"@type\":\"ListItem\",\"position\":3,\"name\":\"Rouleaux de pita sisal 2 brins\"}]},{\"@type\":\"WebSite\",\"@id\":\"https:\\\/\\\/www.cuerdasvalero.com\\\/fr\\\/#website\",\"url\":\"https:\\\/\\\/www.cuerdasvalero.com\\\/fr\\\/\",\"name\":\"Cuerdas Valero\",\"description\":\"\",\"publisher\":{\"@id\":\"https:\\\/\\\/www.cuerdasvalero.com\\\/fr\\\/#organization\"},\"potentialAction\":[{\"@type\":\"SearchAction\",\"target\":{\"@type\":\"EntryPoint\",\"urlTemplate\":\"https:\\\/\\\/www.cuerdasvalero.com\\\/fr\\\/?s={search_term_string}\"},\"query-input\":{\"@type\":\"PropertyValueSpecification\",\"valueRequired\":true,\"valueName\":\"search_term_string\"}}],\"inLanguage\":\"fr-FR\"},{\"@type\":\"Organization\",\"@id\":\"https:\\\/\\\/www.cuerdasvalero.com\\\/fr\\\/#organization\",\"name\":\"Cuerdas Valero\",\"url\":\"https:\\\/\\\/www.cuerdasvalero.com\\\/fr\\\/\",\"logo\":{\"@type\":\"ImageObject\",\"inLanguage\":\"fr-FR\",\"@id\":\"https:\\\/\\\/www.cuerdasvalero.com\\\/fr\\\/#\\\/schema\\\/logo\\\/image\\\/\",\"url\":\"https:\\\/\\\/www.cuerdasvalero.com\\\/wp-content\\\/uploads\\\/2020\\\/04\\\/cuerdas-valero-logo-.jpg\",\"contentUrl\":\"https:\\\/\\\/www.cuerdasvalero.com\\\/wp-content\\\/uploads\\\/2020\\\/04\\\/cuerdas-valero-logo-.jpg\",\"width\":196,\"height\":139,\"caption\":\"Cuerdas Valero\"},\"image\":{\"@id\":\"https:\\\/\\\/www.cuerdasvalero.com\\\/fr\\\/#\\\/schema\\\/logo\\\/image\\\/\"},\"sameAs\":[\"https:\\\/\\\/www.facebook.com\\\/CuerdasValero\\\/\"]}]}<\/script>\n<!-- \/ Yoast SEO plugin. -->","yoast_head_json":{"title":"Rouleaux de pita sisal 2 brins - Cuerdas Valero","robots":{"index":"index","follow":"follow","max-snippet":"max-snippet:-1","max-image-preview":"max-image-preview:large","max-video-preview":"max-video-preview:-1"},"canonical":"https:\/\/www.cuerdasvalero.com\/fr\/produit\/rouleaux-de-pita-sisal-2-brins\/","og_locale":"fr_FR","og_type":"article","og_title":"Rouleaux de pita sisal 2 brins - Cuerdas Valero","og_description":"Cordes en fibres naturelles torsad\u00e9es en deux brins, tr\u00e8s r\u00e9sistantes, avec une grande s\u00e9curit\u00e9 au niveau du n\u0153ud. Convient pour l'emballage, la fabrication de si\u00e8ges pour chaises, le bricolage, l'agriculture, les abattoirs, le travail manuel, l'\u00e9levage... La bobine de pita \u00e0 2 brins est disponible en rouleaux de 100, 200, 400 et 750 grammes. Le pita 3 brins est pr\u00e9sent\u00e9 en rouleaux de 750 grammes. Elle a une r\u00e9sistance de 90 kilos environ.","og_url":"https:\/\/www.cuerdasvalero.com\/fr\/produit\/rouleaux-de-pita-sisal-2-brins\/","og_site_name":"Cuerdas Valero","article_publisher":"https:\/\/www.facebook.com\/CuerdasValero\/","article_modified_time":"2021-07-04T11:50:11+00:00","og_image":[{"width":1724,"height":1024,"url":"https:\/\/www.cuerdasvalero.com\/wp-content\/uploads\/2018\/07\/Pita.jpg","type":"image\/jpeg"}],"twitter_card":"summary_large_image","schema":{"@context":"https:\/\/schema.org","@graph":[{"@type":"WebPage","@id":"https:\/\/www.cuerdasvalero.com\/fr\/produit\/rouleaux-de-pita-sisal-2-brins\/","url":"https:\/\/www.cuerdasvalero.com\/fr\/produit\/rouleaux-de-pita-sisal-2-brins\/","name":"Rouleaux de pita sisal 2 brins - Cuerdas Valero","isPartOf":{"@id":"https:\/\/www.cuerdasvalero.com\/fr\/#website"},"primaryImageOfPage":{"@id":"https:\/\/www.cuerdasvalero.com\/fr\/produit\/rouleaux-de-pita-sisal-2-brins\/#primaryimage"},"image":{"@id":"https:\/\/www.cuerdasvalero.com\/fr\/produit\/rouleaux-de-pita-sisal-2-brins\/#primaryimage"},"thumbnailUrl":"https:\/\/www.cuerdasvalero.com\/wp-content\/uploads\/2018\/07\/Rollitos-sisal-pita.jpg","datePublished":"2018-07-05T10:38:34+00:00","dateModified":"2021-07-04T11:50:11+00:00","breadcrumb":{"@id":"https:\/\/www.cuerdasvalero.com\/fr\/produit\/rouleaux-de-pita-sisal-2-brins\/#breadcrumb"},"inLanguage":"fr-FR","potentialAction":[{"@type":"ReadAction","target":["https:\/\/www.cuerdasvalero.com\/fr\/produit\/rouleaux-de-pita-sisal-2-brins\/"]}]},{"@type":"ImageObject","inLanguage":"fr-FR","@id":"https:\/\/www.cuerdasvalero.com\/fr\/produit\/rouleaux-de-pita-sisal-2-brins\/#primaryimage","url":"https:\/\/www.cuerdasvalero.com\/wp-content\/uploads\/2018\/07\/Rollitos-sisal-pita.jpg","contentUrl":"https:\/\/www.cuerdasvalero.com\/wp-content\/uploads\/2018\/07\/Rollitos-sisal-pita.jpg","width":2482,"height":1908},{"@type":"BreadcrumbList","@id":"https:\/\/www.cuerdasvalero.com\/fr\/produit\/rouleaux-de-pita-sisal-2-brins\/#breadcrumb","itemListElement":[{"@type":"ListItem","position":1,"name":"Inicio","item":"https:\/\/www.cuerdasvalero.com\/fr\/"},{"@type":"ListItem","position":2,"name":"Tienda","item":"https:\/\/www.cuerdasvalero.com\/tienda\/"},{"@type":"ListItem","position":3,"name":"Rouleaux de pita sisal 2 brins"}]},{"@type":"WebSite","@id":"https:\/\/www.cuerdasvalero.com\/fr\/#website","url":"https:\/\/www.cuerdasvalero.com\/fr\/","name":"Cuerdas Valero","description":"","publisher":{"@id":"https:\/\/www.cuerdasvalero.com\/fr\/#organization"},"potentialAction":[{"@type":"SearchAction","target":{"@type":"EntryPoint","urlTemplate":"https:\/\/www.cuerdasvalero.com\/fr\/?s={search_term_string}"},"query-input":{"@type":"PropertyValueSpecification","valueRequired":true,"valueName":"search_term_string"}}],"inLanguage":"fr-FR"},{"@type":"Organization","@id":"https:\/\/www.cuerdasvalero.com\/fr\/#organization","name":"Cuerdas Valero","url":"https:\/\/www.cuerdasvalero.com\/fr\/","logo":{"@type":"ImageObject","inLanguage":"fr-FR","@id":"https:\/\/www.cuerdasvalero.com\/fr\/#\/schema\/logo\/image\/","url":"https:\/\/www.cuerdasvalero.com\/wp-content\/uploads\/2020\/04\/cuerdas-valero-logo-.jpg","contentUrl":"https:\/\/www.cuerdasvalero.com\/wp-content\/uploads\/2020\/04\/cuerdas-valero-logo-.jpg","width":196,"height":139,"caption":"Cuerdas Valero"},"image":{"@id":"https:\/\/www.cuerdasvalero.com\/fr\/#\/schema\/logo\/image\/"},"sameAs":["https:\/\/www.facebook.com\/CuerdasValero\/"]}]}},"_links":{"self":[{"href":"https:\/\/www.cuerdasvalero.com\/fr\/wp-json\/wp\/v2\/product\/6904","targetHints":{"allow":["GET"]}}],"collection":[{"href":"https:\/\/www.cuerdasvalero.com\/fr\/wp-json\/wp\/v2\/product"}],"about":[{"href":"https:\/\/www.cuerdasvalero.com\/fr\/wp-json\/wp\/v2\/types\/product"}],"wp:featuredmedia":[{"embeddable":true,"href":"https:\/\/www.cuerdasvalero.com\/fr\/wp-json\/wp\/v2\/media\/12116"}],"wp:attachment":[{"href":"https:\/\/www.cuerdasvalero.com\/fr\/wp-json\/wp\/v2\/media?parent=6904"}],"wp:term":[{"taxonomy":"product_brand","embeddable":true,"href":"https:\/\/www.cuerdasvalero.com\/fr\/wp-json\/wp\/v2\/product_brand?post=6904"},{"taxonomy":"product_cat","embeddable":true,"href":"https:\/\/www.cuerdasvalero.com\/fr\/wp-json\/wp\/v2\/product_cat?post=6904"},{"taxonomy":"product_tag","embeddable":true,"href":"https:\/\/www.cuerdasvalero.com\/fr\/wp-json\/wp\/v2\/product_tag?post=6904"}],"curies":[{"name":"wp","href":"https:\/\/api.w.org\/{rel}","templated":true}]}}