{"id":6901,"date":"2018-07-05T11:19:58","date_gmt":"2018-07-05T11:19:58","guid":{"rendered":"https:\/\/www.cuerdasvalero.com\/producto\/bobine-cordon-en-polypropylene-tresse\/"},"modified":"2021-07-04T11:47:37","modified_gmt":"2021-07-04T11:47:37","slug":"bobine-cordon-en-polypropylene-tresse","status":"publish","type":"product","link":"https:\/\/www.cuerdasvalero.com\/fr\/produit\/bobine-cordon-en-polypropylene-tresse\/","title":{"rendered":"Bobine cordon en polypropyl\u00e8ne tress\u00e9"},"content":{"rendered":"","protected":false},"excerpt":{"rendered":"<p>Cordon de polypropyl\u00e8ne tress\u00e9 de 3 m\/m de diam\u00e8tre, au toucher textile et \u00e0 la manipulation tr\u00e8s docile, destin\u00e9 \u00e0 \u00eatre utilis\u00e9 dans le bricolage, la construction, la plomberie,  le jardinage, les tringles \u00e0 rideaux, l&rsquo;artisanat et la signalisation.<br \/>\nIl est pr\u00e9sent\u00e9 en bobines \u00e0 200 m\u00e8tres en camouflage rouge, bleu, vert, noir, vert, blanc, jaune, brun, orange, bleu marine, beige, mauve et rose.<\/p>\n","protected":false},"featured_media":6662,"template":"","meta":[],"product_brand":[],"product_cat":[61],"product_tag":[],"class_list":{"0":"post-6901","1":"product","2":"type-product","3":"status-publish","4":"has-post-thumbnail","6":"product_cat-cordes-en-polypropylene","8":"first","9":"instock","10":"taxable","11":"shipping-taxable","12":"purchasable","13":"product-type-variable"},"yoast_head":"<!-- This site is optimized with the Yoast SEO plugin v27.5 - https:\/\/yoast.com\/product\/yoast-seo-wordpress\/ -->\n<title>Bobine cordon en polypropyl\u00e8ne tress\u00e9 - Cuerdas Valero<\/title>\n<meta name=\"robots\" content=\"index, follow, max-snippet:-1, max-image-preview:large, max-video-preview:-1\" \/>\n<link rel=\"canonical\" href=\"https:\/\/www.cuerdasvalero.com\/fr\/produit\/bobine-cordon-en-polypropylene-tresse\/\" \/>\n<meta property=\"og:locale\" content=\"fr_FR\" \/>\n<meta property=\"og:type\" content=\"article\" \/>\n<meta property=\"og:title\" content=\"Bobine cordon en polypropyl\u00e8ne tress\u00e9 - Cuerdas Valero\" \/>\n<meta property=\"og:description\" content=\"Cordon de polypropyl\u00e8ne tress\u00e9 de 3 m\/m de diam\u00e8tre, au toucher textile et \u00e0 la manipulation tr\u00e8s docile, destin\u00e9 \u00e0 \u00eatre utilis\u00e9 dans le bricolage, la construction, la plomberie, le jardinage, les tringles \u00e0 rideaux, l&#039;artisanat et la signalisation. Il est pr\u00e9sent\u00e9 en bobines \u00e0 200 m\u00e8tres en camouflage rouge, bleu, vert, noir, vert, blanc, jaune, brun, orange, bleu marine, beige, mauve et rose.\" \/>\n<meta property=\"og:url\" content=\"https:\/\/www.cuerdasvalero.com\/fr\/produit\/bobine-cordon-en-polypropylene-tresse\/\" \/>\n<meta property=\"og:site_name\" content=\"Cuerdas Valero\" \/>\n<meta property=\"article:publisher\" content=\"https:\/\/www.facebook.com\/CuerdasValero\/\" \/>\n<meta property=\"article:modified_time\" content=\"2021-07-04T11:47:37+00:00\" \/>\n<meta property=\"og:image\" content=\"https:\/\/www.cuerdasvalero.com\/wp-content\/uploads\/2018\/07\/Riel-color2.jpg\" \/>\n\t<meta property=\"og:image:width\" content=\"1861\" \/>\n\t<meta property=\"og:image:height\" content=\"1245\" \/>\n\t<meta property=\"og:image:type\" content=\"image\/jpeg\" \/>\n<meta name=\"twitter:card\" content=\"summary_large_image\" \/>\n<script type=\"application\/ld+json\" class=\"yoast-schema-graph\">{\"@context\":\"https:\\\/\\\/schema.org\",\"@graph\":[{\"@type\":\"WebPage\",\"@id\":\"https:\\\/\\\/www.cuerdasvalero.com\\\/fr\\\/produit\\\/bobine-cordon-en-polypropylene-tresse\\\/\",\"url\":\"https:\\\/\\\/www.cuerdasvalero.com\\\/fr\\\/produit\\\/bobine-cordon-en-polypropylene-tresse\\\/\",\"name\":\"Bobine cordon en polypropyl\u00e8ne tress\u00e9 - Cuerdas Valero\",\"isPartOf\":{\"@id\":\"https:\\\/\\\/www.cuerdasvalero.com\\\/fr\\\/#website\"},\"primaryImageOfPage\":{\"@id\":\"https:\\\/\\\/www.cuerdasvalero.com\\\/fr\\\/produit\\\/bobine-cordon-en-polypropylene-tresse\\\/#primaryimage\"},\"image\":{\"@id\":\"https:\\\/\\\/www.cuerdasvalero.com\\\/fr\\\/produit\\\/bobine-cordon-en-polypropylene-tresse\\\/#primaryimage\"},\"thumbnailUrl\":\"https:\\\/\\\/www.cuerdasvalero.com\\\/wp-content\\\/uploads\\\/2018\\\/07\\\/Riel-color2.jpg\",\"datePublished\":\"2018-07-05T11:19:58+00:00\",\"dateModified\":\"2021-07-04T11:47:37+00:00\",\"breadcrumb\":{\"@id\":\"https:\\\/\\\/www.cuerdasvalero.com\\\/fr\\\/produit\\\/bobine-cordon-en-polypropylene-tresse\\\/#breadcrumb\"},\"inLanguage\":\"fr-FR\",\"potentialAction\":[{\"@type\":\"ReadAction\",\"target\":[\"https:\\\/\\\/www.cuerdasvalero.com\\\/fr\\\/produit\\\/bobine-cordon-en-polypropylene-tresse\\\/\"]}]},{\"@type\":\"ImageObject\",\"inLanguage\":\"fr-FR\",\"@id\":\"https:\\\/\\\/www.cuerdasvalero.com\\\/fr\\\/produit\\\/bobine-cordon-en-polypropylene-tresse\\\/#primaryimage\",\"url\":\"https:\\\/\\\/www.cuerdasvalero.com\\\/wp-content\\\/uploads\\\/2018\\\/07\\\/Riel-color2.jpg\",\"contentUrl\":\"https:\\\/\\\/www.cuerdasvalero.com\\\/wp-content\\\/uploads\\\/2018\\\/07\\\/Riel-color2.jpg\",\"width\":1861,\"height\":1245},{\"@type\":\"BreadcrumbList\",\"@id\":\"https:\\\/\\\/www.cuerdasvalero.com\\\/fr\\\/produit\\\/bobine-cordon-en-polypropylene-tresse\\\/#breadcrumb\",\"itemListElement\":[{\"@type\":\"ListItem\",\"position\":1,\"name\":\"Inicio\",\"item\":\"https:\\\/\\\/www.cuerdasvalero.com\\\/fr\\\/\"},{\"@type\":\"ListItem\",\"position\":2,\"name\":\"Tienda\",\"item\":\"https:\\\/\\\/www.cuerdasvalero.com\\\/tienda\\\/\"},{\"@type\":\"ListItem\",\"position\":3,\"name\":\"Bobine cordon en polypropyl\u00e8ne tress\u00e9\"}]},{\"@type\":\"WebSite\",\"@id\":\"https:\\\/\\\/www.cuerdasvalero.com\\\/fr\\\/#website\",\"url\":\"https:\\\/\\\/www.cuerdasvalero.com\\\/fr\\\/\",\"name\":\"Cuerdas Valero\",\"description\":\"\",\"publisher\":{\"@id\":\"https:\\\/\\\/www.cuerdasvalero.com\\\/fr\\\/#organization\"},\"potentialAction\":[{\"@type\":\"SearchAction\",\"target\":{\"@type\":\"EntryPoint\",\"urlTemplate\":\"https:\\\/\\\/www.cuerdasvalero.com\\\/fr\\\/?s={search_term_string}\"},\"query-input\":{\"@type\":\"PropertyValueSpecification\",\"valueRequired\":true,\"valueName\":\"search_term_string\"}}],\"inLanguage\":\"fr-FR\"},{\"@type\":\"Organization\",\"@id\":\"https:\\\/\\\/www.cuerdasvalero.com\\\/fr\\\/#organization\",\"name\":\"Cuerdas Valero\",\"url\":\"https:\\\/\\\/www.cuerdasvalero.com\\\/fr\\\/\",\"logo\":{\"@type\":\"ImageObject\",\"inLanguage\":\"fr-FR\",\"@id\":\"https:\\\/\\\/www.cuerdasvalero.com\\\/fr\\\/#\\\/schema\\\/logo\\\/image\\\/\",\"url\":\"https:\\\/\\\/www.cuerdasvalero.com\\\/wp-content\\\/uploads\\\/2020\\\/04\\\/cuerdas-valero-logo-.jpg\",\"contentUrl\":\"https:\\\/\\\/www.cuerdasvalero.com\\\/wp-content\\\/uploads\\\/2020\\\/04\\\/cuerdas-valero-logo-.jpg\",\"width\":196,\"height\":139,\"caption\":\"Cuerdas Valero\"},\"image\":{\"@id\":\"https:\\\/\\\/www.cuerdasvalero.com\\\/fr\\\/#\\\/schema\\\/logo\\\/image\\\/\"},\"sameAs\":[\"https:\\\/\\\/www.facebook.com\\\/CuerdasValero\\\/\"]}]}<\/script>\n<!-- \/ Yoast SEO plugin. -->","yoast_head_json":{"title":"Bobine cordon en polypropyl\u00e8ne tress\u00e9 - Cuerdas Valero","robots":{"index":"index","follow":"follow","max-snippet":"max-snippet:-1","max-image-preview":"max-image-preview:large","max-video-preview":"max-video-preview:-1"},"canonical":"https:\/\/www.cuerdasvalero.com\/fr\/produit\/bobine-cordon-en-polypropylene-tresse\/","og_locale":"fr_FR","og_type":"article","og_title":"Bobine cordon en polypropyl\u00e8ne tress\u00e9 - Cuerdas Valero","og_description":"Cordon de polypropyl\u00e8ne tress\u00e9 de 3 m\/m de diam\u00e8tre, au toucher textile et \u00e0 la manipulation tr\u00e8s docile, destin\u00e9 \u00e0 \u00eatre utilis\u00e9 dans le bricolage, la construction, la plomberie, le jardinage, les tringles \u00e0 rideaux, l'artisanat et la signalisation. Il est pr\u00e9sent\u00e9 en bobines \u00e0 200 m\u00e8tres en camouflage rouge, bleu, vert, noir, vert, blanc, jaune, brun, orange, bleu marine, beige, mauve et rose.","og_url":"https:\/\/www.cuerdasvalero.com\/fr\/produit\/bobine-cordon-en-polypropylene-tresse\/","og_site_name":"Cuerdas Valero","article_publisher":"https:\/\/www.facebook.com\/CuerdasValero\/","article_modified_time":"2021-07-04T11:47:37+00:00","og_image":[{"width":1861,"height":1245,"url":"https:\/\/www.cuerdasvalero.com\/wp-content\/uploads\/2018\/07\/Riel-color2.jpg","type":"image\/jpeg"}],"twitter_card":"summary_large_image","schema":{"@context":"https:\/\/schema.org","@graph":[{"@type":"WebPage","@id":"https:\/\/www.cuerdasvalero.com\/fr\/produit\/bobine-cordon-en-polypropylene-tresse\/","url":"https:\/\/www.cuerdasvalero.com\/fr\/produit\/bobine-cordon-en-polypropylene-tresse\/","name":"Bobine cordon en polypropyl\u00e8ne tress\u00e9 - Cuerdas Valero","isPartOf":{"@id":"https:\/\/www.cuerdasvalero.com\/fr\/#website"},"primaryImageOfPage":{"@id":"https:\/\/www.cuerdasvalero.com\/fr\/produit\/bobine-cordon-en-polypropylene-tresse\/#primaryimage"},"image":{"@id":"https:\/\/www.cuerdasvalero.com\/fr\/produit\/bobine-cordon-en-polypropylene-tresse\/#primaryimage"},"thumbnailUrl":"https:\/\/www.cuerdasvalero.com\/wp-content\/uploads\/2018\/07\/Riel-color2.jpg","datePublished":"2018-07-05T11:19:58+00:00","dateModified":"2021-07-04T11:47:37+00:00","breadcrumb":{"@id":"https:\/\/www.cuerdasvalero.com\/fr\/produit\/bobine-cordon-en-polypropylene-tresse\/#breadcrumb"},"inLanguage":"fr-FR","potentialAction":[{"@type":"ReadAction","target":["https:\/\/www.cuerdasvalero.com\/fr\/produit\/bobine-cordon-en-polypropylene-tresse\/"]}]},{"@type":"ImageObject","inLanguage":"fr-FR","@id":"https:\/\/www.cuerdasvalero.com\/fr\/produit\/bobine-cordon-en-polypropylene-tresse\/#primaryimage","url":"https:\/\/www.cuerdasvalero.com\/wp-content\/uploads\/2018\/07\/Riel-color2.jpg","contentUrl":"https:\/\/www.cuerdasvalero.com\/wp-content\/uploads\/2018\/07\/Riel-color2.jpg","width":1861,"height":1245},{"@type":"BreadcrumbList","@id":"https:\/\/www.cuerdasvalero.com\/fr\/produit\/bobine-cordon-en-polypropylene-tresse\/#breadcrumb","itemListElement":[{"@type":"ListItem","position":1,"name":"Inicio","item":"https:\/\/www.cuerdasvalero.com\/fr\/"},{"@type":"ListItem","position":2,"name":"Tienda","item":"https:\/\/www.cuerdasvalero.com\/tienda\/"},{"@type":"ListItem","position":3,"name":"Bobine cordon en polypropyl\u00e8ne tress\u00e9"}]},{"@type":"WebSite","@id":"https:\/\/www.cuerdasvalero.com\/fr\/#website","url":"https:\/\/www.cuerdasvalero.com\/fr\/","name":"Cuerdas Valero","description":"","publisher":{"@id":"https:\/\/www.cuerdasvalero.com\/fr\/#organization"},"potentialAction":[{"@type":"SearchAction","target":{"@type":"EntryPoint","urlTemplate":"https:\/\/www.cuerdasvalero.com\/fr\/?s={search_term_string}"},"query-input":{"@type":"PropertyValueSpecification","valueRequired":true,"valueName":"search_term_string"}}],"inLanguage":"fr-FR"},{"@type":"Organization","@id":"https:\/\/www.cuerdasvalero.com\/fr\/#organization","name":"Cuerdas Valero","url":"https:\/\/www.cuerdasvalero.com\/fr\/","logo":{"@type":"ImageObject","inLanguage":"fr-FR","@id":"https:\/\/www.cuerdasvalero.com\/fr\/#\/schema\/logo\/image\/","url":"https:\/\/www.cuerdasvalero.com\/wp-content\/uploads\/2020\/04\/cuerdas-valero-logo-.jpg","contentUrl":"https:\/\/www.cuerdasvalero.com\/wp-content\/uploads\/2020\/04\/cuerdas-valero-logo-.jpg","width":196,"height":139,"caption":"Cuerdas Valero"},"image":{"@id":"https:\/\/www.cuerdasvalero.com\/fr\/#\/schema\/logo\/image\/"},"sameAs":["https:\/\/www.facebook.com\/CuerdasValero\/"]}]}},"_links":{"self":[{"href":"https:\/\/www.cuerdasvalero.com\/fr\/wp-json\/wp\/v2\/product\/6901","targetHints":{"allow":["GET"]}}],"collection":[{"href":"https:\/\/www.cuerdasvalero.com\/fr\/wp-json\/wp\/v2\/product"}],"about":[{"href":"https:\/\/www.cuerdasvalero.com\/fr\/wp-json\/wp\/v2\/types\/product"}],"wp:featuredmedia":[{"embeddable":true,"href":"https:\/\/www.cuerdasvalero.com\/fr\/wp-json\/wp\/v2\/media\/6662"}],"wp:attachment":[{"href":"https:\/\/www.cuerdasvalero.com\/fr\/wp-json\/wp\/v2\/media?parent=6901"}],"wp:term":[{"taxonomy":"product_brand","embeddable":true,"href":"https:\/\/www.cuerdasvalero.com\/fr\/wp-json\/wp\/v2\/product_brand?post=6901"},{"taxonomy":"product_cat","embeddable":true,"href":"https:\/\/www.cuerdasvalero.com\/fr\/wp-json\/wp\/v2\/product_cat?post=6901"},{"taxonomy":"product_tag","embeddable":true,"href":"https:\/\/www.cuerdasvalero.com\/fr\/wp-json\/wp\/v2\/product_tag?post=6901"}],"curies":[{"name":"wp","href":"https:\/\/api.w.org\/{rel}","templated":true}]}}