{"id":6900,"date":"2018-07-05T11:32:36","date_gmt":"2018-07-05T11:32:36","guid":{"rendered":"https:\/\/www.cuerdasvalero.com\/producto\/tresse-en-polypropylene-8842\/"},"modified":"2021-07-04T11:44:18","modified_gmt":"2021-07-04T11:44:18","slug":"tresse-en-polypropylene-8842","status":"publish","type":"product","link":"https:\/\/www.cuerdasvalero.com\/fr\/produit\/tresse-en-polypropylene-8842\/","title":{"rendered":"Tresse en polypropyl\u00e8ne\/8842"},"content":{"rendered":"","protected":false},"excerpt":{"rendered":"<p>Tresse en polypropyl\u00e8ne\/8842 de 1&rsquo;8 m\/m, destin\u00e9e \u00e0 la ma\u00e7onnerie, au bricolage, \u00e0 la construction, \u00e0 la plomberie, \u00e0 l&rsquo;artisanat, au cisaillement, \u00e0 l&#8217;emballage, au jardinage&#8230;<br \/>\nDisponible en bobines \u00e0 100, 200 et 500 m\u00e8tres. En blanc, vert, bleu, noir, rose, beige, jaune, rouge, brun et orange. Avec une r\u00e9sistance de 48 kg environ.<\/p>\n","protected":false},"featured_media":6490,"template":"","meta":[],"product_brand":[],"product_cat":[61],"product_tag":[],"class_list":{"0":"post-6900","1":"product","2":"type-product","3":"status-publish","4":"has-post-thumbnail","6":"product_cat-cordes-en-polypropylene","8":"first","9":"instock","10":"taxable","11":"shipping-taxable","12":"purchasable","13":"product-type-variable"},"yoast_head":"<!-- This site is optimized with the Yoast SEO plugin v27.5 - https:\/\/yoast.com\/product\/yoast-seo-wordpress\/ -->\n<title>Tresse en polypropyl\u00e8ne\/8842 - Cuerdas Valero<\/title>\n<meta name=\"robots\" content=\"index, follow, max-snippet:-1, max-image-preview:large, max-video-preview:-1\" \/>\n<link rel=\"canonical\" href=\"https:\/\/www.cuerdasvalero.com\/fr\/produit\/tresse-en-polypropylene-8842\/\" \/>\n<meta property=\"og:locale\" content=\"fr_FR\" \/>\n<meta property=\"og:type\" content=\"article\" \/>\n<meta property=\"og:title\" content=\"Tresse en polypropyl\u00e8ne\/8842 - Cuerdas Valero\" \/>\n<meta property=\"og:description\" content=\"Tresse en polypropyl\u00e8ne\/8842 de 1&#039;8 m\/m, destin\u00e9e \u00e0 la ma\u00e7onnerie, au bricolage, \u00e0 la construction, \u00e0 la plomberie, \u00e0 l&#039;artisanat, au cisaillement, \u00e0 l&#039;emballage, au jardinage... Disponible en bobines \u00e0 100, 200 et 500 m\u00e8tres. En blanc, vert, bleu, noir, rose, beige, jaune, rouge, brun et orange. Avec une r\u00e9sistance de 48 kg environ.\" \/>\n<meta property=\"og:url\" content=\"https:\/\/www.cuerdasvalero.com\/fr\/produit\/tresse-en-polypropylene-8842\/\" \/>\n<meta property=\"og:site_name\" content=\"Cuerdas Valero\" \/>\n<meta property=\"article:publisher\" content=\"https:\/\/www.facebook.com\/CuerdasValero\/\" \/>\n<meta property=\"article:modified_time\" content=\"2021-07-04T11:44:18+00:00\" \/>\n<meta property=\"og:image\" content=\"https:\/\/www.cuerdasvalero.com\/wp-content\/uploads\/2018\/07\/cuerda-de-polipropileno.jpg\" \/>\n\t<meta property=\"og:image:width\" content=\"900\" \/>\n\t<meta property=\"og:image:height\" content=\"564\" \/>\n\t<meta property=\"og:image:type\" content=\"image\/jpeg\" \/>\n<meta name=\"twitter:card\" content=\"summary_large_image\" \/>\n<script type=\"application\/ld+json\" class=\"yoast-schema-graph\">{\"@context\":\"https:\\\/\\\/schema.org\",\"@graph\":[{\"@type\":\"WebPage\",\"@id\":\"https:\\\/\\\/www.cuerdasvalero.com\\\/fr\\\/produit\\\/tresse-en-polypropylene-8842\\\/\",\"url\":\"https:\\\/\\\/www.cuerdasvalero.com\\\/fr\\\/produit\\\/tresse-en-polypropylene-8842\\\/\",\"name\":\"Tresse en polypropyl\u00e8ne\\\/8842 - Cuerdas Valero\",\"isPartOf\":{\"@id\":\"https:\\\/\\\/www.cuerdasvalero.com\\\/fr\\\/#website\"},\"primaryImageOfPage\":{\"@id\":\"https:\\\/\\\/www.cuerdasvalero.com\\\/fr\\\/produit\\\/tresse-en-polypropylene-8842\\\/#primaryimage\"},\"image\":{\"@id\":\"https:\\\/\\\/www.cuerdasvalero.com\\\/fr\\\/produit\\\/tresse-en-polypropylene-8842\\\/#primaryimage\"},\"thumbnailUrl\":\"https:\\\/\\\/www.cuerdasvalero.com\\\/wp-content\\\/uploads\\\/2018\\\/07\\\/cuerda-de-polipropileno.jpg\",\"datePublished\":\"2018-07-05T11:32:36+00:00\",\"dateModified\":\"2021-07-04T11:44:18+00:00\",\"breadcrumb\":{\"@id\":\"https:\\\/\\\/www.cuerdasvalero.com\\\/fr\\\/produit\\\/tresse-en-polypropylene-8842\\\/#breadcrumb\"},\"inLanguage\":\"fr-FR\",\"potentialAction\":[{\"@type\":\"ReadAction\",\"target\":[\"https:\\\/\\\/www.cuerdasvalero.com\\\/fr\\\/produit\\\/tresse-en-polypropylene-8842\\\/\"]}]},{\"@type\":\"ImageObject\",\"inLanguage\":\"fr-FR\",\"@id\":\"https:\\\/\\\/www.cuerdasvalero.com\\\/fr\\\/produit\\\/tresse-en-polypropylene-8842\\\/#primaryimage\",\"url\":\"https:\\\/\\\/www.cuerdasvalero.com\\\/wp-content\\\/uploads\\\/2018\\\/07\\\/cuerda-de-polipropileno.jpg\",\"contentUrl\":\"https:\\\/\\\/www.cuerdasvalero.com\\\/wp-content\\\/uploads\\\/2018\\\/07\\\/cuerda-de-polipropileno.jpg\",\"width\":900,\"height\":564},{\"@type\":\"BreadcrumbList\",\"@id\":\"https:\\\/\\\/www.cuerdasvalero.com\\\/fr\\\/produit\\\/tresse-en-polypropylene-8842\\\/#breadcrumb\",\"itemListElement\":[{\"@type\":\"ListItem\",\"position\":1,\"name\":\"Inicio\",\"item\":\"https:\\\/\\\/www.cuerdasvalero.com\\\/fr\\\/\"},{\"@type\":\"ListItem\",\"position\":2,\"name\":\"Tienda\",\"item\":\"https:\\\/\\\/www.cuerdasvalero.com\\\/tienda\\\/\"},{\"@type\":\"ListItem\",\"position\":3,\"name\":\"Tresse en polypropyl\u00e8ne\\\/8842\"}]},{\"@type\":\"WebSite\",\"@id\":\"https:\\\/\\\/www.cuerdasvalero.com\\\/fr\\\/#website\",\"url\":\"https:\\\/\\\/www.cuerdasvalero.com\\\/fr\\\/\",\"name\":\"Cuerdas Valero\",\"description\":\"\",\"publisher\":{\"@id\":\"https:\\\/\\\/www.cuerdasvalero.com\\\/fr\\\/#organization\"},\"potentialAction\":[{\"@type\":\"SearchAction\",\"target\":{\"@type\":\"EntryPoint\",\"urlTemplate\":\"https:\\\/\\\/www.cuerdasvalero.com\\\/fr\\\/?s={search_term_string}\"},\"query-input\":{\"@type\":\"PropertyValueSpecification\",\"valueRequired\":true,\"valueName\":\"search_term_string\"}}],\"inLanguage\":\"fr-FR\"},{\"@type\":\"Organization\",\"@id\":\"https:\\\/\\\/www.cuerdasvalero.com\\\/fr\\\/#organization\",\"name\":\"Cuerdas Valero\",\"url\":\"https:\\\/\\\/www.cuerdasvalero.com\\\/fr\\\/\",\"logo\":{\"@type\":\"ImageObject\",\"inLanguage\":\"fr-FR\",\"@id\":\"https:\\\/\\\/www.cuerdasvalero.com\\\/fr\\\/#\\\/schema\\\/logo\\\/image\\\/\",\"url\":\"https:\\\/\\\/www.cuerdasvalero.com\\\/wp-content\\\/uploads\\\/2020\\\/04\\\/cuerdas-valero-logo-.jpg\",\"contentUrl\":\"https:\\\/\\\/www.cuerdasvalero.com\\\/wp-content\\\/uploads\\\/2020\\\/04\\\/cuerdas-valero-logo-.jpg\",\"width\":196,\"height\":139,\"caption\":\"Cuerdas Valero\"},\"image\":{\"@id\":\"https:\\\/\\\/www.cuerdasvalero.com\\\/fr\\\/#\\\/schema\\\/logo\\\/image\\\/\"},\"sameAs\":[\"https:\\\/\\\/www.facebook.com\\\/CuerdasValero\\\/\"]}]}<\/script>\n<!-- \/ Yoast SEO plugin. -->","yoast_head_json":{"title":"Tresse en polypropyl\u00e8ne\/8842 - Cuerdas Valero","robots":{"index":"index","follow":"follow","max-snippet":"max-snippet:-1","max-image-preview":"max-image-preview:large","max-video-preview":"max-video-preview:-1"},"canonical":"https:\/\/www.cuerdasvalero.com\/fr\/produit\/tresse-en-polypropylene-8842\/","og_locale":"fr_FR","og_type":"article","og_title":"Tresse en polypropyl\u00e8ne\/8842 - Cuerdas Valero","og_description":"Tresse en polypropyl\u00e8ne\/8842 de 1'8 m\/m, destin\u00e9e \u00e0 la ma\u00e7onnerie, au bricolage, \u00e0 la construction, \u00e0 la plomberie, \u00e0 l'artisanat, au cisaillement, \u00e0 l'emballage, au jardinage... Disponible en bobines \u00e0 100, 200 et 500 m\u00e8tres. En blanc, vert, bleu, noir, rose, beige, jaune, rouge, brun et orange. Avec une r\u00e9sistance de 48 kg environ.","og_url":"https:\/\/www.cuerdasvalero.com\/fr\/produit\/tresse-en-polypropylene-8842\/","og_site_name":"Cuerdas Valero","article_publisher":"https:\/\/www.facebook.com\/CuerdasValero\/","article_modified_time":"2021-07-04T11:44:18+00:00","og_image":[{"width":900,"height":564,"url":"https:\/\/www.cuerdasvalero.com\/wp-content\/uploads\/2018\/07\/cuerda-de-polipropileno.jpg","type":"image\/jpeg"}],"twitter_card":"summary_large_image","schema":{"@context":"https:\/\/schema.org","@graph":[{"@type":"WebPage","@id":"https:\/\/www.cuerdasvalero.com\/fr\/produit\/tresse-en-polypropylene-8842\/","url":"https:\/\/www.cuerdasvalero.com\/fr\/produit\/tresse-en-polypropylene-8842\/","name":"Tresse en polypropyl\u00e8ne\/8842 - Cuerdas Valero","isPartOf":{"@id":"https:\/\/www.cuerdasvalero.com\/fr\/#website"},"primaryImageOfPage":{"@id":"https:\/\/www.cuerdasvalero.com\/fr\/produit\/tresse-en-polypropylene-8842\/#primaryimage"},"image":{"@id":"https:\/\/www.cuerdasvalero.com\/fr\/produit\/tresse-en-polypropylene-8842\/#primaryimage"},"thumbnailUrl":"https:\/\/www.cuerdasvalero.com\/wp-content\/uploads\/2018\/07\/cuerda-de-polipropileno.jpg","datePublished":"2018-07-05T11:32:36+00:00","dateModified":"2021-07-04T11:44:18+00:00","breadcrumb":{"@id":"https:\/\/www.cuerdasvalero.com\/fr\/produit\/tresse-en-polypropylene-8842\/#breadcrumb"},"inLanguage":"fr-FR","potentialAction":[{"@type":"ReadAction","target":["https:\/\/www.cuerdasvalero.com\/fr\/produit\/tresse-en-polypropylene-8842\/"]}]},{"@type":"ImageObject","inLanguage":"fr-FR","@id":"https:\/\/www.cuerdasvalero.com\/fr\/produit\/tresse-en-polypropylene-8842\/#primaryimage","url":"https:\/\/www.cuerdasvalero.com\/wp-content\/uploads\/2018\/07\/cuerda-de-polipropileno.jpg","contentUrl":"https:\/\/www.cuerdasvalero.com\/wp-content\/uploads\/2018\/07\/cuerda-de-polipropileno.jpg","width":900,"height":564},{"@type":"BreadcrumbList","@id":"https:\/\/www.cuerdasvalero.com\/fr\/produit\/tresse-en-polypropylene-8842\/#breadcrumb","itemListElement":[{"@type":"ListItem","position":1,"name":"Inicio","item":"https:\/\/www.cuerdasvalero.com\/fr\/"},{"@type":"ListItem","position":2,"name":"Tienda","item":"https:\/\/www.cuerdasvalero.com\/tienda\/"},{"@type":"ListItem","position":3,"name":"Tresse en polypropyl\u00e8ne\/8842"}]},{"@type":"WebSite","@id":"https:\/\/www.cuerdasvalero.com\/fr\/#website","url":"https:\/\/www.cuerdasvalero.com\/fr\/","name":"Cuerdas Valero","description":"","publisher":{"@id":"https:\/\/www.cuerdasvalero.com\/fr\/#organization"},"potentialAction":[{"@type":"SearchAction","target":{"@type":"EntryPoint","urlTemplate":"https:\/\/www.cuerdasvalero.com\/fr\/?s={search_term_string}"},"query-input":{"@type":"PropertyValueSpecification","valueRequired":true,"valueName":"search_term_string"}}],"inLanguage":"fr-FR"},{"@type":"Organization","@id":"https:\/\/www.cuerdasvalero.com\/fr\/#organization","name":"Cuerdas Valero","url":"https:\/\/www.cuerdasvalero.com\/fr\/","logo":{"@type":"ImageObject","inLanguage":"fr-FR","@id":"https:\/\/www.cuerdasvalero.com\/fr\/#\/schema\/logo\/image\/","url":"https:\/\/www.cuerdasvalero.com\/wp-content\/uploads\/2020\/04\/cuerdas-valero-logo-.jpg","contentUrl":"https:\/\/www.cuerdasvalero.com\/wp-content\/uploads\/2020\/04\/cuerdas-valero-logo-.jpg","width":196,"height":139,"caption":"Cuerdas Valero"},"image":{"@id":"https:\/\/www.cuerdasvalero.com\/fr\/#\/schema\/logo\/image\/"},"sameAs":["https:\/\/www.facebook.com\/CuerdasValero\/"]}]}},"_links":{"self":[{"href":"https:\/\/www.cuerdasvalero.com\/fr\/wp-json\/wp\/v2\/product\/6900","targetHints":{"allow":["GET"]}}],"collection":[{"href":"https:\/\/www.cuerdasvalero.com\/fr\/wp-json\/wp\/v2\/product"}],"about":[{"href":"https:\/\/www.cuerdasvalero.com\/fr\/wp-json\/wp\/v2\/types\/product"}],"wp:featuredmedia":[{"embeddable":true,"href":"https:\/\/www.cuerdasvalero.com\/fr\/wp-json\/wp\/v2\/media\/6490"}],"wp:attachment":[{"href":"https:\/\/www.cuerdasvalero.com\/fr\/wp-json\/wp\/v2\/media?parent=6900"}],"wp:term":[{"taxonomy":"product_brand","embeddable":true,"href":"https:\/\/www.cuerdasvalero.com\/fr\/wp-json\/wp\/v2\/product_brand?post=6900"},{"taxonomy":"product_cat","embeddable":true,"href":"https:\/\/www.cuerdasvalero.com\/fr\/wp-json\/wp\/v2\/product_cat?post=6900"},{"taxonomy":"product_tag","embeddable":true,"href":"https:\/\/www.cuerdasvalero.com\/fr\/wp-json\/wp\/v2\/product_tag?post=6900"}],"curies":[{"name":"wp","href":"https:\/\/api.w.org\/{rel}","templated":true}]}}