{"id":6893,"date":"2018-07-05T16:00:13","date_gmt":"2018-07-05T16:00:13","guid":{"rendered":"https:\/\/www.cuerdasvalero.com\/producto\/sandows-elastique-plat\/"},"modified":"2021-07-04T11:59:56","modified_gmt":"2021-07-04T11:59:56","slug":"sandows-elastique-plat","status":"publish","type":"product","link":"https:\/\/www.cuerdasvalero.com\/fr\/produit\/sandows-elastique-plat\/","title":{"rendered":"Sandows \u00e9lastique plat"},"content":{"rendered":"","protected":false},"excerpt":{"rendered":"<p>Sandows plats de 1, 1,5 et 2 m\u00e8tres de long avec un \u00e9lastique de 18 m\/m et un crochet plat en acier.<br \/>\nTous le Sandows sont indiqu\u00e9es pour maintenir en position, jamais pour la fixer, car ce sont des produits \u00e9lastiques.<br \/>\nA utiliser pour tenir des objets sur les motos, voitures, v\u00e9los, camions, bateaux&#8230;<\/p>\n","protected":false},"featured_media":6987,"template":"","meta":[],"product_brand":[],"product_cat":[70],"product_tag":[],"class_list":{"0":"post-6893","1":"product","2":"type-product","3":"status-publish","4":"has-post-thumbnail","6":"product_cat-sandows-elastiques-tendeurs","8":"first","9":"instock","10":"taxable","11":"shipping-taxable","12":"purchasable","13":"product-type-variable"},"yoast_head":"<!-- This site is optimized with the Yoast SEO plugin v27.5 - https:\/\/yoast.com\/product\/yoast-seo-wordpress\/ -->\n<title>Sandows \u00e9lastique plat - Cuerdas Valero<\/title>\n<meta name=\"robots\" content=\"index, follow, max-snippet:-1, max-image-preview:large, max-video-preview:-1\" \/>\n<link rel=\"canonical\" href=\"https:\/\/www.cuerdasvalero.com\/fr\/produit\/sandows-elastique-plat\/\" \/>\n<meta property=\"og:locale\" content=\"fr_FR\" \/>\n<meta property=\"og:type\" content=\"article\" \/>\n<meta property=\"og:title\" content=\"Sandows \u00e9lastique plat - Cuerdas Valero\" \/>\n<meta property=\"og:description\" content=\"Sandows plats de 1, 1,5 et 2 m\u00e8tres de long avec un \u00e9lastique de 18 m\/m et un crochet plat en acier. Tous le Sandows sont indiqu\u00e9es pour maintenir en position, jamais pour la fixer, car ce sont des produits \u00e9lastiques. A utiliser pour tenir des objets sur les motos, voitures, v\u00e9los, camions, bateaux...\" \/>\n<meta property=\"og:url\" content=\"https:\/\/www.cuerdasvalero.com\/fr\/produit\/sandows-elastique-plat\/\" \/>\n<meta property=\"og:site_name\" content=\"Cuerdas Valero\" \/>\n<meta property=\"article:publisher\" content=\"https:\/\/www.facebook.com\/CuerdasValero\/\" \/>\n<meta property=\"article:modified_time\" content=\"2021-07-04T11:59:56+00:00\" \/>\n<meta property=\"og:image\" content=\"https:\/\/www.cuerdasvalero.com\/wp-content\/uploads\/2018\/07\/Pulpo-plano-1-scaled.jpg\" \/>\n\t<meta property=\"og:image:width\" content=\"2560\" \/>\n\t<meta property=\"og:image:height\" content=\"2074\" \/>\n\t<meta property=\"og:image:type\" content=\"image\/jpeg\" \/>\n<meta name=\"twitter:card\" content=\"summary_large_image\" \/>\n<script type=\"application\/ld+json\" class=\"yoast-schema-graph\">{\"@context\":\"https:\\\/\\\/schema.org\",\"@graph\":[{\"@type\":\"WebPage\",\"@id\":\"https:\\\/\\\/www.cuerdasvalero.com\\\/fr\\\/produit\\\/sandows-elastique-plat\\\/\",\"url\":\"https:\\\/\\\/www.cuerdasvalero.com\\\/fr\\\/produit\\\/sandows-elastique-plat\\\/\",\"name\":\"Sandows \u00e9lastique plat - Cuerdas Valero\",\"isPartOf\":{\"@id\":\"https:\\\/\\\/www.cuerdasvalero.com\\\/fr\\\/#website\"},\"primaryImageOfPage\":{\"@id\":\"https:\\\/\\\/www.cuerdasvalero.com\\\/fr\\\/produit\\\/sandows-elastique-plat\\\/#primaryimage\"},\"image\":{\"@id\":\"https:\\\/\\\/www.cuerdasvalero.com\\\/fr\\\/produit\\\/sandows-elastique-plat\\\/#primaryimage\"},\"thumbnailUrl\":\"https:\\\/\\\/www.cuerdasvalero.com\\\/wp-content\\\/uploads\\\/2018\\\/07\\\/Pulpo-plano-1-scaled.jpg\",\"datePublished\":\"2018-07-05T16:00:13+00:00\",\"dateModified\":\"2021-07-04T11:59:56+00:00\",\"breadcrumb\":{\"@id\":\"https:\\\/\\\/www.cuerdasvalero.com\\\/fr\\\/produit\\\/sandows-elastique-plat\\\/#breadcrumb\"},\"inLanguage\":\"fr-FR\",\"potentialAction\":[{\"@type\":\"ReadAction\",\"target\":[\"https:\\\/\\\/www.cuerdasvalero.com\\\/fr\\\/produit\\\/sandows-elastique-plat\\\/\"]}]},{\"@type\":\"ImageObject\",\"inLanguage\":\"fr-FR\",\"@id\":\"https:\\\/\\\/www.cuerdasvalero.com\\\/fr\\\/produit\\\/sandows-elastique-plat\\\/#primaryimage\",\"url\":\"https:\\\/\\\/www.cuerdasvalero.com\\\/wp-content\\\/uploads\\\/2018\\\/07\\\/Pulpo-plano-1-scaled.jpg\",\"contentUrl\":\"https:\\\/\\\/www.cuerdasvalero.com\\\/wp-content\\\/uploads\\\/2018\\\/07\\\/Pulpo-plano-1-scaled.jpg\",\"width\":2560,\"height\":2074},{\"@type\":\"BreadcrumbList\",\"@id\":\"https:\\\/\\\/www.cuerdasvalero.com\\\/fr\\\/produit\\\/sandows-elastique-plat\\\/#breadcrumb\",\"itemListElement\":[{\"@type\":\"ListItem\",\"position\":1,\"name\":\"Inicio\",\"item\":\"https:\\\/\\\/www.cuerdasvalero.com\\\/fr\\\/\"},{\"@type\":\"ListItem\",\"position\":2,\"name\":\"Tienda\",\"item\":\"https:\\\/\\\/www.cuerdasvalero.com\\\/tienda\\\/\"},{\"@type\":\"ListItem\",\"position\":3,\"name\":\"Sandows \u00e9lastique plat\"}]},{\"@type\":\"WebSite\",\"@id\":\"https:\\\/\\\/www.cuerdasvalero.com\\\/fr\\\/#website\",\"url\":\"https:\\\/\\\/www.cuerdasvalero.com\\\/fr\\\/\",\"name\":\"Cuerdas Valero\",\"description\":\"\",\"publisher\":{\"@id\":\"https:\\\/\\\/www.cuerdasvalero.com\\\/fr\\\/#organization\"},\"potentialAction\":[{\"@type\":\"SearchAction\",\"target\":{\"@type\":\"EntryPoint\",\"urlTemplate\":\"https:\\\/\\\/www.cuerdasvalero.com\\\/fr\\\/?s={search_term_string}\"},\"query-input\":{\"@type\":\"PropertyValueSpecification\",\"valueRequired\":true,\"valueName\":\"search_term_string\"}}],\"inLanguage\":\"fr-FR\"},{\"@type\":\"Organization\",\"@id\":\"https:\\\/\\\/www.cuerdasvalero.com\\\/fr\\\/#organization\",\"name\":\"Cuerdas Valero\",\"url\":\"https:\\\/\\\/www.cuerdasvalero.com\\\/fr\\\/\",\"logo\":{\"@type\":\"ImageObject\",\"inLanguage\":\"fr-FR\",\"@id\":\"https:\\\/\\\/www.cuerdasvalero.com\\\/fr\\\/#\\\/schema\\\/logo\\\/image\\\/\",\"url\":\"https:\\\/\\\/www.cuerdasvalero.com\\\/wp-content\\\/uploads\\\/2020\\\/04\\\/cuerdas-valero-logo-.jpg\",\"contentUrl\":\"https:\\\/\\\/www.cuerdasvalero.com\\\/wp-content\\\/uploads\\\/2020\\\/04\\\/cuerdas-valero-logo-.jpg\",\"width\":196,\"height\":139,\"caption\":\"Cuerdas Valero\"},\"image\":{\"@id\":\"https:\\\/\\\/www.cuerdasvalero.com\\\/fr\\\/#\\\/schema\\\/logo\\\/image\\\/\"},\"sameAs\":[\"https:\\\/\\\/www.facebook.com\\\/CuerdasValero\\\/\"]}]}<\/script>\n<!-- \/ Yoast SEO plugin. -->","yoast_head_json":{"title":"Sandows \u00e9lastique plat - Cuerdas Valero","robots":{"index":"index","follow":"follow","max-snippet":"max-snippet:-1","max-image-preview":"max-image-preview:large","max-video-preview":"max-video-preview:-1"},"canonical":"https:\/\/www.cuerdasvalero.com\/fr\/produit\/sandows-elastique-plat\/","og_locale":"fr_FR","og_type":"article","og_title":"Sandows \u00e9lastique plat - Cuerdas Valero","og_description":"Sandows plats de 1, 1,5 et 2 m\u00e8tres de long avec un \u00e9lastique de 18 m\/m et un crochet plat en acier. Tous le Sandows sont indiqu\u00e9es pour maintenir en position, jamais pour la fixer, car ce sont des produits \u00e9lastiques. A utiliser pour tenir des objets sur les motos, voitures, v\u00e9los, camions, bateaux...","og_url":"https:\/\/www.cuerdasvalero.com\/fr\/produit\/sandows-elastique-plat\/","og_site_name":"Cuerdas Valero","article_publisher":"https:\/\/www.facebook.com\/CuerdasValero\/","article_modified_time":"2021-07-04T11:59:56+00:00","og_image":[{"width":2560,"height":2074,"url":"https:\/\/www.cuerdasvalero.com\/wp-content\/uploads\/2018\/07\/Pulpo-plano-1-scaled.jpg","type":"image\/jpeg"}],"twitter_card":"summary_large_image","schema":{"@context":"https:\/\/schema.org","@graph":[{"@type":"WebPage","@id":"https:\/\/www.cuerdasvalero.com\/fr\/produit\/sandows-elastique-plat\/","url":"https:\/\/www.cuerdasvalero.com\/fr\/produit\/sandows-elastique-plat\/","name":"Sandows \u00e9lastique plat - Cuerdas Valero","isPartOf":{"@id":"https:\/\/www.cuerdasvalero.com\/fr\/#website"},"primaryImageOfPage":{"@id":"https:\/\/www.cuerdasvalero.com\/fr\/produit\/sandows-elastique-plat\/#primaryimage"},"image":{"@id":"https:\/\/www.cuerdasvalero.com\/fr\/produit\/sandows-elastique-plat\/#primaryimage"},"thumbnailUrl":"https:\/\/www.cuerdasvalero.com\/wp-content\/uploads\/2018\/07\/Pulpo-plano-1-scaled.jpg","datePublished":"2018-07-05T16:00:13+00:00","dateModified":"2021-07-04T11:59:56+00:00","breadcrumb":{"@id":"https:\/\/www.cuerdasvalero.com\/fr\/produit\/sandows-elastique-plat\/#breadcrumb"},"inLanguage":"fr-FR","potentialAction":[{"@type":"ReadAction","target":["https:\/\/www.cuerdasvalero.com\/fr\/produit\/sandows-elastique-plat\/"]}]},{"@type":"ImageObject","inLanguage":"fr-FR","@id":"https:\/\/www.cuerdasvalero.com\/fr\/produit\/sandows-elastique-plat\/#primaryimage","url":"https:\/\/www.cuerdasvalero.com\/wp-content\/uploads\/2018\/07\/Pulpo-plano-1-scaled.jpg","contentUrl":"https:\/\/www.cuerdasvalero.com\/wp-content\/uploads\/2018\/07\/Pulpo-plano-1-scaled.jpg","width":2560,"height":2074},{"@type":"BreadcrumbList","@id":"https:\/\/www.cuerdasvalero.com\/fr\/produit\/sandows-elastique-plat\/#breadcrumb","itemListElement":[{"@type":"ListItem","position":1,"name":"Inicio","item":"https:\/\/www.cuerdasvalero.com\/fr\/"},{"@type":"ListItem","position":2,"name":"Tienda","item":"https:\/\/www.cuerdasvalero.com\/tienda\/"},{"@type":"ListItem","position":3,"name":"Sandows \u00e9lastique plat"}]},{"@type":"WebSite","@id":"https:\/\/www.cuerdasvalero.com\/fr\/#website","url":"https:\/\/www.cuerdasvalero.com\/fr\/","name":"Cuerdas Valero","description":"","publisher":{"@id":"https:\/\/www.cuerdasvalero.com\/fr\/#organization"},"potentialAction":[{"@type":"SearchAction","target":{"@type":"EntryPoint","urlTemplate":"https:\/\/www.cuerdasvalero.com\/fr\/?s={search_term_string}"},"query-input":{"@type":"PropertyValueSpecification","valueRequired":true,"valueName":"search_term_string"}}],"inLanguage":"fr-FR"},{"@type":"Organization","@id":"https:\/\/www.cuerdasvalero.com\/fr\/#organization","name":"Cuerdas Valero","url":"https:\/\/www.cuerdasvalero.com\/fr\/","logo":{"@type":"ImageObject","inLanguage":"fr-FR","@id":"https:\/\/www.cuerdasvalero.com\/fr\/#\/schema\/logo\/image\/","url":"https:\/\/www.cuerdasvalero.com\/wp-content\/uploads\/2020\/04\/cuerdas-valero-logo-.jpg","contentUrl":"https:\/\/www.cuerdasvalero.com\/wp-content\/uploads\/2020\/04\/cuerdas-valero-logo-.jpg","width":196,"height":139,"caption":"Cuerdas Valero"},"image":{"@id":"https:\/\/www.cuerdasvalero.com\/fr\/#\/schema\/logo\/image\/"},"sameAs":["https:\/\/www.facebook.com\/CuerdasValero\/"]}]}},"_links":{"self":[{"href":"https:\/\/www.cuerdasvalero.com\/fr\/wp-json\/wp\/v2\/product\/6893","targetHints":{"allow":["GET"]}}],"collection":[{"href":"https:\/\/www.cuerdasvalero.com\/fr\/wp-json\/wp\/v2\/product"}],"about":[{"href":"https:\/\/www.cuerdasvalero.com\/fr\/wp-json\/wp\/v2\/types\/product"}],"wp:featuredmedia":[{"embeddable":true,"href":"https:\/\/www.cuerdasvalero.com\/fr\/wp-json\/wp\/v2\/media\/6987"}],"wp:attachment":[{"href":"https:\/\/www.cuerdasvalero.com\/fr\/wp-json\/wp\/v2\/media?parent=6893"}],"wp:term":[{"taxonomy":"product_brand","embeddable":true,"href":"https:\/\/www.cuerdasvalero.com\/fr\/wp-json\/wp\/v2\/product_brand?post=6893"},{"taxonomy":"product_cat","embeddable":true,"href":"https:\/\/www.cuerdasvalero.com\/fr\/wp-json\/wp\/v2\/product_cat?post=6893"},{"taxonomy":"product_tag","embeddable":true,"href":"https:\/\/www.cuerdasvalero.com\/fr\/wp-json\/wp\/v2\/product_tag?post=6893"}],"curies":[{"name":"wp","href":"https:\/\/api.w.org\/{rel}","templated":true}]}}