{"id":6886,"date":"2018-07-05T15:43:59","date_gmt":"2018-07-05T15:43:59","guid":{"rendered":"https:\/\/www.cuerdasvalero.com\/producto\/fil-de-raphia-pour-presse-a-balles-rondes\/"},"modified":"2018-07-05T15:43:59","modified_gmt":"2018-07-05T15:43:59","slug":"fil-de-raphia-pour-presse-a-balles-rondes","status":"publish","type":"product","link":"https:\/\/www.cuerdasvalero.com\/fr\/produit\/fil-de-raphia-pour-presse-a-balles-rondes\/","title":{"rendered":"Fil de raphia pour presse \u00e0 balles rondes"},"content":{"rendered":"","protected":false},"excerpt":{"rendered":"<p>Fil de rafia\/600 pour l&#8217;emballage de la marque \u00ab\u00a0LA BALANZA\u00a0\u00bb, il est pr\u00e9sent\u00e9 en balles de 10 kilos avec deux bobines de 5 kg. chacune et en couleur noire.<br \/>\nChaque rouleau mesure environ 3 000 m\u00e8tres de long.<br \/>\nFibres 100% polypropyl\u00e8ne r\u00e9sistant au gel et \u00e0 l&rsquo;humidit\u00e9 avec un \u00e9tirement minimal, non toxique pour l&rsquo;animal. 1\u00e8re qualit\u00e9 sans noeuds, non recycl\u00e9e.<br \/>\nPour utilisation dans les presses \u00e0 balles rondes et les emballages en g\u00e9n\u00e9ral.<\/p>\n","protected":false},"featured_media":6596,"template":"","meta":[],"product_brand":[],"product_cat":[68],"product_tag":[],"class_list":{"0":"post-6886","1":"product","2":"type-product","3":"status-publish","4":"has-post-thumbnail","6":"product_cat-fil-de-raphia","8":"first","9":"instock","10":"taxable","11":"shipping-taxable","12":"product-type-simple"},"yoast_head":"<!-- This site is optimized with the Yoast SEO plugin v27.5 - https:\/\/yoast.com\/product\/yoast-seo-wordpress\/ -->\n<title>Fil de raphia pour presse \u00e0 balles rondes - Cuerdas Valero<\/title>\n<meta name=\"robots\" content=\"index, follow, max-snippet:-1, max-image-preview:large, max-video-preview:-1\" \/>\n<link rel=\"canonical\" href=\"https:\/\/www.cuerdasvalero.com\/fr\/produit\/fil-de-raphia-pour-presse-a-balles-rondes\/\" \/>\n<meta property=\"og:locale\" content=\"fr_FR\" \/>\n<meta property=\"og:type\" content=\"article\" \/>\n<meta property=\"og:title\" content=\"Fil de raphia pour presse \u00e0 balles rondes - Cuerdas Valero\" \/>\n<meta property=\"og:description\" content=\"Fil de rafia\/600 pour l&#039;emballage de la marque &quot;LA BALANZA&quot;, il est pr\u00e9sent\u00e9 en balles de 10 kilos avec deux bobines de 5 kg. chacune et en couleur noire. Chaque rouleau mesure environ 3 000 m\u00e8tres de long. Fibres 100% polypropyl\u00e8ne r\u00e9sistant au gel et \u00e0 l&#039;humidit\u00e9 avec un \u00e9tirement minimal, non toxique pour l&#039;animal. 1\u00e8re qualit\u00e9 sans noeuds, non recycl\u00e9e. Pour utilisation dans les presses \u00e0 balles rondes et les emballages en g\u00e9n\u00e9ral.\" \/>\n<meta property=\"og:url\" content=\"https:\/\/www.cuerdasvalero.com\/fr\/produit\/fil-de-raphia-pour-presse-a-balles-rondes\/\" \/>\n<meta property=\"og:site_name\" content=\"Cuerdas Valero\" \/>\n<meta property=\"article:publisher\" content=\"https:\/\/www.facebook.com\/CuerdasValero\/\" \/>\n<meta property=\"og:image\" content=\"https:\/\/www.cuerdasvalero.com\/wp-content\/uploads\/2018\/07\/Rotoempacadora-valero.jpg\" \/>\n\t<meta property=\"og:image:width\" content=\"960\" \/>\n\t<meta property=\"og:image:height\" content=\"787\" \/>\n\t<meta property=\"og:image:type\" content=\"image\/jpeg\" \/>\n<meta name=\"twitter:card\" content=\"summary_large_image\" \/>\n<script type=\"application\/ld+json\" class=\"yoast-schema-graph\">{\"@context\":\"https:\\\/\\\/schema.org\",\"@graph\":[{\"@type\":\"WebPage\",\"@id\":\"https:\\\/\\\/www.cuerdasvalero.com\\\/fr\\\/produit\\\/fil-de-raphia-pour-presse-a-balles-rondes\\\/\",\"url\":\"https:\\\/\\\/www.cuerdasvalero.com\\\/fr\\\/produit\\\/fil-de-raphia-pour-presse-a-balles-rondes\\\/\",\"name\":\"Fil de raphia pour presse \u00e0 balles rondes - Cuerdas Valero\",\"isPartOf\":{\"@id\":\"https:\\\/\\\/www.cuerdasvalero.com\\\/fr\\\/#website\"},\"primaryImageOfPage\":{\"@id\":\"https:\\\/\\\/www.cuerdasvalero.com\\\/fr\\\/produit\\\/fil-de-raphia-pour-presse-a-balles-rondes\\\/#primaryimage\"},\"image\":{\"@id\":\"https:\\\/\\\/www.cuerdasvalero.com\\\/fr\\\/produit\\\/fil-de-raphia-pour-presse-a-balles-rondes\\\/#primaryimage\"},\"thumbnailUrl\":\"https:\\\/\\\/www.cuerdasvalero.com\\\/wp-content\\\/uploads\\\/2018\\\/07\\\/Rotoempacadora-valero.jpg\",\"datePublished\":\"2018-07-05T15:43:59+00:00\",\"breadcrumb\":{\"@id\":\"https:\\\/\\\/www.cuerdasvalero.com\\\/fr\\\/produit\\\/fil-de-raphia-pour-presse-a-balles-rondes\\\/#breadcrumb\"},\"inLanguage\":\"fr-FR\",\"potentialAction\":[{\"@type\":\"ReadAction\",\"target\":[\"https:\\\/\\\/www.cuerdasvalero.com\\\/fr\\\/produit\\\/fil-de-raphia-pour-presse-a-balles-rondes\\\/\"]}]},{\"@type\":\"ImageObject\",\"inLanguage\":\"fr-FR\",\"@id\":\"https:\\\/\\\/www.cuerdasvalero.com\\\/fr\\\/produit\\\/fil-de-raphia-pour-presse-a-balles-rondes\\\/#primaryimage\",\"url\":\"https:\\\/\\\/www.cuerdasvalero.com\\\/wp-content\\\/uploads\\\/2018\\\/07\\\/Rotoempacadora-valero.jpg\",\"contentUrl\":\"https:\\\/\\\/www.cuerdasvalero.com\\\/wp-content\\\/uploads\\\/2018\\\/07\\\/Rotoempacadora-valero.jpg\",\"width\":960,\"height\":787},{\"@type\":\"BreadcrumbList\",\"@id\":\"https:\\\/\\\/www.cuerdasvalero.com\\\/fr\\\/produit\\\/fil-de-raphia-pour-presse-a-balles-rondes\\\/#breadcrumb\",\"itemListElement\":[{\"@type\":\"ListItem\",\"position\":1,\"name\":\"Inicio\",\"item\":\"https:\\\/\\\/www.cuerdasvalero.com\\\/fr\\\/\"},{\"@type\":\"ListItem\",\"position\":2,\"name\":\"Tienda\",\"item\":\"https:\\\/\\\/www.cuerdasvalero.com\\\/tienda\\\/\"},{\"@type\":\"ListItem\",\"position\":3,\"name\":\"Fil de raphia pour presse \u00e0 balles rondes\"}]},{\"@type\":\"WebSite\",\"@id\":\"https:\\\/\\\/www.cuerdasvalero.com\\\/fr\\\/#website\",\"url\":\"https:\\\/\\\/www.cuerdasvalero.com\\\/fr\\\/\",\"name\":\"Cuerdas Valero\",\"description\":\"\",\"publisher\":{\"@id\":\"https:\\\/\\\/www.cuerdasvalero.com\\\/fr\\\/#organization\"},\"potentialAction\":[{\"@type\":\"SearchAction\",\"target\":{\"@type\":\"EntryPoint\",\"urlTemplate\":\"https:\\\/\\\/www.cuerdasvalero.com\\\/fr\\\/?s={search_term_string}\"},\"query-input\":{\"@type\":\"PropertyValueSpecification\",\"valueRequired\":true,\"valueName\":\"search_term_string\"}}],\"inLanguage\":\"fr-FR\"},{\"@type\":\"Organization\",\"@id\":\"https:\\\/\\\/www.cuerdasvalero.com\\\/fr\\\/#organization\",\"name\":\"Cuerdas Valero\",\"url\":\"https:\\\/\\\/www.cuerdasvalero.com\\\/fr\\\/\",\"logo\":{\"@type\":\"ImageObject\",\"inLanguage\":\"fr-FR\",\"@id\":\"https:\\\/\\\/www.cuerdasvalero.com\\\/fr\\\/#\\\/schema\\\/logo\\\/image\\\/\",\"url\":\"https:\\\/\\\/www.cuerdasvalero.com\\\/wp-content\\\/uploads\\\/2020\\\/04\\\/cuerdas-valero-logo-.jpg\",\"contentUrl\":\"https:\\\/\\\/www.cuerdasvalero.com\\\/wp-content\\\/uploads\\\/2020\\\/04\\\/cuerdas-valero-logo-.jpg\",\"width\":196,\"height\":139,\"caption\":\"Cuerdas Valero\"},\"image\":{\"@id\":\"https:\\\/\\\/www.cuerdasvalero.com\\\/fr\\\/#\\\/schema\\\/logo\\\/image\\\/\"},\"sameAs\":[\"https:\\\/\\\/www.facebook.com\\\/CuerdasValero\\\/\"]}]}<\/script>\n<!-- \/ Yoast SEO plugin. -->","yoast_head_json":{"title":"Fil de raphia pour presse \u00e0 balles rondes - Cuerdas Valero","robots":{"index":"index","follow":"follow","max-snippet":"max-snippet:-1","max-image-preview":"max-image-preview:large","max-video-preview":"max-video-preview:-1"},"canonical":"https:\/\/www.cuerdasvalero.com\/fr\/produit\/fil-de-raphia-pour-presse-a-balles-rondes\/","og_locale":"fr_FR","og_type":"article","og_title":"Fil de raphia pour presse \u00e0 balles rondes - Cuerdas Valero","og_description":"Fil de rafia\/600 pour l'emballage de la marque \"LA BALANZA\", il est pr\u00e9sent\u00e9 en balles de 10 kilos avec deux bobines de 5 kg. chacune et en couleur noire. Chaque rouleau mesure environ 3 000 m\u00e8tres de long. Fibres 100% polypropyl\u00e8ne r\u00e9sistant au gel et \u00e0 l'humidit\u00e9 avec un \u00e9tirement minimal, non toxique pour l'animal. 1\u00e8re qualit\u00e9 sans noeuds, non recycl\u00e9e. Pour utilisation dans les presses \u00e0 balles rondes et les emballages en g\u00e9n\u00e9ral.","og_url":"https:\/\/www.cuerdasvalero.com\/fr\/produit\/fil-de-raphia-pour-presse-a-balles-rondes\/","og_site_name":"Cuerdas Valero","article_publisher":"https:\/\/www.facebook.com\/CuerdasValero\/","og_image":[{"width":960,"height":787,"url":"https:\/\/www.cuerdasvalero.com\/wp-content\/uploads\/2018\/07\/Rotoempacadora-valero.jpg","type":"image\/jpeg"}],"twitter_card":"summary_large_image","schema":{"@context":"https:\/\/schema.org","@graph":[{"@type":"WebPage","@id":"https:\/\/www.cuerdasvalero.com\/fr\/produit\/fil-de-raphia-pour-presse-a-balles-rondes\/","url":"https:\/\/www.cuerdasvalero.com\/fr\/produit\/fil-de-raphia-pour-presse-a-balles-rondes\/","name":"Fil de raphia pour presse \u00e0 balles rondes - Cuerdas Valero","isPartOf":{"@id":"https:\/\/www.cuerdasvalero.com\/fr\/#website"},"primaryImageOfPage":{"@id":"https:\/\/www.cuerdasvalero.com\/fr\/produit\/fil-de-raphia-pour-presse-a-balles-rondes\/#primaryimage"},"image":{"@id":"https:\/\/www.cuerdasvalero.com\/fr\/produit\/fil-de-raphia-pour-presse-a-balles-rondes\/#primaryimage"},"thumbnailUrl":"https:\/\/www.cuerdasvalero.com\/wp-content\/uploads\/2018\/07\/Rotoempacadora-valero.jpg","datePublished":"2018-07-05T15:43:59+00:00","breadcrumb":{"@id":"https:\/\/www.cuerdasvalero.com\/fr\/produit\/fil-de-raphia-pour-presse-a-balles-rondes\/#breadcrumb"},"inLanguage":"fr-FR","potentialAction":[{"@type":"ReadAction","target":["https:\/\/www.cuerdasvalero.com\/fr\/produit\/fil-de-raphia-pour-presse-a-balles-rondes\/"]}]},{"@type":"ImageObject","inLanguage":"fr-FR","@id":"https:\/\/www.cuerdasvalero.com\/fr\/produit\/fil-de-raphia-pour-presse-a-balles-rondes\/#primaryimage","url":"https:\/\/www.cuerdasvalero.com\/wp-content\/uploads\/2018\/07\/Rotoempacadora-valero.jpg","contentUrl":"https:\/\/www.cuerdasvalero.com\/wp-content\/uploads\/2018\/07\/Rotoempacadora-valero.jpg","width":960,"height":787},{"@type":"BreadcrumbList","@id":"https:\/\/www.cuerdasvalero.com\/fr\/produit\/fil-de-raphia-pour-presse-a-balles-rondes\/#breadcrumb","itemListElement":[{"@type":"ListItem","position":1,"name":"Inicio","item":"https:\/\/www.cuerdasvalero.com\/fr\/"},{"@type":"ListItem","position":2,"name":"Tienda","item":"https:\/\/www.cuerdasvalero.com\/tienda\/"},{"@type":"ListItem","position":3,"name":"Fil de raphia pour presse \u00e0 balles rondes"}]},{"@type":"WebSite","@id":"https:\/\/www.cuerdasvalero.com\/fr\/#website","url":"https:\/\/www.cuerdasvalero.com\/fr\/","name":"Cuerdas Valero","description":"","publisher":{"@id":"https:\/\/www.cuerdasvalero.com\/fr\/#organization"},"potentialAction":[{"@type":"SearchAction","target":{"@type":"EntryPoint","urlTemplate":"https:\/\/www.cuerdasvalero.com\/fr\/?s={search_term_string}"},"query-input":{"@type":"PropertyValueSpecification","valueRequired":true,"valueName":"search_term_string"}}],"inLanguage":"fr-FR"},{"@type":"Organization","@id":"https:\/\/www.cuerdasvalero.com\/fr\/#organization","name":"Cuerdas Valero","url":"https:\/\/www.cuerdasvalero.com\/fr\/","logo":{"@type":"ImageObject","inLanguage":"fr-FR","@id":"https:\/\/www.cuerdasvalero.com\/fr\/#\/schema\/logo\/image\/","url":"https:\/\/www.cuerdasvalero.com\/wp-content\/uploads\/2020\/04\/cuerdas-valero-logo-.jpg","contentUrl":"https:\/\/www.cuerdasvalero.com\/wp-content\/uploads\/2020\/04\/cuerdas-valero-logo-.jpg","width":196,"height":139,"caption":"Cuerdas Valero"},"image":{"@id":"https:\/\/www.cuerdasvalero.com\/fr\/#\/schema\/logo\/image\/"},"sameAs":["https:\/\/www.facebook.com\/CuerdasValero\/"]}]}},"_links":{"self":[{"href":"https:\/\/www.cuerdasvalero.com\/fr\/wp-json\/wp\/v2\/product\/6886","targetHints":{"allow":["GET"]}}],"collection":[{"href":"https:\/\/www.cuerdasvalero.com\/fr\/wp-json\/wp\/v2\/product"}],"about":[{"href":"https:\/\/www.cuerdasvalero.com\/fr\/wp-json\/wp\/v2\/types\/product"}],"wp:featuredmedia":[{"embeddable":true,"href":"https:\/\/www.cuerdasvalero.com\/fr\/wp-json\/wp\/v2\/media\/6596"}],"wp:attachment":[{"href":"https:\/\/www.cuerdasvalero.com\/fr\/wp-json\/wp\/v2\/media?parent=6886"}],"wp:term":[{"taxonomy":"product_brand","embeddable":true,"href":"https:\/\/www.cuerdasvalero.com\/fr\/wp-json\/wp\/v2\/product_brand?post=6886"},{"taxonomy":"product_cat","embeddable":true,"href":"https:\/\/www.cuerdasvalero.com\/fr\/wp-json\/wp\/v2\/product_cat?post=6886"},{"taxonomy":"product_tag","embeddable":true,"href":"https:\/\/www.cuerdasvalero.com\/fr\/wp-json\/wp\/v2\/product_tag?post=6886"}],"curies":[{"name":"wp","href":"https:\/\/api.w.org\/{rel}","templated":true}]}}