{"id":6862,"date":"2018-07-05T11:13:04","date_gmt":"2018-07-05T11:13:04","guid":{"rendered":"https:\/\/www.cuerdasvalero.com\/producto\/tresse-helicoidale\/"},"modified":"2021-07-04T11:48:28","modified_gmt":"2021-07-04T11:48:28","slug":"tresse-helicoidale","status":"publish","type":"product","link":"https:\/\/www.cuerdasvalero.com\/fr\/produit\/tresse-helicoidale\/","title":{"rendered":"Tresse h\u00e9lico\u00efdale"},"content":{"rendered":"","protected":false},"excerpt":{"rendered":"<p>C\u00e2bles torsad\u00e9s (int\u00e9rieur et ext\u00e9rieur) 100% polypropyl\u00e8ne, fabriqu\u00e9s avec un renfort tress\u00e9. Traitement anti-UV pour une r\u00e9sistance aux rayons solaires et imperm\u00e9able.<br \/>\nGr\u00e2ce \u00e0 leur haute qualit\u00e9, ces cordes en polypropyl\u00e8ne sont particuli\u00e8rement adapt\u00e9es aux pompes submersibles, \u00e0 la voile, \u00e0 la d\u00e9coration des chevaux, aux drapeaux, aux mains courantes&#8230; en raison de leur r\u00e9sistance \u00e0 la traction et au frottement. Ils sont tr\u00e8s souples et d&rsquo;une grande douceur au toucher.<br \/>\nIl est pr\u00e9sent\u00e9 en bobines de 200 m\u00e8tres les calibres de 6, 8, 10 et 12 m\/m et en 100 m\u00e8tres ceux de 14 et 16 m\/m. Il est \u00e9galement possible de commander une autre combinaison de couleurs dans toutes les tailles.<\/p>\n","protected":false},"featured_media":12188,"template":"","meta":[],"product_brand":[],"product_cat":[61],"product_tag":[],"class_list":{"0":"post-6862","1":"product","2":"type-product","3":"status-publish","4":"has-post-thumbnail","6":"product_cat-cordes-en-polypropylene","8":"first","9":"instock","10":"taxable","11":"shipping-taxable","12":"purchasable","13":"product-type-variable"},"yoast_head":"<!-- This site is optimized with the Yoast SEO plugin v27.5 - https:\/\/yoast.com\/product\/yoast-seo-wordpress\/ -->\n<title>Tresse h\u00e9lico\u00efdale - Cuerdas Valero<\/title>\n<meta name=\"robots\" content=\"index, follow, max-snippet:-1, max-image-preview:large, max-video-preview:-1\" \/>\n<link rel=\"canonical\" href=\"https:\/\/www.cuerdasvalero.com\/fr\/produit\/tresse-helicoidale\/\" \/>\n<meta property=\"og:locale\" content=\"fr_FR\" \/>\n<meta property=\"og:type\" content=\"article\" \/>\n<meta property=\"og:title\" content=\"Tresse h\u00e9lico\u00efdale - Cuerdas Valero\" \/>\n<meta property=\"og:description\" content=\"C\u00e2bles torsad\u00e9s (int\u00e9rieur et ext\u00e9rieur) 100% polypropyl\u00e8ne, fabriqu\u00e9s avec un renfort tress\u00e9. Traitement anti-UV pour une r\u00e9sistance aux rayons solaires et imperm\u00e9able. Gr\u00e2ce \u00e0 leur haute qualit\u00e9, ces cordes en polypropyl\u00e8ne sont particuli\u00e8rement adapt\u00e9es aux pompes submersibles, \u00e0 la voile, \u00e0 la d\u00e9coration des chevaux, aux drapeaux, aux mains courantes... en raison de leur r\u00e9sistance \u00e0 la traction et au frottement. Ils sont tr\u00e8s souples et d&#039;une grande douceur au toucher. Il est pr\u00e9sent\u00e9 en bobines de 200 m\u00e8tres les calibres de 6, 8, 10 et 12 m\/m et en 100 m\u00e8tres ceux de 14 et 16 m\/m. Il est \u00e9galement possible de commander une autre combinaison de couleurs dans toutes les tailles.\" \/>\n<meta property=\"og:url\" content=\"https:\/\/www.cuerdasvalero.com\/fr\/produit\/tresse-helicoidale\/\" \/>\n<meta property=\"og:site_name\" content=\"Cuerdas Valero\" \/>\n<meta property=\"article:publisher\" content=\"https:\/\/www.facebook.com\/CuerdasValero\/\" \/>\n<meta property=\"article:modified_time\" content=\"2021-07-04T11:48:28+00:00\" \/>\n<meta property=\"og:image\" content=\"https:\/\/www.cuerdasvalero.com\/wp-content\/uploads\/2018\/07\/helicoidal1.jpg\" \/>\n\t<meta property=\"og:image:width\" content=\"1134\" \/>\n\t<meta property=\"og:image:height\" content=\"958\" \/>\n\t<meta property=\"og:image:type\" content=\"image\/jpeg\" \/>\n<meta name=\"twitter:card\" content=\"summary_large_image\" \/>\n<script type=\"application\/ld+json\" class=\"yoast-schema-graph\">{\"@context\":\"https:\\\/\\\/schema.org\",\"@graph\":[{\"@type\":\"WebPage\",\"@id\":\"https:\\\/\\\/www.cuerdasvalero.com\\\/fr\\\/produit\\\/tresse-helicoidale\\\/\",\"url\":\"https:\\\/\\\/www.cuerdasvalero.com\\\/fr\\\/produit\\\/tresse-helicoidale\\\/\",\"name\":\"Tresse h\u00e9lico\u00efdale - Cuerdas Valero\",\"isPartOf\":{\"@id\":\"https:\\\/\\\/www.cuerdasvalero.com\\\/fr\\\/#website\"},\"primaryImageOfPage\":{\"@id\":\"https:\\\/\\\/www.cuerdasvalero.com\\\/fr\\\/produit\\\/tresse-helicoidale\\\/#primaryimage\"},\"image\":{\"@id\":\"https:\\\/\\\/www.cuerdasvalero.com\\\/fr\\\/produit\\\/tresse-helicoidale\\\/#primaryimage\"},\"thumbnailUrl\":\"https:\\\/\\\/www.cuerdasvalero.com\\\/wp-content\\\/uploads\\\/2018\\\/07\\\/Helicoidal-2.jpg\",\"datePublished\":\"2018-07-05T11:13:04+00:00\",\"dateModified\":\"2021-07-04T11:48:28+00:00\",\"breadcrumb\":{\"@id\":\"https:\\\/\\\/www.cuerdasvalero.com\\\/fr\\\/produit\\\/tresse-helicoidale\\\/#breadcrumb\"},\"inLanguage\":\"fr-FR\",\"potentialAction\":[{\"@type\":\"ReadAction\",\"target\":[\"https:\\\/\\\/www.cuerdasvalero.com\\\/fr\\\/produit\\\/tresse-helicoidale\\\/\"]}]},{\"@type\":\"ImageObject\",\"inLanguage\":\"fr-FR\",\"@id\":\"https:\\\/\\\/www.cuerdasvalero.com\\\/fr\\\/produit\\\/tresse-helicoidale\\\/#primaryimage\",\"url\":\"https:\\\/\\\/www.cuerdasvalero.com\\\/wp-content\\\/uploads\\\/2018\\\/07\\\/Helicoidal-2.jpg\",\"contentUrl\":\"https:\\\/\\\/www.cuerdasvalero.com\\\/wp-content\\\/uploads\\\/2018\\\/07\\\/Helicoidal-2.jpg\",\"width\":1358,\"height\":885},{\"@type\":\"BreadcrumbList\",\"@id\":\"https:\\\/\\\/www.cuerdasvalero.com\\\/fr\\\/produit\\\/tresse-helicoidale\\\/#breadcrumb\",\"itemListElement\":[{\"@type\":\"ListItem\",\"position\":1,\"name\":\"Inicio\",\"item\":\"https:\\\/\\\/www.cuerdasvalero.com\\\/fr\\\/\"},{\"@type\":\"ListItem\",\"position\":2,\"name\":\"Tienda\",\"item\":\"https:\\\/\\\/www.cuerdasvalero.com\\\/tienda\\\/\"},{\"@type\":\"ListItem\",\"position\":3,\"name\":\"Tresse h\u00e9lico\u00efdale\"}]},{\"@type\":\"WebSite\",\"@id\":\"https:\\\/\\\/www.cuerdasvalero.com\\\/fr\\\/#website\",\"url\":\"https:\\\/\\\/www.cuerdasvalero.com\\\/fr\\\/\",\"name\":\"Cuerdas Valero\",\"description\":\"\",\"publisher\":{\"@id\":\"https:\\\/\\\/www.cuerdasvalero.com\\\/fr\\\/#organization\"},\"potentialAction\":[{\"@type\":\"SearchAction\",\"target\":{\"@type\":\"EntryPoint\",\"urlTemplate\":\"https:\\\/\\\/www.cuerdasvalero.com\\\/fr\\\/?s={search_term_string}\"},\"query-input\":{\"@type\":\"PropertyValueSpecification\",\"valueRequired\":true,\"valueName\":\"search_term_string\"}}],\"inLanguage\":\"fr-FR\"},{\"@type\":\"Organization\",\"@id\":\"https:\\\/\\\/www.cuerdasvalero.com\\\/fr\\\/#organization\",\"name\":\"Cuerdas Valero\",\"url\":\"https:\\\/\\\/www.cuerdasvalero.com\\\/fr\\\/\",\"logo\":{\"@type\":\"ImageObject\",\"inLanguage\":\"fr-FR\",\"@id\":\"https:\\\/\\\/www.cuerdasvalero.com\\\/fr\\\/#\\\/schema\\\/logo\\\/image\\\/\",\"url\":\"https:\\\/\\\/www.cuerdasvalero.com\\\/wp-content\\\/uploads\\\/2020\\\/04\\\/cuerdas-valero-logo-.jpg\",\"contentUrl\":\"https:\\\/\\\/www.cuerdasvalero.com\\\/wp-content\\\/uploads\\\/2020\\\/04\\\/cuerdas-valero-logo-.jpg\",\"width\":196,\"height\":139,\"caption\":\"Cuerdas Valero\"},\"image\":{\"@id\":\"https:\\\/\\\/www.cuerdasvalero.com\\\/fr\\\/#\\\/schema\\\/logo\\\/image\\\/\"},\"sameAs\":[\"https:\\\/\\\/www.facebook.com\\\/CuerdasValero\\\/\"]}]}<\/script>\n<!-- \/ Yoast SEO plugin. -->","yoast_head_json":{"title":"Tresse h\u00e9lico\u00efdale - Cuerdas Valero","robots":{"index":"index","follow":"follow","max-snippet":"max-snippet:-1","max-image-preview":"max-image-preview:large","max-video-preview":"max-video-preview:-1"},"canonical":"https:\/\/www.cuerdasvalero.com\/fr\/produit\/tresse-helicoidale\/","og_locale":"fr_FR","og_type":"article","og_title":"Tresse h\u00e9lico\u00efdale - Cuerdas Valero","og_description":"C\u00e2bles torsad\u00e9s (int\u00e9rieur et ext\u00e9rieur) 100% polypropyl\u00e8ne, fabriqu\u00e9s avec un renfort tress\u00e9. Traitement anti-UV pour une r\u00e9sistance aux rayons solaires et imperm\u00e9able. Gr\u00e2ce \u00e0 leur haute qualit\u00e9, ces cordes en polypropyl\u00e8ne sont particuli\u00e8rement adapt\u00e9es aux pompes submersibles, \u00e0 la voile, \u00e0 la d\u00e9coration des chevaux, aux drapeaux, aux mains courantes... en raison de leur r\u00e9sistance \u00e0 la traction et au frottement. Ils sont tr\u00e8s souples et d'une grande douceur au toucher. Il est pr\u00e9sent\u00e9 en bobines de 200 m\u00e8tres les calibres de 6, 8, 10 et 12 m\/m et en 100 m\u00e8tres ceux de 14 et 16 m\/m. Il est \u00e9galement possible de commander une autre combinaison de couleurs dans toutes les tailles.","og_url":"https:\/\/www.cuerdasvalero.com\/fr\/produit\/tresse-helicoidale\/","og_site_name":"Cuerdas Valero","article_publisher":"https:\/\/www.facebook.com\/CuerdasValero\/","article_modified_time":"2021-07-04T11:48:28+00:00","og_image":[{"width":1134,"height":958,"url":"https:\/\/www.cuerdasvalero.com\/wp-content\/uploads\/2018\/07\/helicoidal1.jpg","type":"image\/jpeg"}],"twitter_card":"summary_large_image","schema":{"@context":"https:\/\/schema.org","@graph":[{"@type":"WebPage","@id":"https:\/\/www.cuerdasvalero.com\/fr\/produit\/tresse-helicoidale\/","url":"https:\/\/www.cuerdasvalero.com\/fr\/produit\/tresse-helicoidale\/","name":"Tresse h\u00e9lico\u00efdale - Cuerdas Valero","isPartOf":{"@id":"https:\/\/www.cuerdasvalero.com\/fr\/#website"},"primaryImageOfPage":{"@id":"https:\/\/www.cuerdasvalero.com\/fr\/produit\/tresse-helicoidale\/#primaryimage"},"image":{"@id":"https:\/\/www.cuerdasvalero.com\/fr\/produit\/tresse-helicoidale\/#primaryimage"},"thumbnailUrl":"https:\/\/www.cuerdasvalero.com\/wp-content\/uploads\/2018\/07\/Helicoidal-2.jpg","datePublished":"2018-07-05T11:13:04+00:00","dateModified":"2021-07-04T11:48:28+00:00","breadcrumb":{"@id":"https:\/\/www.cuerdasvalero.com\/fr\/produit\/tresse-helicoidale\/#breadcrumb"},"inLanguage":"fr-FR","potentialAction":[{"@type":"ReadAction","target":["https:\/\/www.cuerdasvalero.com\/fr\/produit\/tresse-helicoidale\/"]}]},{"@type":"ImageObject","inLanguage":"fr-FR","@id":"https:\/\/www.cuerdasvalero.com\/fr\/produit\/tresse-helicoidale\/#primaryimage","url":"https:\/\/www.cuerdasvalero.com\/wp-content\/uploads\/2018\/07\/Helicoidal-2.jpg","contentUrl":"https:\/\/www.cuerdasvalero.com\/wp-content\/uploads\/2018\/07\/Helicoidal-2.jpg","width":1358,"height":885},{"@type":"BreadcrumbList","@id":"https:\/\/www.cuerdasvalero.com\/fr\/produit\/tresse-helicoidale\/#breadcrumb","itemListElement":[{"@type":"ListItem","position":1,"name":"Inicio","item":"https:\/\/www.cuerdasvalero.com\/fr\/"},{"@type":"ListItem","position":2,"name":"Tienda","item":"https:\/\/www.cuerdasvalero.com\/tienda\/"},{"@type":"ListItem","position":3,"name":"Tresse h\u00e9lico\u00efdale"}]},{"@type":"WebSite","@id":"https:\/\/www.cuerdasvalero.com\/fr\/#website","url":"https:\/\/www.cuerdasvalero.com\/fr\/","name":"Cuerdas Valero","description":"","publisher":{"@id":"https:\/\/www.cuerdasvalero.com\/fr\/#organization"},"potentialAction":[{"@type":"SearchAction","target":{"@type":"EntryPoint","urlTemplate":"https:\/\/www.cuerdasvalero.com\/fr\/?s={search_term_string}"},"query-input":{"@type":"PropertyValueSpecification","valueRequired":true,"valueName":"search_term_string"}}],"inLanguage":"fr-FR"},{"@type":"Organization","@id":"https:\/\/www.cuerdasvalero.com\/fr\/#organization","name":"Cuerdas Valero","url":"https:\/\/www.cuerdasvalero.com\/fr\/","logo":{"@type":"ImageObject","inLanguage":"fr-FR","@id":"https:\/\/www.cuerdasvalero.com\/fr\/#\/schema\/logo\/image\/","url":"https:\/\/www.cuerdasvalero.com\/wp-content\/uploads\/2020\/04\/cuerdas-valero-logo-.jpg","contentUrl":"https:\/\/www.cuerdasvalero.com\/wp-content\/uploads\/2020\/04\/cuerdas-valero-logo-.jpg","width":196,"height":139,"caption":"Cuerdas Valero"},"image":{"@id":"https:\/\/www.cuerdasvalero.com\/fr\/#\/schema\/logo\/image\/"},"sameAs":["https:\/\/www.facebook.com\/CuerdasValero\/"]}]}},"_links":{"self":[{"href":"https:\/\/www.cuerdasvalero.com\/fr\/wp-json\/wp\/v2\/product\/6862","targetHints":{"allow":["GET"]}}],"collection":[{"href":"https:\/\/www.cuerdasvalero.com\/fr\/wp-json\/wp\/v2\/product"}],"about":[{"href":"https:\/\/www.cuerdasvalero.com\/fr\/wp-json\/wp\/v2\/types\/product"}],"wp:featuredmedia":[{"embeddable":true,"href":"https:\/\/www.cuerdasvalero.com\/fr\/wp-json\/wp\/v2\/media\/12188"}],"wp:attachment":[{"href":"https:\/\/www.cuerdasvalero.com\/fr\/wp-json\/wp\/v2\/media?parent=6862"}],"wp:term":[{"taxonomy":"product_brand","embeddable":true,"href":"https:\/\/www.cuerdasvalero.com\/fr\/wp-json\/wp\/v2\/product_brand?post=6862"},{"taxonomy":"product_cat","embeddable":true,"href":"https:\/\/www.cuerdasvalero.com\/fr\/wp-json\/wp\/v2\/product_cat?post=6862"},{"taxonomy":"product_tag","embeddable":true,"href":"https:\/\/www.cuerdasvalero.com\/fr\/wp-json\/wp\/v2\/product_tag?post=6862"}],"curies":[{"name":"wp","href":"https:\/\/api.w.org\/{rel}","templated":true}]}}