{"id":6861,"date":"2018-07-03T11:51:52","date_gmt":"2018-07-03T11:51:52","guid":{"rendered":"https:\/\/www.cuerdasvalero.com\/producto\/cordes-en-polypropylene-torsadees\/"},"modified":"2018-07-03T11:51:52","modified_gmt":"2018-07-03T11:51:52","slug":"cordes-en-polypropylene-torsadees","status":"publish","type":"product","link":"https:\/\/www.cuerdasvalero.com\/fr\/produit\/cordes-en-polypropylene-torsadees\/","title":{"rendered":"Cordes en polypropyl\u00e8ne torsad\u00e9es"},"content":{"rendered":"","protected":false},"excerpt":{"rendered":"<p>Cordes torsad\u00e9es \u00e0 4 brins en polypropyl\u00e8ne 100% imitant les cordes naturelles. Disponible en couleurs \u00ab\u00a0sisal\u00a0\u00bb et \u00ab\u00a0chanvre\u00a0\u00bb.<br \/>\nQuand vous voulez utiliser l&rsquo;esth\u00e9tique des cordes naturelles mais que son utilisation va se faire \u00e0 l&rsquo;ext\u00e9rieur c&rsquo;est la meilleure solution, b\u00e9neficiant d&rsquo;un traitement anti UV et \u00e9tant  synth\u00e9tiques, elles ne pourrissent pas et ont une r\u00e9sistance sup\u00e9rieure \u00e0  l&rsquo;humidit\u00e9 et au soleil.<br \/>\nElles sont sp\u00e9cialement indiqu\u00e9es pour la d\u00e9coration en ext\u00e9rieur par sa toucher agr\u00e9able. Sur la photo, vous pouvez voir qu&rsquo;il a m\u00eame le \u00ab\u00a0duvet\u00a0\u00bb caract\u00e9ristique des cordes naturelles pour qu&rsquo;elles  paraissent aussi naturelles que possible. Par sa douceur au toucher, elle  est une corde tr\u00e8s facile \u00e0 manipuler et \u00e0 nouer.<br \/>\nDe 6 \u00e0 20 m\/m de diam\u00e8tre en rouleaux \u00e0 100 m\u00e8tres.<\/p>\n","protected":false},"featured_media":12357,"template":"","meta":[],"product_brand":[],"product_cat":[61],"product_tag":[],"class_list":{"0":"post-6861","1":"product","2":"type-product","3":"status-publish","4":"has-post-thumbnail","6":"product_cat-cordes-en-polypropylene","8":"first","9":"instock","10":"taxable","11":"shipping-taxable","12":"product-type-simple"},"yoast_head":"<!-- This site is optimized with the Yoast SEO plugin v27.5 - https:\/\/yoast.com\/product\/yoast-seo-wordpress\/ -->\n<title>Cordes en polypropyl\u00e8ne torsad\u00e9es - Cuerdas Valero<\/title>\n<meta name=\"robots\" content=\"index, follow, max-snippet:-1, max-image-preview:large, max-video-preview:-1\" \/>\n<link rel=\"canonical\" href=\"https:\/\/www.cuerdasvalero.com\/fr\/produit\/cordes-en-polypropylene-torsadees\/\" \/>\n<meta property=\"og:locale\" content=\"fr_FR\" \/>\n<meta property=\"og:type\" content=\"article\" \/>\n<meta property=\"og:title\" content=\"Cordes en polypropyl\u00e8ne torsad\u00e9es - Cuerdas Valero\" \/>\n<meta property=\"og:description\" content=\"Cordes torsad\u00e9es \u00e0 4 brins en polypropyl\u00e8ne 100% imitant les cordes naturelles. Disponible en couleurs &quot;sisal&quot; et &quot;chanvre&quot;. Quand vous voulez utiliser l&#039;esth\u00e9tique des cordes naturelles mais que son utilisation va se faire \u00e0 l&#039;ext\u00e9rieur c&#039;est la meilleure solution, b\u00e9neficiant d&#039;un traitement anti UV et \u00e9tant synth\u00e9tiques, elles ne pourrissent pas et ont une r\u00e9sistance sup\u00e9rieure \u00e0 l&#039;humidit\u00e9 et au soleil. Elles sont sp\u00e9cialement indiqu\u00e9es pour la d\u00e9coration en ext\u00e9rieur par sa toucher agr\u00e9able. Sur la photo, vous pouvez voir qu&#039;il a m\u00eame le &quot;duvet&quot; caract\u00e9ristique des cordes naturelles pour qu&#039;elles paraissent aussi naturelles que possible. Par sa douceur au toucher, elle est une corde tr\u00e8s facile \u00e0 manipuler et \u00e0 nouer. De 6 \u00e0 20 m\/m de diam\u00e8tre en rouleaux \u00e0 100 m\u00e8tres.\" \/>\n<meta property=\"og:url\" content=\"https:\/\/www.cuerdasvalero.com\/fr\/produit\/cordes-en-polypropylene-torsadees\/\" \/>\n<meta property=\"og:site_name\" content=\"Cuerdas Valero\" \/>\n<meta property=\"article:publisher\" content=\"https:\/\/www.facebook.com\/CuerdasValero\/\" \/>\n<meta property=\"og:image\" content=\"https:\/\/www.cuerdasvalero.com\/wp-content\/uploads\/2018\/07\/poli-canamo-3-1.jpg\" \/>\n\t<meta property=\"og:image:width\" content=\"1067\" \/>\n\t<meta property=\"og:image:height\" content=\"761\" \/>\n\t<meta property=\"og:image:type\" content=\"image\/jpeg\" \/>\n<meta name=\"twitter:card\" content=\"summary_large_image\" \/>\n<script type=\"application\/ld+json\" class=\"yoast-schema-graph\">{\"@context\":\"https:\\\/\\\/schema.org\",\"@graph\":[{\"@type\":\"WebPage\",\"@id\":\"https:\\\/\\\/www.cuerdasvalero.com\\\/fr\\\/produit\\\/cordes-en-polypropylene-torsadees\\\/\",\"url\":\"https:\\\/\\\/www.cuerdasvalero.com\\\/fr\\\/produit\\\/cordes-en-polypropylene-torsadees\\\/\",\"name\":\"Cordes en polypropyl\u00e8ne torsad\u00e9es - Cuerdas Valero\",\"isPartOf\":{\"@id\":\"https:\\\/\\\/www.cuerdasvalero.com\\\/fr\\\/#website\"},\"primaryImageOfPage\":{\"@id\":\"https:\\\/\\\/www.cuerdasvalero.com\\\/fr\\\/produit\\\/cordes-en-polypropylene-torsadees\\\/#primaryimage\"},\"image\":{\"@id\":\"https:\\\/\\\/www.cuerdasvalero.com\\\/fr\\\/produit\\\/cordes-en-polypropylene-torsadees\\\/#primaryimage\"},\"thumbnailUrl\":\"https:\\\/\\\/www.cuerdasvalero.com\\\/wp-content\\\/uploads\\\/2018\\\/07\\\/poli-canamo-3-1.jpg\",\"datePublished\":\"2018-07-03T11:51:52+00:00\",\"breadcrumb\":{\"@id\":\"https:\\\/\\\/www.cuerdasvalero.com\\\/fr\\\/produit\\\/cordes-en-polypropylene-torsadees\\\/#breadcrumb\"},\"inLanguage\":\"fr-FR\",\"potentialAction\":[{\"@type\":\"ReadAction\",\"target\":[\"https:\\\/\\\/www.cuerdasvalero.com\\\/fr\\\/produit\\\/cordes-en-polypropylene-torsadees\\\/\"]}]},{\"@type\":\"ImageObject\",\"inLanguage\":\"fr-FR\",\"@id\":\"https:\\\/\\\/www.cuerdasvalero.com\\\/fr\\\/produit\\\/cordes-en-polypropylene-torsadees\\\/#primaryimage\",\"url\":\"https:\\\/\\\/www.cuerdasvalero.com\\\/wp-content\\\/uploads\\\/2018\\\/07\\\/poli-canamo-3-1.jpg\",\"contentUrl\":\"https:\\\/\\\/www.cuerdasvalero.com\\\/wp-content\\\/uploads\\\/2018\\\/07\\\/poli-canamo-3-1.jpg\",\"width\":1067,\"height\":761},{\"@type\":\"BreadcrumbList\",\"@id\":\"https:\\\/\\\/www.cuerdasvalero.com\\\/fr\\\/produit\\\/cordes-en-polypropylene-torsadees\\\/#breadcrumb\",\"itemListElement\":[{\"@type\":\"ListItem\",\"position\":1,\"name\":\"Inicio\",\"item\":\"https:\\\/\\\/www.cuerdasvalero.com\\\/fr\\\/\"},{\"@type\":\"ListItem\",\"position\":2,\"name\":\"Tienda\",\"item\":\"https:\\\/\\\/www.cuerdasvalero.com\\\/tienda\\\/\"},{\"@type\":\"ListItem\",\"position\":3,\"name\":\"Cordes en polypropyl\u00e8ne torsad\u00e9es\"}]},{\"@type\":\"WebSite\",\"@id\":\"https:\\\/\\\/www.cuerdasvalero.com\\\/fr\\\/#website\",\"url\":\"https:\\\/\\\/www.cuerdasvalero.com\\\/fr\\\/\",\"name\":\"Cuerdas Valero\",\"description\":\"\",\"publisher\":{\"@id\":\"https:\\\/\\\/www.cuerdasvalero.com\\\/fr\\\/#organization\"},\"potentialAction\":[{\"@type\":\"SearchAction\",\"target\":{\"@type\":\"EntryPoint\",\"urlTemplate\":\"https:\\\/\\\/www.cuerdasvalero.com\\\/fr\\\/?s={search_term_string}\"},\"query-input\":{\"@type\":\"PropertyValueSpecification\",\"valueRequired\":true,\"valueName\":\"search_term_string\"}}],\"inLanguage\":\"fr-FR\"},{\"@type\":\"Organization\",\"@id\":\"https:\\\/\\\/www.cuerdasvalero.com\\\/fr\\\/#organization\",\"name\":\"Cuerdas Valero\",\"url\":\"https:\\\/\\\/www.cuerdasvalero.com\\\/fr\\\/\",\"logo\":{\"@type\":\"ImageObject\",\"inLanguage\":\"fr-FR\",\"@id\":\"https:\\\/\\\/www.cuerdasvalero.com\\\/fr\\\/#\\\/schema\\\/logo\\\/image\\\/\",\"url\":\"https:\\\/\\\/www.cuerdasvalero.com\\\/wp-content\\\/uploads\\\/2020\\\/04\\\/cuerdas-valero-logo-.jpg\",\"contentUrl\":\"https:\\\/\\\/www.cuerdasvalero.com\\\/wp-content\\\/uploads\\\/2020\\\/04\\\/cuerdas-valero-logo-.jpg\",\"width\":196,\"height\":139,\"caption\":\"Cuerdas Valero\"},\"image\":{\"@id\":\"https:\\\/\\\/www.cuerdasvalero.com\\\/fr\\\/#\\\/schema\\\/logo\\\/image\\\/\"},\"sameAs\":[\"https:\\\/\\\/www.facebook.com\\\/CuerdasValero\\\/\"]}]}<\/script>\n<!-- \/ Yoast SEO plugin. -->","yoast_head_json":{"title":"Cordes en polypropyl\u00e8ne torsad\u00e9es - Cuerdas Valero","robots":{"index":"index","follow":"follow","max-snippet":"max-snippet:-1","max-image-preview":"max-image-preview:large","max-video-preview":"max-video-preview:-1"},"canonical":"https:\/\/www.cuerdasvalero.com\/fr\/produit\/cordes-en-polypropylene-torsadees\/","og_locale":"fr_FR","og_type":"article","og_title":"Cordes en polypropyl\u00e8ne torsad\u00e9es - Cuerdas Valero","og_description":"Cordes torsad\u00e9es \u00e0 4 brins en polypropyl\u00e8ne 100% imitant les cordes naturelles. Disponible en couleurs \"sisal\" et \"chanvre\". Quand vous voulez utiliser l'esth\u00e9tique des cordes naturelles mais que son utilisation va se faire \u00e0 l'ext\u00e9rieur c'est la meilleure solution, b\u00e9neficiant d'un traitement anti UV et \u00e9tant synth\u00e9tiques, elles ne pourrissent pas et ont une r\u00e9sistance sup\u00e9rieure \u00e0 l'humidit\u00e9 et au soleil. Elles sont sp\u00e9cialement indiqu\u00e9es pour la d\u00e9coration en ext\u00e9rieur par sa toucher agr\u00e9able. Sur la photo, vous pouvez voir qu'il a m\u00eame le \"duvet\" caract\u00e9ristique des cordes naturelles pour qu'elles paraissent aussi naturelles que possible. Par sa douceur au toucher, elle est une corde tr\u00e8s facile \u00e0 manipuler et \u00e0 nouer. De 6 \u00e0 20 m\/m de diam\u00e8tre en rouleaux \u00e0 100 m\u00e8tres.","og_url":"https:\/\/www.cuerdasvalero.com\/fr\/produit\/cordes-en-polypropylene-torsadees\/","og_site_name":"Cuerdas Valero","article_publisher":"https:\/\/www.facebook.com\/CuerdasValero\/","og_image":[{"width":1067,"height":761,"url":"https:\/\/www.cuerdasvalero.com\/wp-content\/uploads\/2018\/07\/poli-canamo-3-1.jpg","type":"image\/jpeg"}],"twitter_card":"summary_large_image","schema":{"@context":"https:\/\/schema.org","@graph":[{"@type":"WebPage","@id":"https:\/\/www.cuerdasvalero.com\/fr\/produit\/cordes-en-polypropylene-torsadees\/","url":"https:\/\/www.cuerdasvalero.com\/fr\/produit\/cordes-en-polypropylene-torsadees\/","name":"Cordes en polypropyl\u00e8ne torsad\u00e9es - Cuerdas Valero","isPartOf":{"@id":"https:\/\/www.cuerdasvalero.com\/fr\/#website"},"primaryImageOfPage":{"@id":"https:\/\/www.cuerdasvalero.com\/fr\/produit\/cordes-en-polypropylene-torsadees\/#primaryimage"},"image":{"@id":"https:\/\/www.cuerdasvalero.com\/fr\/produit\/cordes-en-polypropylene-torsadees\/#primaryimage"},"thumbnailUrl":"https:\/\/www.cuerdasvalero.com\/wp-content\/uploads\/2018\/07\/poli-canamo-3-1.jpg","datePublished":"2018-07-03T11:51:52+00:00","breadcrumb":{"@id":"https:\/\/www.cuerdasvalero.com\/fr\/produit\/cordes-en-polypropylene-torsadees\/#breadcrumb"},"inLanguage":"fr-FR","potentialAction":[{"@type":"ReadAction","target":["https:\/\/www.cuerdasvalero.com\/fr\/produit\/cordes-en-polypropylene-torsadees\/"]}]},{"@type":"ImageObject","inLanguage":"fr-FR","@id":"https:\/\/www.cuerdasvalero.com\/fr\/produit\/cordes-en-polypropylene-torsadees\/#primaryimage","url":"https:\/\/www.cuerdasvalero.com\/wp-content\/uploads\/2018\/07\/poli-canamo-3-1.jpg","contentUrl":"https:\/\/www.cuerdasvalero.com\/wp-content\/uploads\/2018\/07\/poli-canamo-3-1.jpg","width":1067,"height":761},{"@type":"BreadcrumbList","@id":"https:\/\/www.cuerdasvalero.com\/fr\/produit\/cordes-en-polypropylene-torsadees\/#breadcrumb","itemListElement":[{"@type":"ListItem","position":1,"name":"Inicio","item":"https:\/\/www.cuerdasvalero.com\/fr\/"},{"@type":"ListItem","position":2,"name":"Tienda","item":"https:\/\/www.cuerdasvalero.com\/tienda\/"},{"@type":"ListItem","position":3,"name":"Cordes en polypropyl\u00e8ne torsad\u00e9es"}]},{"@type":"WebSite","@id":"https:\/\/www.cuerdasvalero.com\/fr\/#website","url":"https:\/\/www.cuerdasvalero.com\/fr\/","name":"Cuerdas Valero","description":"","publisher":{"@id":"https:\/\/www.cuerdasvalero.com\/fr\/#organization"},"potentialAction":[{"@type":"SearchAction","target":{"@type":"EntryPoint","urlTemplate":"https:\/\/www.cuerdasvalero.com\/fr\/?s={search_term_string}"},"query-input":{"@type":"PropertyValueSpecification","valueRequired":true,"valueName":"search_term_string"}}],"inLanguage":"fr-FR"},{"@type":"Organization","@id":"https:\/\/www.cuerdasvalero.com\/fr\/#organization","name":"Cuerdas Valero","url":"https:\/\/www.cuerdasvalero.com\/fr\/","logo":{"@type":"ImageObject","inLanguage":"fr-FR","@id":"https:\/\/www.cuerdasvalero.com\/fr\/#\/schema\/logo\/image\/","url":"https:\/\/www.cuerdasvalero.com\/wp-content\/uploads\/2020\/04\/cuerdas-valero-logo-.jpg","contentUrl":"https:\/\/www.cuerdasvalero.com\/wp-content\/uploads\/2020\/04\/cuerdas-valero-logo-.jpg","width":196,"height":139,"caption":"Cuerdas Valero"},"image":{"@id":"https:\/\/www.cuerdasvalero.com\/fr\/#\/schema\/logo\/image\/"},"sameAs":["https:\/\/www.facebook.com\/CuerdasValero\/"]}]}},"_links":{"self":[{"href":"https:\/\/www.cuerdasvalero.com\/fr\/wp-json\/wp\/v2\/product\/6861","targetHints":{"allow":["GET"]}}],"collection":[{"href":"https:\/\/www.cuerdasvalero.com\/fr\/wp-json\/wp\/v2\/product"}],"about":[{"href":"https:\/\/www.cuerdasvalero.com\/fr\/wp-json\/wp\/v2\/types\/product"}],"wp:featuredmedia":[{"embeddable":true,"href":"https:\/\/www.cuerdasvalero.com\/fr\/wp-json\/wp\/v2\/media\/12357"}],"wp:attachment":[{"href":"https:\/\/www.cuerdasvalero.com\/fr\/wp-json\/wp\/v2\/media?parent=6861"}],"wp:term":[{"taxonomy":"product_brand","embeddable":true,"href":"https:\/\/www.cuerdasvalero.com\/fr\/wp-json\/wp\/v2\/product_brand?post=6861"},{"taxonomy":"product_cat","embeddable":true,"href":"https:\/\/www.cuerdasvalero.com\/fr\/wp-json\/wp\/v2\/product_cat?post=6861"},{"taxonomy":"product_tag","embeddable":true,"href":"https:\/\/www.cuerdasvalero.com\/fr\/wp-json\/wp\/v2\/product_tag?post=6861"}],"curies":[{"name":"wp","href":"https:\/\/api.w.org\/{rel}","templated":true}]}}