{"id":6854,"date":"2018-07-05T14:46:46","date_gmt":"2018-07-05T14:46:46","guid":{"rendered":"https:\/\/www.cuerdasvalero.com\/producto\/corde-plastique-flottante\/"},"modified":"2021-02-07T15:04:45","modified_gmt":"2021-02-07T15:04:45","slug":"corde-plastique-flottante","status":"publish","type":"product","link":"https:\/\/www.cuerdasvalero.com\/fr\/produit\/corde-plastique-flottante\/","title":{"rendered":"Corde plastique flottante"},"content":{"rendered":"","protected":false},"excerpt":{"rendered":"<p>Corde tress\u00e9e en poly\u00e9thyl\u00e8ne haute densit\u00e9 100% sans renfort (creuse). Flottante, l\u00e9g\u00e8re et tr\u00e8s flexible, avec la possibilit\u00e9 de s&rsquo;enrouler sur  elle-m\u00eame sous la forme d&rsquo;un anneau pour les sauveteurs et les d\u00e9limiteurs de piscine. Elle n&rsquo;absorbe pas l&rsquo;eau et a peu d&rsquo;\u00e9lasticit\u00e9. Cordes sp\u00e9ciales en poly\u00e9thyl\u00e8ne pour les sports d&rsquo;aventure avec chiens de tra\u00eeneau (mushing).<br \/>\nElle a un diam\u00e8tre de 8 m\/m et est pr\u00e9sent\u00e9 en bobines \u00e0 200 m\u00e8tres en noir, orange et jaune.<br \/>\nElle est fabriqu\u00e9 sur commande, \u00e9galement dans d&rsquo;autres diam\u00e8tres.<\/p>\n","protected":false},"featured_media":6621,"template":"","meta":[],"product_brand":[],"product_cat":[64],"product_tag":[],"class_list":{"0":"post-6854","1":"product","2":"type-product","3":"status-publish","4":"has-post-thumbnail","6":"product_cat-cordes-en-polyethylene-pvc","8":"first","9":"instock","10":"taxable","11":"shipping-taxable","12":"product-type-simple"},"yoast_head":"<!-- This site is optimized with the Yoast SEO plugin v27.5 - https:\/\/yoast.com\/product\/yoast-seo-wordpress\/ -->\n<title>Corde plastique flottante - Cuerdas Valero<\/title>\n<meta name=\"robots\" content=\"index, follow, max-snippet:-1, max-image-preview:large, max-video-preview:-1\" \/>\n<link rel=\"canonical\" href=\"https:\/\/www.cuerdasvalero.com\/fr\/produit\/corde-plastique-flottante\/\" \/>\n<meta property=\"og:locale\" content=\"fr_FR\" \/>\n<meta property=\"og:type\" content=\"article\" \/>\n<meta property=\"og:title\" content=\"Corde plastique flottante - Cuerdas Valero\" \/>\n<meta property=\"og:description\" content=\"Corde tress\u00e9e en poly\u00e9thyl\u00e8ne haute densit\u00e9 100% sans renfort (creuse). Flottante, l\u00e9g\u00e8re et tr\u00e8s flexible, avec la possibilit\u00e9 de s&#039;enrouler sur elle-m\u00eame sous la forme d&#039;un anneau pour les sauveteurs et les d\u00e9limiteurs de piscine. Elle n&#039;absorbe pas l&#039;eau et a peu d&#039;\u00e9lasticit\u00e9. Cordes sp\u00e9ciales en poly\u00e9thyl\u00e8ne pour les sports d&#039;aventure avec chiens de tra\u00eeneau (mushing). Elle a un diam\u00e8tre de 8 m\/m et est pr\u00e9sent\u00e9 en bobines \u00e0 200 m\u00e8tres en noir, orange et jaune. Elle est fabriqu\u00e9 sur commande, \u00e9galement dans d&#039;autres diam\u00e8tres.\" \/>\n<meta property=\"og:url\" content=\"https:\/\/www.cuerdasvalero.com\/fr\/produit\/corde-plastique-flottante\/\" \/>\n<meta property=\"og:site_name\" content=\"Cuerdas Valero\" \/>\n<meta property=\"article:publisher\" content=\"https:\/\/www.facebook.com\/CuerdasValero\/\" \/>\n<meta property=\"article:modified_time\" content=\"2021-02-07T15:04:45+00:00\" \/>\n<meta property=\"og:image\" content=\"https:\/\/www.cuerdasvalero.com\/wp-content\/uploads\/2018\/07\/cuerda-polietileno.jpg\" \/>\n\t<meta property=\"og:image:width\" content=\"1200\" \/>\n\t<meta property=\"og:image:height\" content=\"1117\" \/>\n\t<meta property=\"og:image:type\" content=\"image\/jpeg\" \/>\n<meta name=\"twitter:card\" content=\"summary_large_image\" \/>\n<script type=\"application\/ld+json\" class=\"yoast-schema-graph\">{\"@context\":\"https:\\\/\\\/schema.org\",\"@graph\":[{\"@type\":\"WebPage\",\"@id\":\"https:\\\/\\\/www.cuerdasvalero.com\\\/fr\\\/produit\\\/corde-plastique-flottante\\\/\",\"url\":\"https:\\\/\\\/www.cuerdasvalero.com\\\/fr\\\/produit\\\/corde-plastique-flottante\\\/\",\"name\":\"Corde plastique flottante - Cuerdas Valero\",\"isPartOf\":{\"@id\":\"https:\\\/\\\/www.cuerdasvalero.com\\\/fr\\\/#website\"},\"primaryImageOfPage\":{\"@id\":\"https:\\\/\\\/www.cuerdasvalero.com\\\/fr\\\/produit\\\/corde-plastique-flottante\\\/#primaryimage\"},\"image\":{\"@id\":\"https:\\\/\\\/www.cuerdasvalero.com\\\/fr\\\/produit\\\/corde-plastique-flottante\\\/#primaryimage\"},\"thumbnailUrl\":\"https:\\\/\\\/www.cuerdasvalero.com\\\/wp-content\\\/uploads\\\/2018\\\/07\\\/cuerda-polietileno.jpg\",\"datePublished\":\"2018-07-05T14:46:46+00:00\",\"dateModified\":\"2021-02-07T15:04:45+00:00\",\"breadcrumb\":{\"@id\":\"https:\\\/\\\/www.cuerdasvalero.com\\\/fr\\\/produit\\\/corde-plastique-flottante\\\/#breadcrumb\"},\"inLanguage\":\"fr-FR\",\"potentialAction\":[{\"@type\":\"ReadAction\",\"target\":[\"https:\\\/\\\/www.cuerdasvalero.com\\\/fr\\\/produit\\\/corde-plastique-flottante\\\/\"]}]},{\"@type\":\"ImageObject\",\"inLanguage\":\"fr-FR\",\"@id\":\"https:\\\/\\\/www.cuerdasvalero.com\\\/fr\\\/produit\\\/corde-plastique-flottante\\\/#primaryimage\",\"url\":\"https:\\\/\\\/www.cuerdasvalero.com\\\/wp-content\\\/uploads\\\/2018\\\/07\\\/cuerda-polietileno.jpg\",\"contentUrl\":\"https:\\\/\\\/www.cuerdasvalero.com\\\/wp-content\\\/uploads\\\/2018\\\/07\\\/cuerda-polietileno.jpg\",\"width\":1200,\"height\":1117},{\"@type\":\"BreadcrumbList\",\"@id\":\"https:\\\/\\\/www.cuerdasvalero.com\\\/fr\\\/produit\\\/corde-plastique-flottante\\\/#breadcrumb\",\"itemListElement\":[{\"@type\":\"ListItem\",\"position\":1,\"name\":\"Inicio\",\"item\":\"https:\\\/\\\/www.cuerdasvalero.com\\\/fr\\\/\"},{\"@type\":\"ListItem\",\"position\":2,\"name\":\"Tienda\",\"item\":\"https:\\\/\\\/www.cuerdasvalero.com\\\/tienda\\\/\"},{\"@type\":\"ListItem\",\"position\":3,\"name\":\"Corde plastique flottante\"}]},{\"@type\":\"WebSite\",\"@id\":\"https:\\\/\\\/www.cuerdasvalero.com\\\/fr\\\/#website\",\"url\":\"https:\\\/\\\/www.cuerdasvalero.com\\\/fr\\\/\",\"name\":\"Cuerdas Valero\",\"description\":\"\",\"publisher\":{\"@id\":\"https:\\\/\\\/www.cuerdasvalero.com\\\/fr\\\/#organization\"},\"potentialAction\":[{\"@type\":\"SearchAction\",\"target\":{\"@type\":\"EntryPoint\",\"urlTemplate\":\"https:\\\/\\\/www.cuerdasvalero.com\\\/fr\\\/?s={search_term_string}\"},\"query-input\":{\"@type\":\"PropertyValueSpecification\",\"valueRequired\":true,\"valueName\":\"search_term_string\"}}],\"inLanguage\":\"fr-FR\"},{\"@type\":\"Organization\",\"@id\":\"https:\\\/\\\/www.cuerdasvalero.com\\\/fr\\\/#organization\",\"name\":\"Cuerdas Valero\",\"url\":\"https:\\\/\\\/www.cuerdasvalero.com\\\/fr\\\/\",\"logo\":{\"@type\":\"ImageObject\",\"inLanguage\":\"fr-FR\",\"@id\":\"https:\\\/\\\/www.cuerdasvalero.com\\\/fr\\\/#\\\/schema\\\/logo\\\/image\\\/\",\"url\":\"https:\\\/\\\/www.cuerdasvalero.com\\\/wp-content\\\/uploads\\\/2020\\\/04\\\/cuerdas-valero-logo-.jpg\",\"contentUrl\":\"https:\\\/\\\/www.cuerdasvalero.com\\\/wp-content\\\/uploads\\\/2020\\\/04\\\/cuerdas-valero-logo-.jpg\",\"width\":196,\"height\":139,\"caption\":\"Cuerdas Valero\"},\"image\":{\"@id\":\"https:\\\/\\\/www.cuerdasvalero.com\\\/fr\\\/#\\\/schema\\\/logo\\\/image\\\/\"},\"sameAs\":[\"https:\\\/\\\/www.facebook.com\\\/CuerdasValero\\\/\"]}]}<\/script>\n<!-- \/ Yoast SEO plugin. -->","yoast_head_json":{"title":"Corde plastique flottante - Cuerdas Valero","robots":{"index":"index","follow":"follow","max-snippet":"max-snippet:-1","max-image-preview":"max-image-preview:large","max-video-preview":"max-video-preview:-1"},"canonical":"https:\/\/www.cuerdasvalero.com\/fr\/produit\/corde-plastique-flottante\/","og_locale":"fr_FR","og_type":"article","og_title":"Corde plastique flottante - Cuerdas Valero","og_description":"Corde tress\u00e9e en poly\u00e9thyl\u00e8ne haute densit\u00e9 100% sans renfort (creuse). Flottante, l\u00e9g\u00e8re et tr\u00e8s flexible, avec la possibilit\u00e9 de s'enrouler sur elle-m\u00eame sous la forme d'un anneau pour les sauveteurs et les d\u00e9limiteurs de piscine. Elle n'absorbe pas l'eau et a peu d'\u00e9lasticit\u00e9. Cordes sp\u00e9ciales en poly\u00e9thyl\u00e8ne pour les sports d'aventure avec chiens de tra\u00eeneau (mushing). Elle a un diam\u00e8tre de 8 m\/m et est pr\u00e9sent\u00e9 en bobines \u00e0 200 m\u00e8tres en noir, orange et jaune. Elle est fabriqu\u00e9 sur commande, \u00e9galement dans d'autres diam\u00e8tres.","og_url":"https:\/\/www.cuerdasvalero.com\/fr\/produit\/corde-plastique-flottante\/","og_site_name":"Cuerdas Valero","article_publisher":"https:\/\/www.facebook.com\/CuerdasValero\/","article_modified_time":"2021-02-07T15:04:45+00:00","og_image":[{"width":1200,"height":1117,"url":"https:\/\/www.cuerdasvalero.com\/wp-content\/uploads\/2018\/07\/cuerda-polietileno.jpg","type":"image\/jpeg"}],"twitter_card":"summary_large_image","schema":{"@context":"https:\/\/schema.org","@graph":[{"@type":"WebPage","@id":"https:\/\/www.cuerdasvalero.com\/fr\/produit\/corde-plastique-flottante\/","url":"https:\/\/www.cuerdasvalero.com\/fr\/produit\/corde-plastique-flottante\/","name":"Corde plastique flottante - Cuerdas Valero","isPartOf":{"@id":"https:\/\/www.cuerdasvalero.com\/fr\/#website"},"primaryImageOfPage":{"@id":"https:\/\/www.cuerdasvalero.com\/fr\/produit\/corde-plastique-flottante\/#primaryimage"},"image":{"@id":"https:\/\/www.cuerdasvalero.com\/fr\/produit\/corde-plastique-flottante\/#primaryimage"},"thumbnailUrl":"https:\/\/www.cuerdasvalero.com\/wp-content\/uploads\/2018\/07\/cuerda-polietileno.jpg","datePublished":"2018-07-05T14:46:46+00:00","dateModified":"2021-02-07T15:04:45+00:00","breadcrumb":{"@id":"https:\/\/www.cuerdasvalero.com\/fr\/produit\/corde-plastique-flottante\/#breadcrumb"},"inLanguage":"fr-FR","potentialAction":[{"@type":"ReadAction","target":["https:\/\/www.cuerdasvalero.com\/fr\/produit\/corde-plastique-flottante\/"]}]},{"@type":"ImageObject","inLanguage":"fr-FR","@id":"https:\/\/www.cuerdasvalero.com\/fr\/produit\/corde-plastique-flottante\/#primaryimage","url":"https:\/\/www.cuerdasvalero.com\/wp-content\/uploads\/2018\/07\/cuerda-polietileno.jpg","contentUrl":"https:\/\/www.cuerdasvalero.com\/wp-content\/uploads\/2018\/07\/cuerda-polietileno.jpg","width":1200,"height":1117},{"@type":"BreadcrumbList","@id":"https:\/\/www.cuerdasvalero.com\/fr\/produit\/corde-plastique-flottante\/#breadcrumb","itemListElement":[{"@type":"ListItem","position":1,"name":"Inicio","item":"https:\/\/www.cuerdasvalero.com\/fr\/"},{"@type":"ListItem","position":2,"name":"Tienda","item":"https:\/\/www.cuerdasvalero.com\/tienda\/"},{"@type":"ListItem","position":3,"name":"Corde plastique flottante"}]},{"@type":"WebSite","@id":"https:\/\/www.cuerdasvalero.com\/fr\/#website","url":"https:\/\/www.cuerdasvalero.com\/fr\/","name":"Cuerdas Valero","description":"","publisher":{"@id":"https:\/\/www.cuerdasvalero.com\/fr\/#organization"},"potentialAction":[{"@type":"SearchAction","target":{"@type":"EntryPoint","urlTemplate":"https:\/\/www.cuerdasvalero.com\/fr\/?s={search_term_string}"},"query-input":{"@type":"PropertyValueSpecification","valueRequired":true,"valueName":"search_term_string"}}],"inLanguage":"fr-FR"},{"@type":"Organization","@id":"https:\/\/www.cuerdasvalero.com\/fr\/#organization","name":"Cuerdas Valero","url":"https:\/\/www.cuerdasvalero.com\/fr\/","logo":{"@type":"ImageObject","inLanguage":"fr-FR","@id":"https:\/\/www.cuerdasvalero.com\/fr\/#\/schema\/logo\/image\/","url":"https:\/\/www.cuerdasvalero.com\/wp-content\/uploads\/2020\/04\/cuerdas-valero-logo-.jpg","contentUrl":"https:\/\/www.cuerdasvalero.com\/wp-content\/uploads\/2020\/04\/cuerdas-valero-logo-.jpg","width":196,"height":139,"caption":"Cuerdas Valero"},"image":{"@id":"https:\/\/www.cuerdasvalero.com\/fr\/#\/schema\/logo\/image\/"},"sameAs":["https:\/\/www.facebook.com\/CuerdasValero\/"]}]}},"_links":{"self":[{"href":"https:\/\/www.cuerdasvalero.com\/fr\/wp-json\/wp\/v2\/product\/6854","targetHints":{"allow":["GET"]}}],"collection":[{"href":"https:\/\/www.cuerdasvalero.com\/fr\/wp-json\/wp\/v2\/product"}],"about":[{"href":"https:\/\/www.cuerdasvalero.com\/fr\/wp-json\/wp\/v2\/types\/product"}],"wp:featuredmedia":[{"embeddable":true,"href":"https:\/\/www.cuerdasvalero.com\/fr\/wp-json\/wp\/v2\/media\/6621"}],"wp:attachment":[{"href":"https:\/\/www.cuerdasvalero.com\/fr\/wp-json\/wp\/v2\/media?parent=6854"}],"wp:term":[{"taxonomy":"product_brand","embeddable":true,"href":"https:\/\/www.cuerdasvalero.com\/fr\/wp-json\/wp\/v2\/product_brand?post=6854"},{"taxonomy":"product_cat","embeddable":true,"href":"https:\/\/www.cuerdasvalero.com\/fr\/wp-json\/wp\/v2\/product_cat?post=6854"},{"taxonomy":"product_tag","embeddable":true,"href":"https:\/\/www.cuerdasvalero.com\/fr\/wp-json\/wp\/v2\/product_tag?post=6854"}],"curies":[{"name":"wp","href":"https:\/\/api.w.org\/{rel}","templated":true}]}}