{"id":6847,"date":"2018-07-05T10:28:42","date_gmt":"2018-07-05T10:28:42","guid":{"rendered":"https:\/\/www.cuerdasvalero.com\/producto\/polyester-tresse-sans-ame\/"},"modified":"2018-07-05T10:28:42","modified_gmt":"2018-07-05T10:28:42","slug":"polyester-tresse-sans-ame","status":"publish","type":"product","link":"https:\/\/www.cuerdasvalero.com\/fr\/produit\/polyester-tresse-sans-ame\/","title":{"rendered":"Polyester tress\u00e9 sans \u00e2me"},"content":{"rendered":"","protected":false},"excerpt":{"rendered":"<p>Corde tress\u00e9e dans un file  de polyester haute r\u00e9sistance  \u00e0 16 brins.<br \/>\nCes cordes en polyester ont un traitement anti-UV qui les rendent tr\u00e8s r\u00e9sistantes aux rayons du soleil, elles supportent la friction, la traction et l&rsquo;humidit\u00e9, elles sont donc indiqu\u00e9es pour l&rsquo;ext\u00e9rieur.<br \/>\nElle est disponible en bobines \u00e0 200 m\u00e8tres dans les diam\u00e8tres suivants : 3, 4, 5, 6 et 7 m\/m.<br \/>\nEn raison de leurs caract\u00e9ristiques, ces cordes en polyester sont particuli\u00e8rement adapt\u00e9es \u00e0 une utilisation ext\u00e9rieure : les auvents, les b\u00e2ches, les banni\u00e8res publicitaires, l&rsquo;amarrage des marchandises, les serres, les cordes \u00e0 linge, les stores, les remorques.<\/p>\n","protected":false},"featured_media":12310,"template":"","meta":[],"product_brand":[],"product_cat":[59],"product_tag":[],"class_list":{"0":"post-6847","1":"product","2":"type-product","3":"status-publish","4":"has-post-thumbnail","6":"product_cat-cordes-en-polyester","8":"first","9":"instock","10":"taxable","11":"shipping-taxable","12":"purchasable","13":"product-type-variable"},"yoast_head":"<!-- This site is optimized with the Yoast SEO plugin v27.5 - https:\/\/yoast.com\/product\/yoast-seo-wordpress\/ -->\n<title>Polyester tress\u00e9 sans \u00e2me - Cuerdas Valero<\/title>\n<meta name=\"robots\" content=\"index, follow, max-snippet:-1, max-image-preview:large, max-video-preview:-1\" \/>\n<link rel=\"canonical\" href=\"https:\/\/www.cuerdasvalero.com\/fr\/produit\/polyester-tresse-sans-ame\/\" \/>\n<meta property=\"og:locale\" content=\"fr_FR\" \/>\n<meta property=\"og:type\" content=\"article\" \/>\n<meta property=\"og:title\" content=\"Polyester tress\u00e9 sans \u00e2me - Cuerdas Valero\" \/>\n<meta property=\"og:description\" content=\"Corde tress\u00e9e dans un file de polyester haute r\u00e9sistance \u00e0 16 brins. Ces cordes en polyester ont un traitement anti-UV qui les rendent tr\u00e8s r\u00e9sistantes aux rayons du soleil, elles supportent la friction, la traction et l&#039;humidit\u00e9, elles sont donc indiqu\u00e9es pour l&#039;ext\u00e9rieur. Elle est disponible en bobines \u00e0 200 m\u00e8tres dans les diam\u00e8tres suivants : 3, 4, 5, 6 et 7 m\/m. En raison de leurs caract\u00e9ristiques, ces cordes en polyester sont particuli\u00e8rement adapt\u00e9es \u00e0 une utilisation ext\u00e9rieure : les auvents, les b\u00e2ches, les banni\u00e8res publicitaires, l&#039;amarrage des marchandises, les serres, les cordes \u00e0 linge, les stores, les remorques.\" \/>\n<meta property=\"og:url\" content=\"https:\/\/www.cuerdasvalero.com\/fr\/produit\/polyester-tresse-sans-ame\/\" \/>\n<meta property=\"og:site_name\" content=\"Cuerdas Valero\" \/>\n<meta property=\"article:publisher\" content=\"https:\/\/www.facebook.com\/CuerdasValero\/\" \/>\n<meta property=\"og:image\" content=\"https:\/\/www.cuerdasvalero.com\/wp-content\/uploads\/2018\/07\/cuerda-poliester.jpg\" \/>\n\t<meta property=\"og:image:width\" content=\"1200\" \/>\n\t<meta property=\"og:image:height\" content=\"1124\" \/>\n\t<meta property=\"og:image:type\" content=\"image\/jpeg\" \/>\n<meta name=\"twitter:card\" content=\"summary_large_image\" \/>\n<script type=\"application\/ld+json\" class=\"yoast-schema-graph\">{\"@context\":\"https:\\\/\\\/schema.org\",\"@graph\":[{\"@type\":\"WebPage\",\"@id\":\"https:\\\/\\\/www.cuerdasvalero.com\\\/fr\\\/produit\\\/polyester-tresse-sans-ame\\\/\",\"url\":\"https:\\\/\\\/www.cuerdasvalero.com\\\/fr\\\/produit\\\/polyester-tresse-sans-ame\\\/\",\"name\":\"Polyester tress\u00e9 sans \u00e2me - Cuerdas Valero\",\"isPartOf\":{\"@id\":\"https:\\\/\\\/www.cuerdasvalero.com\\\/fr\\\/#website\"},\"primaryImageOfPage\":{\"@id\":\"https:\\\/\\\/www.cuerdasvalero.com\\\/fr\\\/produit\\\/polyester-tresse-sans-ame\\\/#primaryimage\"},\"image\":{\"@id\":\"https:\\\/\\\/www.cuerdasvalero.com\\\/fr\\\/produit\\\/polyester-tresse-sans-ame\\\/#primaryimage\"},\"thumbnailUrl\":\"https:\\\/\\\/www.cuerdasvalero.com\\\/wp-content\\\/uploads\\\/2018\\\/07\\\/cuerda-poliester-1024x959-1.jpg\",\"datePublished\":\"2018-07-05T10:28:42+00:00\",\"breadcrumb\":{\"@id\":\"https:\\\/\\\/www.cuerdasvalero.com\\\/fr\\\/produit\\\/polyester-tresse-sans-ame\\\/#breadcrumb\"},\"inLanguage\":\"fr-FR\",\"potentialAction\":[{\"@type\":\"ReadAction\",\"target\":[\"https:\\\/\\\/www.cuerdasvalero.com\\\/fr\\\/produit\\\/polyester-tresse-sans-ame\\\/\"]}]},{\"@type\":\"ImageObject\",\"inLanguage\":\"fr-FR\",\"@id\":\"https:\\\/\\\/www.cuerdasvalero.com\\\/fr\\\/produit\\\/polyester-tresse-sans-ame\\\/#primaryimage\",\"url\":\"https:\\\/\\\/www.cuerdasvalero.com\\\/wp-content\\\/uploads\\\/2018\\\/07\\\/cuerda-poliester-1024x959-1.jpg\",\"contentUrl\":\"https:\\\/\\\/www.cuerdasvalero.com\\\/wp-content\\\/uploads\\\/2018\\\/07\\\/cuerda-poliester-1024x959-1.jpg\",\"width\":1024,\"height\":959},{\"@type\":\"BreadcrumbList\",\"@id\":\"https:\\\/\\\/www.cuerdasvalero.com\\\/fr\\\/produit\\\/polyester-tresse-sans-ame\\\/#breadcrumb\",\"itemListElement\":[{\"@type\":\"ListItem\",\"position\":1,\"name\":\"Inicio\",\"item\":\"https:\\\/\\\/www.cuerdasvalero.com\\\/fr\\\/\"},{\"@type\":\"ListItem\",\"position\":2,\"name\":\"Tienda\",\"item\":\"https:\\\/\\\/www.cuerdasvalero.com\\\/tienda\\\/\"},{\"@type\":\"ListItem\",\"position\":3,\"name\":\"Polyester tress\u00e9 sans \u00e2me\"}]},{\"@type\":\"WebSite\",\"@id\":\"https:\\\/\\\/www.cuerdasvalero.com\\\/fr\\\/#website\",\"url\":\"https:\\\/\\\/www.cuerdasvalero.com\\\/fr\\\/\",\"name\":\"Cuerdas Valero\",\"description\":\"\",\"publisher\":{\"@id\":\"https:\\\/\\\/www.cuerdasvalero.com\\\/fr\\\/#organization\"},\"potentialAction\":[{\"@type\":\"SearchAction\",\"target\":{\"@type\":\"EntryPoint\",\"urlTemplate\":\"https:\\\/\\\/www.cuerdasvalero.com\\\/fr\\\/?s={search_term_string}\"},\"query-input\":{\"@type\":\"PropertyValueSpecification\",\"valueRequired\":true,\"valueName\":\"search_term_string\"}}],\"inLanguage\":\"fr-FR\"},{\"@type\":\"Organization\",\"@id\":\"https:\\\/\\\/www.cuerdasvalero.com\\\/fr\\\/#organization\",\"name\":\"Cuerdas Valero\",\"url\":\"https:\\\/\\\/www.cuerdasvalero.com\\\/fr\\\/\",\"logo\":{\"@type\":\"ImageObject\",\"inLanguage\":\"fr-FR\",\"@id\":\"https:\\\/\\\/www.cuerdasvalero.com\\\/fr\\\/#\\\/schema\\\/logo\\\/image\\\/\",\"url\":\"https:\\\/\\\/www.cuerdasvalero.com\\\/wp-content\\\/uploads\\\/2020\\\/04\\\/cuerdas-valero-logo-.jpg\",\"contentUrl\":\"https:\\\/\\\/www.cuerdasvalero.com\\\/wp-content\\\/uploads\\\/2020\\\/04\\\/cuerdas-valero-logo-.jpg\",\"width\":196,\"height\":139,\"caption\":\"Cuerdas Valero\"},\"image\":{\"@id\":\"https:\\\/\\\/www.cuerdasvalero.com\\\/fr\\\/#\\\/schema\\\/logo\\\/image\\\/\"},\"sameAs\":[\"https:\\\/\\\/www.facebook.com\\\/CuerdasValero\\\/\"]}]}<\/script>\n<!-- \/ Yoast SEO plugin. -->","yoast_head_json":{"title":"Polyester tress\u00e9 sans \u00e2me - Cuerdas Valero","robots":{"index":"index","follow":"follow","max-snippet":"max-snippet:-1","max-image-preview":"max-image-preview:large","max-video-preview":"max-video-preview:-1"},"canonical":"https:\/\/www.cuerdasvalero.com\/fr\/produit\/polyester-tresse-sans-ame\/","og_locale":"fr_FR","og_type":"article","og_title":"Polyester tress\u00e9 sans \u00e2me - Cuerdas Valero","og_description":"Corde tress\u00e9e dans un file de polyester haute r\u00e9sistance \u00e0 16 brins. Ces cordes en polyester ont un traitement anti-UV qui les rendent tr\u00e8s r\u00e9sistantes aux rayons du soleil, elles supportent la friction, la traction et l'humidit\u00e9, elles sont donc indiqu\u00e9es pour l'ext\u00e9rieur. Elle est disponible en bobines \u00e0 200 m\u00e8tres dans les diam\u00e8tres suivants : 3, 4, 5, 6 et 7 m\/m. En raison de leurs caract\u00e9ristiques, ces cordes en polyester sont particuli\u00e8rement adapt\u00e9es \u00e0 une utilisation ext\u00e9rieure : les auvents, les b\u00e2ches, les banni\u00e8res publicitaires, l'amarrage des marchandises, les serres, les cordes \u00e0 linge, les stores, les remorques.","og_url":"https:\/\/www.cuerdasvalero.com\/fr\/produit\/polyester-tresse-sans-ame\/","og_site_name":"Cuerdas Valero","article_publisher":"https:\/\/www.facebook.com\/CuerdasValero\/","og_image":[{"width":1200,"height":1124,"url":"https:\/\/www.cuerdasvalero.com\/wp-content\/uploads\/2018\/07\/cuerda-poliester.jpg","type":"image\/jpeg"}],"twitter_card":"summary_large_image","schema":{"@context":"https:\/\/schema.org","@graph":[{"@type":"WebPage","@id":"https:\/\/www.cuerdasvalero.com\/fr\/produit\/polyester-tresse-sans-ame\/","url":"https:\/\/www.cuerdasvalero.com\/fr\/produit\/polyester-tresse-sans-ame\/","name":"Polyester tress\u00e9 sans \u00e2me - Cuerdas Valero","isPartOf":{"@id":"https:\/\/www.cuerdasvalero.com\/fr\/#website"},"primaryImageOfPage":{"@id":"https:\/\/www.cuerdasvalero.com\/fr\/produit\/polyester-tresse-sans-ame\/#primaryimage"},"image":{"@id":"https:\/\/www.cuerdasvalero.com\/fr\/produit\/polyester-tresse-sans-ame\/#primaryimage"},"thumbnailUrl":"https:\/\/www.cuerdasvalero.com\/wp-content\/uploads\/2018\/07\/cuerda-poliester-1024x959-1.jpg","datePublished":"2018-07-05T10:28:42+00:00","breadcrumb":{"@id":"https:\/\/www.cuerdasvalero.com\/fr\/produit\/polyester-tresse-sans-ame\/#breadcrumb"},"inLanguage":"fr-FR","potentialAction":[{"@type":"ReadAction","target":["https:\/\/www.cuerdasvalero.com\/fr\/produit\/polyester-tresse-sans-ame\/"]}]},{"@type":"ImageObject","inLanguage":"fr-FR","@id":"https:\/\/www.cuerdasvalero.com\/fr\/produit\/polyester-tresse-sans-ame\/#primaryimage","url":"https:\/\/www.cuerdasvalero.com\/wp-content\/uploads\/2018\/07\/cuerda-poliester-1024x959-1.jpg","contentUrl":"https:\/\/www.cuerdasvalero.com\/wp-content\/uploads\/2018\/07\/cuerda-poliester-1024x959-1.jpg","width":1024,"height":959},{"@type":"BreadcrumbList","@id":"https:\/\/www.cuerdasvalero.com\/fr\/produit\/polyester-tresse-sans-ame\/#breadcrumb","itemListElement":[{"@type":"ListItem","position":1,"name":"Inicio","item":"https:\/\/www.cuerdasvalero.com\/fr\/"},{"@type":"ListItem","position":2,"name":"Tienda","item":"https:\/\/www.cuerdasvalero.com\/tienda\/"},{"@type":"ListItem","position":3,"name":"Polyester tress\u00e9 sans \u00e2me"}]},{"@type":"WebSite","@id":"https:\/\/www.cuerdasvalero.com\/fr\/#website","url":"https:\/\/www.cuerdasvalero.com\/fr\/","name":"Cuerdas Valero","description":"","publisher":{"@id":"https:\/\/www.cuerdasvalero.com\/fr\/#organization"},"potentialAction":[{"@type":"SearchAction","target":{"@type":"EntryPoint","urlTemplate":"https:\/\/www.cuerdasvalero.com\/fr\/?s={search_term_string}"},"query-input":{"@type":"PropertyValueSpecification","valueRequired":true,"valueName":"search_term_string"}}],"inLanguage":"fr-FR"},{"@type":"Organization","@id":"https:\/\/www.cuerdasvalero.com\/fr\/#organization","name":"Cuerdas Valero","url":"https:\/\/www.cuerdasvalero.com\/fr\/","logo":{"@type":"ImageObject","inLanguage":"fr-FR","@id":"https:\/\/www.cuerdasvalero.com\/fr\/#\/schema\/logo\/image\/","url":"https:\/\/www.cuerdasvalero.com\/wp-content\/uploads\/2020\/04\/cuerdas-valero-logo-.jpg","contentUrl":"https:\/\/www.cuerdasvalero.com\/wp-content\/uploads\/2020\/04\/cuerdas-valero-logo-.jpg","width":196,"height":139,"caption":"Cuerdas Valero"},"image":{"@id":"https:\/\/www.cuerdasvalero.com\/fr\/#\/schema\/logo\/image\/"},"sameAs":["https:\/\/www.facebook.com\/CuerdasValero\/"]}]}},"_links":{"self":[{"href":"https:\/\/www.cuerdasvalero.com\/fr\/wp-json\/wp\/v2\/product\/6847","targetHints":{"allow":["GET"]}}],"collection":[{"href":"https:\/\/www.cuerdasvalero.com\/fr\/wp-json\/wp\/v2\/product"}],"about":[{"href":"https:\/\/www.cuerdasvalero.com\/fr\/wp-json\/wp\/v2\/types\/product"}],"wp:featuredmedia":[{"embeddable":true,"href":"https:\/\/www.cuerdasvalero.com\/fr\/wp-json\/wp\/v2\/media\/12310"}],"wp:attachment":[{"href":"https:\/\/www.cuerdasvalero.com\/fr\/wp-json\/wp\/v2\/media?parent=6847"}],"wp:term":[{"taxonomy":"product_brand","embeddable":true,"href":"https:\/\/www.cuerdasvalero.com\/fr\/wp-json\/wp\/v2\/product_brand?post=6847"},{"taxonomy":"product_cat","embeddable":true,"href":"https:\/\/www.cuerdasvalero.com\/fr\/wp-json\/wp\/v2\/product_cat?post=6847"},{"taxonomy":"product_tag","embeddable":true,"href":"https:\/\/www.cuerdasvalero.com\/fr\/wp-json\/wp\/v2\/product_tag?post=6847"}],"curies":[{"name":"wp","href":"https:\/\/api.w.org\/{rel}","templated":true}]}}