{"id":6842,"date":"2018-07-05T10:30:29","date_gmt":"2018-07-05T10:30:29","guid":{"rendered":"https:\/\/www.cuerdasvalero.com\/producto\/cordon-tresse-en-polyester-renforce\/"},"modified":"2018-07-05T10:30:29","modified_gmt":"2018-07-05T10:30:29","slug":"cordon-tresse-en-polyester-renforce","status":"publish","type":"product","link":"https:\/\/www.cuerdasvalero.com\/fr\/produit\/cordon-tresse-en-polyester-renforce\/","title":{"rendered":"Cordon tress\u00e9 en polyester renforc\u00e9"},"content":{"rendered":"","protected":false},"excerpt":{"rendered":"<p>Cordon tress\u00e9 100% polyester \u00e0 l&rsquo;ext\u00e9rieur avec un renfort en monofilament de nylon, a un diam\u00e8tre de 5 m\/m et se pr\u00e9sente en rouleaux \u00e0 200 m\u00e8tres, en blanc ou en blanc avec des pintes color\u00e9es, nous avons des pintes vertes, rouges et bleues.<br \/>\nCes cordes en polyester sont tr\u00e8s r\u00e9sistantes aux frottements, \u00e0 la traction, aux rayons ultraviolets, parfaites pour supporter le temps et \u00eatre \u00e0 l&rsquo;ext\u00e9rieur. Ils supportent une grande charge puisque sa r\u00e9sistance lui fait avoir peu d&rsquo;\u00e9lasticit\u00e9.<br \/>\nConvient pour les cordes \u00e0 linge, le camping et l&rsquo;amarrage des marchandises.<\/p>\n","protected":false},"featured_media":11310,"template":"","meta":[],"product_brand":[],"product_cat":[59],"product_tag":[],"class_list":{"0":"post-6842","1":"product","2":"type-product","3":"status-publish","4":"has-post-thumbnail","6":"product_cat-cordes-en-polyester","8":"first","9":"instock","10":"taxable","11":"shipping-taxable","12":"product-type-simple"},"yoast_head":"<!-- This site is optimized with the Yoast SEO plugin v27.0 - https:\/\/yoast.com\/product\/yoast-seo-wordpress\/ -->\n<title>Cordon tress\u00e9 en polyester renforc\u00e9 - Cuerdas Valero<\/title>\n<meta name=\"robots\" content=\"index, follow, max-snippet:-1, max-image-preview:large, max-video-preview:-1\" \/>\n<link rel=\"canonical\" href=\"https:\/\/www.cuerdasvalero.com\/fr\/produit\/cordon-tresse-en-polyester-renforce\/\" \/>\n<meta property=\"og:locale\" content=\"fr_FR\" \/>\n<meta property=\"og:type\" content=\"article\" \/>\n<meta property=\"og:title\" content=\"Cordon tress\u00e9 en polyester renforc\u00e9 - Cuerdas Valero\" \/>\n<meta property=\"og:description\" content=\"Cordon tress\u00e9 100% polyester \u00e0 l&#039;ext\u00e9rieur avec un renfort en monofilament de nylon, a un diam\u00e8tre de 5 m\/m et se pr\u00e9sente en rouleaux \u00e0 200 m\u00e8tres, en blanc ou en blanc avec des pintes color\u00e9es, nous avons des pintes vertes, rouges et bleues. Ces cordes en polyester sont tr\u00e8s r\u00e9sistantes aux frottements, \u00e0 la traction, aux rayons ultraviolets, parfaites pour supporter le temps et \u00eatre \u00e0 l&#039;ext\u00e9rieur. Ils supportent une grande charge puisque sa r\u00e9sistance lui fait avoir peu d&#039;\u00e9lasticit\u00e9. Convient pour les cordes \u00e0 linge, le camping et l&#039;amarrage des marchandises.\" \/>\n<meta property=\"og:url\" content=\"https:\/\/www.cuerdasvalero.com\/fr\/produit\/cordon-tresse-en-polyester-renforce\/\" \/>\n<meta property=\"og:site_name\" content=\"Cuerdas Valero\" \/>\n<meta property=\"article:publisher\" content=\"https:\/\/www.facebook.com\/CuerdasValero\/\" \/>\n<meta property=\"og:image\" content=\"https:\/\/www.cuerdasvalero.com\/wp-content\/uploads\/2018\/07\/reforzado2.jpg\" \/>\n\t<meta property=\"og:image:width\" content=\"1452\" \/>\n\t<meta property=\"og:image:height\" content=\"912\" \/>\n\t<meta property=\"og:image:type\" content=\"image\/jpeg\" \/>\n<meta name=\"twitter:card\" content=\"summary_large_image\" \/>\n<script type=\"application\/ld+json\" class=\"yoast-schema-graph\">{\"@context\":\"https:\/\/schema.org\",\"@graph\":[{\"@type\":\"WebPage\",\"@id\":\"https:\/\/www.cuerdasvalero.com\/fr\/produit\/cordon-tresse-en-polyester-renforce\/\",\"url\":\"https:\/\/www.cuerdasvalero.com\/fr\/produit\/cordon-tresse-en-polyester-renforce\/\",\"name\":\"Cordon tress\u00e9 en polyester renforc\u00e9 - Cuerdas Valero\",\"isPartOf\":{\"@id\":\"https:\/\/www.cuerdasvalero.com\/fr\/#website\"},\"primaryImageOfPage\":{\"@id\":\"https:\/\/www.cuerdasvalero.com\/fr\/produit\/cordon-tresse-en-polyester-renforce\/#primaryimage\"},\"image\":{\"@id\":\"https:\/\/www.cuerdasvalero.com\/fr\/produit\/cordon-tresse-en-polyester-renforce\/#primaryimage\"},\"thumbnailUrl\":\"https:\/\/www.cuerdasvalero.com\/wp-content\/uploads\/2018\/07\/Poliester-reforzado-bco-rojo.jpg\",\"datePublished\":\"2018-07-05T10:30:29+00:00\",\"breadcrumb\":{\"@id\":\"https:\/\/www.cuerdasvalero.com\/fr\/produit\/cordon-tresse-en-polyester-renforce\/#breadcrumb\"},\"inLanguage\":\"fr-FR\",\"potentialAction\":[{\"@type\":\"ReadAction\",\"target\":[\"https:\/\/www.cuerdasvalero.com\/fr\/produit\/cordon-tresse-en-polyester-renforce\/\"]}]},{\"@type\":\"ImageObject\",\"inLanguage\":\"fr-FR\",\"@id\":\"https:\/\/www.cuerdasvalero.com\/fr\/produit\/cordon-tresse-en-polyester-renforce\/#primaryimage\",\"url\":\"https:\/\/www.cuerdasvalero.com\/wp-content\/uploads\/2018\/07\/Poliester-reforzado-bco-rojo.jpg\",\"contentUrl\":\"https:\/\/www.cuerdasvalero.com\/wp-content\/uploads\/2018\/07\/Poliester-reforzado-bco-rojo.jpg\",\"width\":2307,\"height\":1878},{\"@type\":\"BreadcrumbList\",\"@id\":\"https:\/\/www.cuerdasvalero.com\/fr\/produit\/cordon-tresse-en-polyester-renforce\/#breadcrumb\",\"itemListElement\":[{\"@type\":\"ListItem\",\"position\":1,\"name\":\"Inicio\",\"item\":\"https:\/\/www.cuerdasvalero.com\/fr\/\"},{\"@type\":\"ListItem\",\"position\":2,\"name\":\"Tienda\",\"item\":\"https:\/\/www.cuerdasvalero.com\/tienda\/\"},{\"@type\":\"ListItem\",\"position\":3,\"name\":\"Cordon tress\u00e9 en polyester renforc\u00e9\"}]},{\"@type\":\"WebSite\",\"@id\":\"https:\/\/www.cuerdasvalero.com\/fr\/#website\",\"url\":\"https:\/\/www.cuerdasvalero.com\/fr\/\",\"name\":\"Cuerdas Valero\",\"description\":\"\",\"publisher\":{\"@id\":\"https:\/\/www.cuerdasvalero.com\/fr\/#organization\"},\"potentialAction\":[{\"@type\":\"SearchAction\",\"target\":{\"@type\":\"EntryPoint\",\"urlTemplate\":\"https:\/\/www.cuerdasvalero.com\/fr\/?s={search_term_string}\"},\"query-input\":{\"@type\":\"PropertyValueSpecification\",\"valueRequired\":true,\"valueName\":\"search_term_string\"}}],\"inLanguage\":\"fr-FR\"},{\"@type\":\"Organization\",\"@id\":\"https:\/\/www.cuerdasvalero.com\/fr\/#organization\",\"name\":\"Cuerdas Valero\",\"url\":\"https:\/\/www.cuerdasvalero.com\/fr\/\",\"logo\":{\"@type\":\"ImageObject\",\"inLanguage\":\"fr-FR\",\"@id\":\"https:\/\/www.cuerdasvalero.com\/fr\/#\/schema\/logo\/image\/\",\"url\":\"https:\/\/www.cuerdasvalero.com\/wp-content\/uploads\/2020\/04\/cuerdas-valero-logo-.jpg\",\"contentUrl\":\"https:\/\/www.cuerdasvalero.com\/wp-content\/uploads\/2020\/04\/cuerdas-valero-logo-.jpg\",\"width\":196,\"height\":139,\"caption\":\"Cuerdas Valero\"},\"image\":{\"@id\":\"https:\/\/www.cuerdasvalero.com\/fr\/#\/schema\/logo\/image\/\"},\"sameAs\":[\"https:\/\/www.facebook.com\/CuerdasValero\/\"]}]}<\/script>\n<!-- \/ Yoast SEO plugin. -->","yoast_head_json":{"title":"Cordon tress\u00e9 en polyester renforc\u00e9 - Cuerdas Valero","robots":{"index":"index","follow":"follow","max-snippet":"max-snippet:-1","max-image-preview":"max-image-preview:large","max-video-preview":"max-video-preview:-1"},"canonical":"https:\/\/www.cuerdasvalero.com\/fr\/produit\/cordon-tresse-en-polyester-renforce\/","og_locale":"fr_FR","og_type":"article","og_title":"Cordon tress\u00e9 en polyester renforc\u00e9 - Cuerdas Valero","og_description":"Cordon tress\u00e9 100% polyester \u00e0 l'ext\u00e9rieur avec un renfort en monofilament de nylon, a un diam\u00e8tre de 5 m\/m et se pr\u00e9sente en rouleaux \u00e0 200 m\u00e8tres, en blanc ou en blanc avec des pintes color\u00e9es, nous avons des pintes vertes, rouges et bleues. Ces cordes en polyester sont tr\u00e8s r\u00e9sistantes aux frottements, \u00e0 la traction, aux rayons ultraviolets, parfaites pour supporter le temps et \u00eatre \u00e0 l'ext\u00e9rieur. Ils supportent une grande charge puisque sa r\u00e9sistance lui fait avoir peu d'\u00e9lasticit\u00e9. Convient pour les cordes \u00e0 linge, le camping et l'amarrage des marchandises.","og_url":"https:\/\/www.cuerdasvalero.com\/fr\/produit\/cordon-tresse-en-polyester-renforce\/","og_site_name":"Cuerdas Valero","article_publisher":"https:\/\/www.facebook.com\/CuerdasValero\/","og_image":[{"width":1452,"height":912,"url":"https:\/\/www.cuerdasvalero.com\/wp-content\/uploads\/2018\/07\/reforzado2.jpg","type":"image\/jpeg"}],"twitter_card":"summary_large_image","schema":{"@context":"https:\/\/schema.org","@graph":[{"@type":"WebPage","@id":"https:\/\/www.cuerdasvalero.com\/fr\/produit\/cordon-tresse-en-polyester-renforce\/","url":"https:\/\/www.cuerdasvalero.com\/fr\/produit\/cordon-tresse-en-polyester-renforce\/","name":"Cordon tress\u00e9 en polyester renforc\u00e9 - Cuerdas Valero","isPartOf":{"@id":"https:\/\/www.cuerdasvalero.com\/fr\/#website"},"primaryImageOfPage":{"@id":"https:\/\/www.cuerdasvalero.com\/fr\/produit\/cordon-tresse-en-polyester-renforce\/#primaryimage"},"image":{"@id":"https:\/\/www.cuerdasvalero.com\/fr\/produit\/cordon-tresse-en-polyester-renforce\/#primaryimage"},"thumbnailUrl":"https:\/\/www.cuerdasvalero.com\/wp-content\/uploads\/2018\/07\/Poliester-reforzado-bco-rojo.jpg","datePublished":"2018-07-05T10:30:29+00:00","breadcrumb":{"@id":"https:\/\/www.cuerdasvalero.com\/fr\/produit\/cordon-tresse-en-polyester-renforce\/#breadcrumb"},"inLanguage":"fr-FR","potentialAction":[{"@type":"ReadAction","target":["https:\/\/www.cuerdasvalero.com\/fr\/produit\/cordon-tresse-en-polyester-renforce\/"]}]},{"@type":"ImageObject","inLanguage":"fr-FR","@id":"https:\/\/www.cuerdasvalero.com\/fr\/produit\/cordon-tresse-en-polyester-renforce\/#primaryimage","url":"https:\/\/www.cuerdasvalero.com\/wp-content\/uploads\/2018\/07\/Poliester-reforzado-bco-rojo.jpg","contentUrl":"https:\/\/www.cuerdasvalero.com\/wp-content\/uploads\/2018\/07\/Poliester-reforzado-bco-rojo.jpg","width":2307,"height":1878},{"@type":"BreadcrumbList","@id":"https:\/\/www.cuerdasvalero.com\/fr\/produit\/cordon-tresse-en-polyester-renforce\/#breadcrumb","itemListElement":[{"@type":"ListItem","position":1,"name":"Inicio","item":"https:\/\/www.cuerdasvalero.com\/fr\/"},{"@type":"ListItem","position":2,"name":"Tienda","item":"https:\/\/www.cuerdasvalero.com\/tienda\/"},{"@type":"ListItem","position":3,"name":"Cordon tress\u00e9 en polyester renforc\u00e9"}]},{"@type":"WebSite","@id":"https:\/\/www.cuerdasvalero.com\/fr\/#website","url":"https:\/\/www.cuerdasvalero.com\/fr\/","name":"Cuerdas Valero","description":"","publisher":{"@id":"https:\/\/www.cuerdasvalero.com\/fr\/#organization"},"potentialAction":[{"@type":"SearchAction","target":{"@type":"EntryPoint","urlTemplate":"https:\/\/www.cuerdasvalero.com\/fr\/?s={search_term_string}"},"query-input":{"@type":"PropertyValueSpecification","valueRequired":true,"valueName":"search_term_string"}}],"inLanguage":"fr-FR"},{"@type":"Organization","@id":"https:\/\/www.cuerdasvalero.com\/fr\/#organization","name":"Cuerdas Valero","url":"https:\/\/www.cuerdasvalero.com\/fr\/","logo":{"@type":"ImageObject","inLanguage":"fr-FR","@id":"https:\/\/www.cuerdasvalero.com\/fr\/#\/schema\/logo\/image\/","url":"https:\/\/www.cuerdasvalero.com\/wp-content\/uploads\/2020\/04\/cuerdas-valero-logo-.jpg","contentUrl":"https:\/\/www.cuerdasvalero.com\/wp-content\/uploads\/2020\/04\/cuerdas-valero-logo-.jpg","width":196,"height":139,"caption":"Cuerdas Valero"},"image":{"@id":"https:\/\/www.cuerdasvalero.com\/fr\/#\/schema\/logo\/image\/"},"sameAs":["https:\/\/www.facebook.com\/CuerdasValero\/"]}]}},"_links":{"self":[{"href":"https:\/\/www.cuerdasvalero.com\/fr\/wp-json\/wp\/v2\/product\/6842","targetHints":{"allow":["GET"]}}],"collection":[{"href":"https:\/\/www.cuerdasvalero.com\/fr\/wp-json\/wp\/v2\/product"}],"about":[{"href":"https:\/\/www.cuerdasvalero.com\/fr\/wp-json\/wp\/v2\/types\/product"}],"wp:featuredmedia":[{"embeddable":true,"href":"https:\/\/www.cuerdasvalero.com\/fr\/wp-json\/wp\/v2\/media\/11310"}],"wp:attachment":[{"href":"https:\/\/www.cuerdasvalero.com\/fr\/wp-json\/wp\/v2\/media?parent=6842"}],"wp:term":[{"taxonomy":"product_brand","embeddable":true,"href":"https:\/\/www.cuerdasvalero.com\/fr\/wp-json\/wp\/v2\/product_brand?post=6842"},{"taxonomy":"product_cat","embeddable":true,"href":"https:\/\/www.cuerdasvalero.com\/fr\/wp-json\/wp\/v2\/product_cat?post=6842"},{"taxonomy":"product_tag","embeddable":true,"href":"https:\/\/www.cuerdasvalero.com\/fr\/wp-json\/wp\/v2\/product_tag?post=6842"}],"curies":[{"name":"wp","href":"https:\/\/api.w.org\/{rel}","templated":true}]}}