{"id":6832,"date":"2018-07-02T18:29:00","date_gmt":"2018-07-02T18:29:00","guid":{"rendered":"https:\/\/www.cuerdasvalero.com\/producto\/corde-en-nylon-mat-4-brins\/"},"modified":"2021-07-04T11:23:03","modified_gmt":"2021-07-04T11:23:03","slug":"corde-en-nylon-mat-4-brins","status":"publish","type":"product","link":"https:\/\/www.cuerdasvalero.com\/fr\/produit\/corde-en-nylon-mat-4-brins\/","title":{"rendered":"Corde en nylon mat 4 brins"},"content":{"rendered":"","protected":false},"excerpt":{"rendered":"<p>Cordes en nylon multifilament mat, torssad\u00e9e en 4 brins (non renforc\u00e9e) , avec une grande adh\u00e9rence et r\u00e9sistance aux frottements. Elle ne se d\u00e9t\u00e9riore pas avec l&rsquo;eau et Flotte \u00e0 la surface de l&rsquo;eau.<br \/>\nEn raison de sa qualit\u00e9, elle est adapt\u00e9 \u00e0 la construction, au nautisme, \u00e0 l&rsquo;amarrage de filets de protection, \u00e0 la d\u00e9limitation de zones, aux pompes submersibles, \u00e0 la p\u00eache, \u00e0 l&rsquo;agriculture, au transport et au remorquage.<br \/>\nLa pr\u00e9sentation de ces cordes se fait en rouleaux \u00e0 100 et 200 m\u00e8tres selon les calibres. Disponible jusqu&rsquo;\u00e0 30 m\/m d&rsquo;\u00e9paisseur.<\/p>\n","protected":false},"featured_media":7491,"template":"","meta":[],"product_brand":[],"product_cat":[57],"product_tag":[],"class_list":{"0":"post-6832","1":"product","2":"type-product","3":"status-publish","4":"has-post-thumbnail","6":"product_cat-cordes-de-nylon","8":"first","9":"instock","10":"taxable","11":"shipping-taxable","12":"purchasable","13":"product-type-variable"},"yoast_head":"<!-- This site is optimized with the Yoast SEO plugin v27.5 - https:\/\/yoast.com\/product\/yoast-seo-wordpress\/ -->\n<title>Corde en nylon mat 4 brins - Cuerdas Valero<\/title>\n<meta name=\"robots\" content=\"index, follow, max-snippet:-1, max-image-preview:large, max-video-preview:-1\" \/>\n<link rel=\"canonical\" href=\"https:\/\/www.cuerdasvalero.com\/fr\/produit\/corde-en-nylon-mat-4-brins\/\" \/>\n<meta property=\"og:locale\" content=\"fr_FR\" \/>\n<meta property=\"og:type\" content=\"article\" \/>\n<meta property=\"og:title\" content=\"Corde en nylon mat 4 brins - Cuerdas Valero\" \/>\n<meta property=\"og:description\" content=\"Cordes en nylon multifilament mat, torssad\u00e9e en 4 brins (non renforc\u00e9e) , avec une grande adh\u00e9rence et r\u00e9sistance aux frottements. Elle ne se d\u00e9t\u00e9riore pas avec l&#039;eau et Flotte \u00e0 la surface de l&#039;eau. En raison de sa qualit\u00e9, elle est adapt\u00e9 \u00e0 la construction, au nautisme, \u00e0 l&#039;amarrage de filets de protection, \u00e0 la d\u00e9limitation de zones, aux pompes submersibles, \u00e0 la p\u00eache, \u00e0 l&#039;agriculture, au transport et au remorquage. La pr\u00e9sentation de ces cordes se fait en rouleaux \u00e0 100 et 200 m\u00e8tres selon les calibres. Disponible jusqu&#039;\u00e0 30 m\/m d&#039;\u00e9paisseur.\" \/>\n<meta property=\"og:url\" content=\"https:\/\/www.cuerdasvalero.com\/fr\/produit\/corde-en-nylon-mat-4-brins\/\" \/>\n<meta property=\"og:site_name\" content=\"Cuerdas Valero\" \/>\n<meta property=\"article:publisher\" content=\"https:\/\/www.facebook.com\/CuerdasValero\/\" \/>\n<meta property=\"article:modified_time\" content=\"2021-07-04T11:23:03+00:00\" \/>\n<meta property=\"og:image\" content=\"https:\/\/www.cuerdasvalero.com\/wp-content\/uploads\/2021\/06\/Nylon-mate-4c.-14-y-20-mm.jpg\" \/>\n\t<meta property=\"og:image:width\" content=\"2084\" \/>\n\t<meta property=\"og:image:height\" content=\"2060\" \/>\n\t<meta property=\"og:image:type\" content=\"image\/jpeg\" \/>\n<meta name=\"twitter:card\" content=\"summary_large_image\" \/>\n<script type=\"application\/ld+json\" class=\"yoast-schema-graph\">{\"@context\":\"https:\\\/\\\/schema.org\",\"@graph\":[{\"@type\":\"WebPage\",\"@id\":\"https:\\\/\\\/www.cuerdasvalero.com\\\/fr\\\/produit\\\/corde-en-nylon-mat-4-brins\\\/\",\"url\":\"https:\\\/\\\/www.cuerdasvalero.com\\\/fr\\\/produit\\\/corde-en-nylon-mat-4-brins\\\/\",\"name\":\"Corde en nylon mat 4 brins - Cuerdas Valero\",\"isPartOf\":{\"@id\":\"https:\\\/\\\/www.cuerdasvalero.com\\\/fr\\\/#website\"},\"primaryImageOfPage\":{\"@id\":\"https:\\\/\\\/www.cuerdasvalero.com\\\/fr\\\/produit\\\/corde-en-nylon-mat-4-brins\\\/#primaryimage\"},\"image\":{\"@id\":\"https:\\\/\\\/www.cuerdasvalero.com\\\/fr\\\/produit\\\/corde-en-nylon-mat-4-brins\\\/#primaryimage\"},\"thumbnailUrl\":\"https:\\\/\\\/www.cuerdasvalero.com\\\/wp-content\\\/uploads\\\/2021\\\/06\\\/Nylon-mate-4c.-14-y-20-mm.jpg\",\"datePublished\":\"2018-07-02T18:29:00+00:00\",\"dateModified\":\"2021-07-04T11:23:03+00:00\",\"breadcrumb\":{\"@id\":\"https:\\\/\\\/www.cuerdasvalero.com\\\/fr\\\/produit\\\/corde-en-nylon-mat-4-brins\\\/#breadcrumb\"},\"inLanguage\":\"fr-FR\",\"potentialAction\":[{\"@type\":\"ReadAction\",\"target\":[\"https:\\\/\\\/www.cuerdasvalero.com\\\/fr\\\/produit\\\/corde-en-nylon-mat-4-brins\\\/\"]}]},{\"@type\":\"ImageObject\",\"inLanguage\":\"fr-FR\",\"@id\":\"https:\\\/\\\/www.cuerdasvalero.com\\\/fr\\\/produit\\\/corde-en-nylon-mat-4-brins\\\/#primaryimage\",\"url\":\"https:\\\/\\\/www.cuerdasvalero.com\\\/wp-content\\\/uploads\\\/2021\\\/06\\\/Nylon-mate-4c.-14-y-20-mm.jpg\",\"contentUrl\":\"https:\\\/\\\/www.cuerdasvalero.com\\\/wp-content\\\/uploads\\\/2021\\\/06\\\/Nylon-mate-4c.-14-y-20-mm.jpg\",\"width\":2084,\"height\":2060},{\"@type\":\"BreadcrumbList\",\"@id\":\"https:\\\/\\\/www.cuerdasvalero.com\\\/fr\\\/produit\\\/corde-en-nylon-mat-4-brins\\\/#breadcrumb\",\"itemListElement\":[{\"@type\":\"ListItem\",\"position\":1,\"name\":\"Inicio\",\"item\":\"https:\\\/\\\/www.cuerdasvalero.com\\\/fr\\\/\"},{\"@type\":\"ListItem\",\"position\":2,\"name\":\"Tienda\",\"item\":\"https:\\\/\\\/www.cuerdasvalero.com\\\/tienda\\\/\"},{\"@type\":\"ListItem\",\"position\":3,\"name\":\"Corde en nylon mat 4 brins\"}]},{\"@type\":\"WebSite\",\"@id\":\"https:\\\/\\\/www.cuerdasvalero.com\\\/fr\\\/#website\",\"url\":\"https:\\\/\\\/www.cuerdasvalero.com\\\/fr\\\/\",\"name\":\"Cuerdas Valero\",\"description\":\"\",\"publisher\":{\"@id\":\"https:\\\/\\\/www.cuerdasvalero.com\\\/fr\\\/#organization\"},\"potentialAction\":[{\"@type\":\"SearchAction\",\"target\":{\"@type\":\"EntryPoint\",\"urlTemplate\":\"https:\\\/\\\/www.cuerdasvalero.com\\\/fr\\\/?s={search_term_string}\"},\"query-input\":{\"@type\":\"PropertyValueSpecification\",\"valueRequired\":true,\"valueName\":\"search_term_string\"}}],\"inLanguage\":\"fr-FR\"},{\"@type\":\"Organization\",\"@id\":\"https:\\\/\\\/www.cuerdasvalero.com\\\/fr\\\/#organization\",\"name\":\"Cuerdas Valero\",\"url\":\"https:\\\/\\\/www.cuerdasvalero.com\\\/fr\\\/\",\"logo\":{\"@type\":\"ImageObject\",\"inLanguage\":\"fr-FR\",\"@id\":\"https:\\\/\\\/www.cuerdasvalero.com\\\/fr\\\/#\\\/schema\\\/logo\\\/image\\\/\",\"url\":\"https:\\\/\\\/www.cuerdasvalero.com\\\/wp-content\\\/uploads\\\/2020\\\/04\\\/cuerdas-valero-logo-.jpg\",\"contentUrl\":\"https:\\\/\\\/www.cuerdasvalero.com\\\/wp-content\\\/uploads\\\/2020\\\/04\\\/cuerdas-valero-logo-.jpg\",\"width\":196,\"height\":139,\"caption\":\"Cuerdas Valero\"},\"image\":{\"@id\":\"https:\\\/\\\/www.cuerdasvalero.com\\\/fr\\\/#\\\/schema\\\/logo\\\/image\\\/\"},\"sameAs\":[\"https:\\\/\\\/www.facebook.com\\\/CuerdasValero\\\/\"]}]}<\/script>\n<!-- \/ Yoast SEO plugin. -->","yoast_head_json":{"title":"Corde en nylon mat 4 brins - Cuerdas Valero","robots":{"index":"index","follow":"follow","max-snippet":"max-snippet:-1","max-image-preview":"max-image-preview:large","max-video-preview":"max-video-preview:-1"},"canonical":"https:\/\/www.cuerdasvalero.com\/fr\/produit\/corde-en-nylon-mat-4-brins\/","og_locale":"fr_FR","og_type":"article","og_title":"Corde en nylon mat 4 brins - Cuerdas Valero","og_description":"Cordes en nylon multifilament mat, torssad\u00e9e en 4 brins (non renforc\u00e9e) , avec une grande adh\u00e9rence et r\u00e9sistance aux frottements. Elle ne se d\u00e9t\u00e9riore pas avec l'eau et Flotte \u00e0 la surface de l'eau. En raison de sa qualit\u00e9, elle est adapt\u00e9 \u00e0 la construction, au nautisme, \u00e0 l'amarrage de filets de protection, \u00e0 la d\u00e9limitation de zones, aux pompes submersibles, \u00e0 la p\u00eache, \u00e0 l'agriculture, au transport et au remorquage. La pr\u00e9sentation de ces cordes se fait en rouleaux \u00e0 100 et 200 m\u00e8tres selon les calibres. Disponible jusqu'\u00e0 30 m\/m d'\u00e9paisseur.","og_url":"https:\/\/www.cuerdasvalero.com\/fr\/produit\/corde-en-nylon-mat-4-brins\/","og_site_name":"Cuerdas Valero","article_publisher":"https:\/\/www.facebook.com\/CuerdasValero\/","article_modified_time":"2021-07-04T11:23:03+00:00","og_image":[{"width":2084,"height":2060,"url":"https:\/\/www.cuerdasvalero.com\/wp-content\/uploads\/2021\/06\/Nylon-mate-4c.-14-y-20-mm.jpg","type":"image\/jpeg"}],"twitter_card":"summary_large_image","schema":{"@context":"https:\/\/schema.org","@graph":[{"@type":"WebPage","@id":"https:\/\/www.cuerdasvalero.com\/fr\/produit\/corde-en-nylon-mat-4-brins\/","url":"https:\/\/www.cuerdasvalero.com\/fr\/produit\/corde-en-nylon-mat-4-brins\/","name":"Corde en nylon mat 4 brins - Cuerdas Valero","isPartOf":{"@id":"https:\/\/www.cuerdasvalero.com\/fr\/#website"},"primaryImageOfPage":{"@id":"https:\/\/www.cuerdasvalero.com\/fr\/produit\/corde-en-nylon-mat-4-brins\/#primaryimage"},"image":{"@id":"https:\/\/www.cuerdasvalero.com\/fr\/produit\/corde-en-nylon-mat-4-brins\/#primaryimage"},"thumbnailUrl":"https:\/\/www.cuerdasvalero.com\/wp-content\/uploads\/2021\/06\/Nylon-mate-4c.-14-y-20-mm.jpg","datePublished":"2018-07-02T18:29:00+00:00","dateModified":"2021-07-04T11:23:03+00:00","breadcrumb":{"@id":"https:\/\/www.cuerdasvalero.com\/fr\/produit\/corde-en-nylon-mat-4-brins\/#breadcrumb"},"inLanguage":"fr-FR","potentialAction":[{"@type":"ReadAction","target":["https:\/\/www.cuerdasvalero.com\/fr\/produit\/corde-en-nylon-mat-4-brins\/"]}]},{"@type":"ImageObject","inLanguage":"fr-FR","@id":"https:\/\/www.cuerdasvalero.com\/fr\/produit\/corde-en-nylon-mat-4-brins\/#primaryimage","url":"https:\/\/www.cuerdasvalero.com\/wp-content\/uploads\/2021\/06\/Nylon-mate-4c.-14-y-20-mm.jpg","contentUrl":"https:\/\/www.cuerdasvalero.com\/wp-content\/uploads\/2021\/06\/Nylon-mate-4c.-14-y-20-mm.jpg","width":2084,"height":2060},{"@type":"BreadcrumbList","@id":"https:\/\/www.cuerdasvalero.com\/fr\/produit\/corde-en-nylon-mat-4-brins\/#breadcrumb","itemListElement":[{"@type":"ListItem","position":1,"name":"Inicio","item":"https:\/\/www.cuerdasvalero.com\/fr\/"},{"@type":"ListItem","position":2,"name":"Tienda","item":"https:\/\/www.cuerdasvalero.com\/tienda\/"},{"@type":"ListItem","position":3,"name":"Corde en nylon mat 4 brins"}]},{"@type":"WebSite","@id":"https:\/\/www.cuerdasvalero.com\/fr\/#website","url":"https:\/\/www.cuerdasvalero.com\/fr\/","name":"Cuerdas Valero","description":"","publisher":{"@id":"https:\/\/www.cuerdasvalero.com\/fr\/#organization"},"potentialAction":[{"@type":"SearchAction","target":{"@type":"EntryPoint","urlTemplate":"https:\/\/www.cuerdasvalero.com\/fr\/?s={search_term_string}"},"query-input":{"@type":"PropertyValueSpecification","valueRequired":true,"valueName":"search_term_string"}}],"inLanguage":"fr-FR"},{"@type":"Organization","@id":"https:\/\/www.cuerdasvalero.com\/fr\/#organization","name":"Cuerdas Valero","url":"https:\/\/www.cuerdasvalero.com\/fr\/","logo":{"@type":"ImageObject","inLanguage":"fr-FR","@id":"https:\/\/www.cuerdasvalero.com\/fr\/#\/schema\/logo\/image\/","url":"https:\/\/www.cuerdasvalero.com\/wp-content\/uploads\/2020\/04\/cuerdas-valero-logo-.jpg","contentUrl":"https:\/\/www.cuerdasvalero.com\/wp-content\/uploads\/2020\/04\/cuerdas-valero-logo-.jpg","width":196,"height":139,"caption":"Cuerdas Valero"},"image":{"@id":"https:\/\/www.cuerdasvalero.com\/fr\/#\/schema\/logo\/image\/"},"sameAs":["https:\/\/www.facebook.com\/CuerdasValero\/"]}]}},"_links":{"self":[{"href":"https:\/\/www.cuerdasvalero.com\/fr\/wp-json\/wp\/v2\/product\/6832","targetHints":{"allow":["GET"]}}],"collection":[{"href":"https:\/\/www.cuerdasvalero.com\/fr\/wp-json\/wp\/v2\/product"}],"about":[{"href":"https:\/\/www.cuerdasvalero.com\/fr\/wp-json\/wp\/v2\/types\/product"}],"wp:featuredmedia":[{"embeddable":true,"href":"https:\/\/www.cuerdasvalero.com\/fr\/wp-json\/wp\/v2\/media\/7491"}],"wp:attachment":[{"href":"https:\/\/www.cuerdasvalero.com\/fr\/wp-json\/wp\/v2\/media?parent=6832"}],"wp:term":[{"taxonomy":"product_brand","embeddable":true,"href":"https:\/\/www.cuerdasvalero.com\/fr\/wp-json\/wp\/v2\/product_brand?post=6832"},{"taxonomy":"product_cat","embeddable":true,"href":"https:\/\/www.cuerdasvalero.com\/fr\/wp-json\/wp\/v2\/product_cat?post=6832"},{"taxonomy":"product_tag","embeddable":true,"href":"https:\/\/www.cuerdasvalero.com\/fr\/wp-json\/wp\/v2\/product_tag?post=6832"}],"curies":[{"name":"wp","href":"https:\/\/api.w.org\/{rel}","templated":true}]}}