{"id":6826,"date":"2018-06-26T16:00:58","date_gmt":"2018-06-26T16:00:58","guid":{"rendered":"https:\/\/www.cuerdasvalero.com\/producto\/fils-de-chanvre-4-brins\/"},"modified":"2021-07-04T10:28:38","modified_gmt":"2021-07-04T10:28:38","slug":"fils-de-chanvre-4-brins","status":"publish","type":"product","link":"https:\/\/www.cuerdasvalero.com\/fr\/produit\/fils-de-chanvre-4-brins\/","title":{"rendered":"Fils de chanvre 4 brins"},"content":{"rendered":"","protected":false},"excerpt":{"rendered":"<p>La corde de chanvre torsad\u00e9e  4 brins (non renforc\u00e9e), est une fibre naturelle flexible obtenue \u00e0 partir de la plante de chanvre. Ce type de corde en chanvre est indiqu\u00e9 pour la d\u00e9coration rustique, le travail manuel, les tambours, la construction, les sports, la d\u00e9limitation de zones, les animaux&#8230; compl\u00e8tement biod\u00e9gradable.<br \/>\nC&rsquo;est une fibre douce au toucher mais avec une grande capacit\u00e9 d&rsquo;Adh\u00e9rence, raison pour laquelle il est indiqu\u00e9 de l&rsquo;utiliser dans l&rsquo;entra\u00eenement des pr\u00e9parations physiques et des gymnases.<br \/>\nLes calibres de 4 et 5 m\/m sont fabriqu\u00e9s en 3 brins et les rouleaux ont une longueur de 200 m\u00e8tres.<br \/>\nLes tailles 6 et 8 m\/m sont fabriqu\u00e9es en rouleaux \u00e0 200 m\u00e8tres, \u00e0 partir de 10 m\/m \u00e0 100 m\u00e8tres.<br \/>\nNous avons cette corde en 30 m\/m  sp\u00e9ciale \u00e9scalade<\/p>\n","protected":false},"featured_media":13914,"template":"","meta":[],"product_brand":[],"product_cat":[56],"product_tag":[],"class_list":{"0":"post-6826","1":"product","2":"type-product","3":"status-publish","4":"has-post-thumbnail","6":"product_cat-cordes-de-chanvre","8":"first","9":"instock","10":"taxable","11":"shipping-taxable","12":"purchasable","13":"product-type-variable"},"yoast_head":"<!-- This site is optimized with the Yoast SEO plugin v27.5 - https:\/\/yoast.com\/product\/yoast-seo-wordpress\/ -->\n<title>Fils de chanvre 4 brins - Cuerdas Valero<\/title>\n<meta name=\"robots\" content=\"index, follow, max-snippet:-1, max-image-preview:large, max-video-preview:-1\" \/>\n<link rel=\"canonical\" href=\"https:\/\/www.cuerdasvalero.com\/fr\/produit\/fils-de-chanvre-4-brins\/\" \/>\n<meta property=\"og:locale\" content=\"fr_FR\" \/>\n<meta property=\"og:type\" content=\"article\" \/>\n<meta property=\"og:title\" content=\"Fils de chanvre 4 brins - Cuerdas Valero\" \/>\n<meta property=\"og:description\" content=\"La corde de chanvre torsad\u00e9e 4 brins (non renforc\u00e9e), est une fibre naturelle flexible obtenue \u00e0 partir de la plante de chanvre. Ce type de corde en chanvre est indiqu\u00e9 pour la d\u00e9coration rustique, le travail manuel, les tambours, la construction, les sports, la d\u00e9limitation de zones, les animaux... compl\u00e8tement biod\u00e9gradable. C&#039;est une fibre douce au toucher mais avec une grande capacit\u00e9 d&#039;Adh\u00e9rence, raison pour laquelle il est indiqu\u00e9 de l&#039;utiliser dans l&#039;entra\u00eenement des pr\u00e9parations physiques et des gymnases. Les calibres de 4 et 5 m\/m sont fabriqu\u00e9s en 3 brins et les rouleaux ont une longueur de 200 m\u00e8tres. Les tailles 6 et 8 m\/m sont fabriqu\u00e9es en rouleaux \u00e0 200 m\u00e8tres, \u00e0 partir de 10 m\/m \u00e0 100 m\u00e8tres. Nous avons cette corde en 30 m\/m sp\u00e9ciale \u00e9scalade\" \/>\n<meta property=\"og:url\" content=\"https:\/\/www.cuerdasvalero.com\/fr\/produit\/fils-de-chanvre-4-brins\/\" \/>\n<meta property=\"og:site_name\" content=\"Cuerdas Valero\" \/>\n<meta property=\"article:publisher\" content=\"https:\/\/www.facebook.com\/CuerdasValero\/\" \/>\n<meta property=\"article:modified_time\" content=\"2021-07-04T10:28:38+00:00\" \/>\n<meta property=\"og:image\" content=\"https:\/\/www.cuerdasvalero.com\/wp-content\/uploads\/2021\/06\/Cuerda-canamo-4-cabos-1024x740.jpg\" \/>\n\t<meta property=\"og:image:width\" content=\"1024\" \/>\n\t<meta property=\"og:image:height\" content=\"740\" \/>\n\t<meta property=\"og:image:type\" content=\"image\/jpeg\" \/>\n<meta name=\"twitter:card\" content=\"summary_large_image\" \/>\n<script type=\"application\/ld+json\" class=\"yoast-schema-graph\">{\"@context\":\"https:\\\/\\\/schema.org\",\"@graph\":[{\"@type\":\"WebPage\",\"@id\":\"https:\\\/\\\/www.cuerdasvalero.com\\\/fr\\\/produit\\\/fils-de-chanvre-4-brins\\\/\",\"url\":\"https:\\\/\\\/www.cuerdasvalero.com\\\/fr\\\/produit\\\/fils-de-chanvre-4-brins\\\/\",\"name\":\"Fils de chanvre 4 brins - Cuerdas Valero\",\"isPartOf\":{\"@id\":\"https:\\\/\\\/www.cuerdasvalero.com\\\/fr\\\/#website\"},\"primaryImageOfPage\":{\"@id\":\"https:\\\/\\\/www.cuerdasvalero.com\\\/fr\\\/produit\\\/fils-de-chanvre-4-brins\\\/#primaryimage\"},\"image\":{\"@id\":\"https:\\\/\\\/www.cuerdasvalero.com\\\/fr\\\/produit\\\/fils-de-chanvre-4-brins\\\/#primaryimage\"},\"thumbnailUrl\":\"https:\\\/\\\/www.cuerdasvalero.com\\\/wp-content\\\/uploads\\\/2018\\\/06\\\/Cuerda-canamo-4-cabos-1024x740-2.jpg\",\"datePublished\":\"2018-06-26T16:00:58+00:00\",\"dateModified\":\"2021-07-04T10:28:38+00:00\",\"breadcrumb\":{\"@id\":\"https:\\\/\\\/www.cuerdasvalero.com\\\/fr\\\/produit\\\/fils-de-chanvre-4-brins\\\/#breadcrumb\"},\"inLanguage\":\"fr-FR\",\"potentialAction\":[{\"@type\":\"ReadAction\",\"target\":[\"https:\\\/\\\/www.cuerdasvalero.com\\\/fr\\\/produit\\\/fils-de-chanvre-4-brins\\\/\"]}]},{\"@type\":\"ImageObject\",\"inLanguage\":\"fr-FR\",\"@id\":\"https:\\\/\\\/www.cuerdasvalero.com\\\/fr\\\/produit\\\/fils-de-chanvre-4-brins\\\/#primaryimage\",\"url\":\"https:\\\/\\\/www.cuerdasvalero.com\\\/wp-content\\\/uploads\\\/2018\\\/06\\\/Cuerda-canamo-4-cabos-1024x740-2.jpg\",\"contentUrl\":\"https:\\\/\\\/www.cuerdasvalero.com\\\/wp-content\\\/uploads\\\/2018\\\/06\\\/Cuerda-canamo-4-cabos-1024x740-2.jpg\",\"width\":1081,\"height\":736},{\"@type\":\"BreadcrumbList\",\"@id\":\"https:\\\/\\\/www.cuerdasvalero.com\\\/fr\\\/produit\\\/fils-de-chanvre-4-brins\\\/#breadcrumb\",\"itemListElement\":[{\"@type\":\"ListItem\",\"position\":1,\"name\":\"Inicio\",\"item\":\"https:\\\/\\\/www.cuerdasvalero.com\\\/fr\\\/\"},{\"@type\":\"ListItem\",\"position\":2,\"name\":\"Tienda\",\"item\":\"https:\\\/\\\/www.cuerdasvalero.com\\\/tienda\\\/\"},{\"@type\":\"ListItem\",\"position\":3,\"name\":\"Fils de chanvre 4 brins\"}]},{\"@type\":\"WebSite\",\"@id\":\"https:\\\/\\\/www.cuerdasvalero.com\\\/fr\\\/#website\",\"url\":\"https:\\\/\\\/www.cuerdasvalero.com\\\/fr\\\/\",\"name\":\"Cuerdas Valero\",\"description\":\"\",\"publisher\":{\"@id\":\"https:\\\/\\\/www.cuerdasvalero.com\\\/fr\\\/#organization\"},\"potentialAction\":[{\"@type\":\"SearchAction\",\"target\":{\"@type\":\"EntryPoint\",\"urlTemplate\":\"https:\\\/\\\/www.cuerdasvalero.com\\\/fr\\\/?s={search_term_string}\"},\"query-input\":{\"@type\":\"PropertyValueSpecification\",\"valueRequired\":true,\"valueName\":\"search_term_string\"}}],\"inLanguage\":\"fr-FR\"},{\"@type\":\"Organization\",\"@id\":\"https:\\\/\\\/www.cuerdasvalero.com\\\/fr\\\/#organization\",\"name\":\"Cuerdas Valero\",\"url\":\"https:\\\/\\\/www.cuerdasvalero.com\\\/fr\\\/\",\"logo\":{\"@type\":\"ImageObject\",\"inLanguage\":\"fr-FR\",\"@id\":\"https:\\\/\\\/www.cuerdasvalero.com\\\/fr\\\/#\\\/schema\\\/logo\\\/image\\\/\",\"url\":\"https:\\\/\\\/www.cuerdasvalero.com\\\/wp-content\\\/uploads\\\/2020\\\/04\\\/cuerdas-valero-logo-.jpg\",\"contentUrl\":\"https:\\\/\\\/www.cuerdasvalero.com\\\/wp-content\\\/uploads\\\/2020\\\/04\\\/cuerdas-valero-logo-.jpg\",\"width\":196,\"height\":139,\"caption\":\"Cuerdas Valero\"},\"image\":{\"@id\":\"https:\\\/\\\/www.cuerdasvalero.com\\\/fr\\\/#\\\/schema\\\/logo\\\/image\\\/\"},\"sameAs\":[\"https:\\\/\\\/www.facebook.com\\\/CuerdasValero\\\/\"]}]}<\/script>\n<!-- \/ Yoast SEO plugin. -->","yoast_head_json":{"title":"Fils de chanvre 4 brins - Cuerdas Valero","robots":{"index":"index","follow":"follow","max-snippet":"max-snippet:-1","max-image-preview":"max-image-preview:large","max-video-preview":"max-video-preview:-1"},"canonical":"https:\/\/www.cuerdasvalero.com\/fr\/produit\/fils-de-chanvre-4-brins\/","og_locale":"fr_FR","og_type":"article","og_title":"Fils de chanvre 4 brins - Cuerdas Valero","og_description":"La corde de chanvre torsad\u00e9e 4 brins (non renforc\u00e9e), est une fibre naturelle flexible obtenue \u00e0 partir de la plante de chanvre. Ce type de corde en chanvre est indiqu\u00e9 pour la d\u00e9coration rustique, le travail manuel, les tambours, la construction, les sports, la d\u00e9limitation de zones, les animaux... compl\u00e8tement biod\u00e9gradable. C'est une fibre douce au toucher mais avec une grande capacit\u00e9 d'Adh\u00e9rence, raison pour laquelle il est indiqu\u00e9 de l'utiliser dans l'entra\u00eenement des pr\u00e9parations physiques et des gymnases. Les calibres de 4 et 5 m\/m sont fabriqu\u00e9s en 3 brins et les rouleaux ont une longueur de 200 m\u00e8tres. Les tailles 6 et 8 m\/m sont fabriqu\u00e9es en rouleaux \u00e0 200 m\u00e8tres, \u00e0 partir de 10 m\/m \u00e0 100 m\u00e8tres. Nous avons cette corde en 30 m\/m sp\u00e9ciale \u00e9scalade","og_url":"https:\/\/www.cuerdasvalero.com\/fr\/produit\/fils-de-chanvre-4-brins\/","og_site_name":"Cuerdas Valero","article_publisher":"https:\/\/www.facebook.com\/CuerdasValero\/","article_modified_time":"2021-07-04T10:28:38+00:00","og_image":[{"width":1024,"height":740,"url":"https:\/\/www.cuerdasvalero.com\/wp-content\/uploads\/2021\/06\/Cuerda-canamo-4-cabos-1024x740.jpg","type":"image\/jpeg"}],"twitter_card":"summary_large_image","schema":{"@context":"https:\/\/schema.org","@graph":[{"@type":"WebPage","@id":"https:\/\/www.cuerdasvalero.com\/fr\/produit\/fils-de-chanvre-4-brins\/","url":"https:\/\/www.cuerdasvalero.com\/fr\/produit\/fils-de-chanvre-4-brins\/","name":"Fils de chanvre 4 brins - Cuerdas Valero","isPartOf":{"@id":"https:\/\/www.cuerdasvalero.com\/fr\/#website"},"primaryImageOfPage":{"@id":"https:\/\/www.cuerdasvalero.com\/fr\/produit\/fils-de-chanvre-4-brins\/#primaryimage"},"image":{"@id":"https:\/\/www.cuerdasvalero.com\/fr\/produit\/fils-de-chanvre-4-brins\/#primaryimage"},"thumbnailUrl":"https:\/\/www.cuerdasvalero.com\/wp-content\/uploads\/2018\/06\/Cuerda-canamo-4-cabos-1024x740-2.jpg","datePublished":"2018-06-26T16:00:58+00:00","dateModified":"2021-07-04T10:28:38+00:00","breadcrumb":{"@id":"https:\/\/www.cuerdasvalero.com\/fr\/produit\/fils-de-chanvre-4-brins\/#breadcrumb"},"inLanguage":"fr-FR","potentialAction":[{"@type":"ReadAction","target":["https:\/\/www.cuerdasvalero.com\/fr\/produit\/fils-de-chanvre-4-brins\/"]}]},{"@type":"ImageObject","inLanguage":"fr-FR","@id":"https:\/\/www.cuerdasvalero.com\/fr\/produit\/fils-de-chanvre-4-brins\/#primaryimage","url":"https:\/\/www.cuerdasvalero.com\/wp-content\/uploads\/2018\/06\/Cuerda-canamo-4-cabos-1024x740-2.jpg","contentUrl":"https:\/\/www.cuerdasvalero.com\/wp-content\/uploads\/2018\/06\/Cuerda-canamo-4-cabos-1024x740-2.jpg","width":1081,"height":736},{"@type":"BreadcrumbList","@id":"https:\/\/www.cuerdasvalero.com\/fr\/produit\/fils-de-chanvre-4-brins\/#breadcrumb","itemListElement":[{"@type":"ListItem","position":1,"name":"Inicio","item":"https:\/\/www.cuerdasvalero.com\/fr\/"},{"@type":"ListItem","position":2,"name":"Tienda","item":"https:\/\/www.cuerdasvalero.com\/tienda\/"},{"@type":"ListItem","position":3,"name":"Fils de chanvre 4 brins"}]},{"@type":"WebSite","@id":"https:\/\/www.cuerdasvalero.com\/fr\/#website","url":"https:\/\/www.cuerdasvalero.com\/fr\/","name":"Cuerdas Valero","description":"","publisher":{"@id":"https:\/\/www.cuerdasvalero.com\/fr\/#organization"},"potentialAction":[{"@type":"SearchAction","target":{"@type":"EntryPoint","urlTemplate":"https:\/\/www.cuerdasvalero.com\/fr\/?s={search_term_string}"},"query-input":{"@type":"PropertyValueSpecification","valueRequired":true,"valueName":"search_term_string"}}],"inLanguage":"fr-FR"},{"@type":"Organization","@id":"https:\/\/www.cuerdasvalero.com\/fr\/#organization","name":"Cuerdas Valero","url":"https:\/\/www.cuerdasvalero.com\/fr\/","logo":{"@type":"ImageObject","inLanguage":"fr-FR","@id":"https:\/\/www.cuerdasvalero.com\/fr\/#\/schema\/logo\/image\/","url":"https:\/\/www.cuerdasvalero.com\/wp-content\/uploads\/2020\/04\/cuerdas-valero-logo-.jpg","contentUrl":"https:\/\/www.cuerdasvalero.com\/wp-content\/uploads\/2020\/04\/cuerdas-valero-logo-.jpg","width":196,"height":139,"caption":"Cuerdas Valero"},"image":{"@id":"https:\/\/www.cuerdasvalero.com\/fr\/#\/schema\/logo\/image\/"},"sameAs":["https:\/\/www.facebook.com\/CuerdasValero\/"]}]}},"_links":{"self":[{"href":"https:\/\/www.cuerdasvalero.com\/fr\/wp-json\/wp\/v2\/product\/6826","targetHints":{"allow":["GET"]}}],"collection":[{"href":"https:\/\/www.cuerdasvalero.com\/fr\/wp-json\/wp\/v2\/product"}],"about":[{"href":"https:\/\/www.cuerdasvalero.com\/fr\/wp-json\/wp\/v2\/types\/product"}],"wp:featuredmedia":[{"embeddable":true,"href":"https:\/\/www.cuerdasvalero.com\/fr\/wp-json\/wp\/v2\/media\/13914"}],"wp:attachment":[{"href":"https:\/\/www.cuerdasvalero.com\/fr\/wp-json\/wp\/v2\/media?parent=6826"}],"wp:term":[{"taxonomy":"product_brand","embeddable":true,"href":"https:\/\/www.cuerdasvalero.com\/fr\/wp-json\/wp\/v2\/product_brand?post=6826"},{"taxonomy":"product_cat","embeddable":true,"href":"https:\/\/www.cuerdasvalero.com\/fr\/wp-json\/wp\/v2\/product_cat?post=6826"},{"taxonomy":"product_tag","embeddable":true,"href":"https:\/\/www.cuerdasvalero.com\/fr\/wp-json\/wp\/v2\/product_tag?post=6826"}],"curies":[{"name":"wp","href":"https:\/\/api.w.org\/{rel}","templated":true}]}}