{"id":6759,"date":"2021-03-20T17:42:28","date_gmt":"2021-03-20T17:42:28","guid":{"rendered":"https:\/\/www.cuerdasvalero.com\/producto\/ruban-sangle-de-ceinture-de-securite\/"},"modified":"2021-07-04T10:26:56","modified_gmt":"2021-07-04T10:26:56","slug":"ruban-sangle-de-ceinture-de-securite","status":"publish","type":"product","link":"https:\/\/www.cuerdasvalero.com\/fr\/produit\/ruban-sangle-de-ceinture-de-securite\/","title":{"rendered":"Bande de type ceinture de s\u00e9curit\u00e9 en polyester"},"content":{"rendered":"","protected":false},"excerpt":{"rendered":"<p>Bande thermofix\u00e9e en 100% polyester haute t\u00e9nacit\u00e9, d&rsquo;une \u00e9paisseur de 1,5 mm, d&rsquo;une largeur de 47 mm et d&rsquo;une \u00e9lasticit\u00e9 inf\u00e9rieure \u00e0 7%.<\/p>\n<p>Disponible en rouleaux de 5 et 100 m\u00e8tres en noir. <\/p>\n<p>Convient aux syst\u00e8mes d&rsquo;amarrage et d&rsquo;arrimage, aux b\u00e2ches pour camions et publicit\u00e9s, aux couvertures de piscines, aux applications agricoles, aux structures gonflables en PVC, aux aires de jeux pour enfants et au mobilier urbain.<\/p>\n","protected":false},"featured_media":7128,"template":"","meta":[],"product_brand":[],"product_cat":[55],"product_tag":[],"class_list":{"0":"post-6759","1":"product","2":"type-product","3":"status-publish","4":"has-post-thumbnail","6":"product_cat-sangles","8":"first","9":"instock","10":"taxable","11":"shipping-taxable","12":"purchasable","13":"product-type-variable"},"yoast_head":"<!-- This site is optimized with the Yoast SEO plugin v27.5 - https:\/\/yoast.com\/product\/yoast-seo-wordpress\/ -->\n<title>Bande de type ceinture de s\u00e9curit\u00e9 en polyester - Cuerdas Valero<\/title>\n<meta name=\"robots\" content=\"index, follow, max-snippet:-1, max-image-preview:large, max-video-preview:-1\" \/>\n<link rel=\"canonical\" href=\"https:\/\/www.cuerdasvalero.com\/fr\/produit\/ruban-sangle-de-ceinture-de-securite\/\" \/>\n<meta property=\"og:locale\" content=\"fr_FR\" \/>\n<meta property=\"og:type\" content=\"article\" \/>\n<meta property=\"og:title\" content=\"Bande de type ceinture de s\u00e9curit\u00e9 en polyester - Cuerdas Valero\" \/>\n<meta property=\"og:description\" content=\"Bande thermofix\u00e9e en 100% polyester haute t\u00e9nacit\u00e9, d&#039;une \u00e9paisseur de 1,5 mm, d&#039;une largeur de 47 mm et d&#039;une \u00e9lasticit\u00e9 inf\u00e9rieure \u00e0 7%.  Disponible en rouleaux de 5 et 100 m\u00e8tres en noir.   Convient aux syst\u00e8mes d&#039;amarrage et d&#039;arrimage, aux b\u00e2ches pour camions et publicit\u00e9s, aux couvertures de piscines, aux applications agricoles, aux structures gonflables en PVC, aux aires de jeux pour enfants et au mobilier urbain.\" \/>\n<meta property=\"og:url\" content=\"https:\/\/www.cuerdasvalero.com\/fr\/produit\/ruban-sangle-de-ceinture-de-securite\/\" \/>\n<meta property=\"og:site_name\" content=\"Cuerdas Valero\" \/>\n<meta property=\"article:publisher\" content=\"https:\/\/www.facebook.com\/CuerdasValero\/\" \/>\n<meta property=\"article:modified_time\" content=\"2021-07-04T10:26:56+00:00\" \/>\n<meta property=\"og:image\" content=\"https:\/\/www.cuerdasvalero.com\/wp-content\/uploads\/2021\/03\/Cinta-tipo-cinturon-de-seguridad-negro-scaled.jpg\" \/>\n\t<meta property=\"og:image:width\" content=\"2560\" \/>\n\t<meta property=\"og:image:height\" content=\"1436\" \/>\n\t<meta property=\"og:image:type\" content=\"image\/jpeg\" \/>\n<meta name=\"twitter:card\" content=\"summary_large_image\" \/>\n<script type=\"application\/ld+json\" class=\"yoast-schema-graph\">{\"@context\":\"https:\\\/\\\/schema.org\",\"@graph\":[{\"@type\":\"WebPage\",\"@id\":\"https:\\\/\\\/www.cuerdasvalero.com\\\/fr\\\/produit\\\/ruban-sangle-de-ceinture-de-securite\\\/\",\"url\":\"https:\\\/\\\/www.cuerdasvalero.com\\\/fr\\\/produit\\\/ruban-sangle-de-ceinture-de-securite\\\/\",\"name\":\"Bande de type ceinture de s\u00e9curit\u00e9 en polyester - Cuerdas Valero\",\"isPartOf\":{\"@id\":\"https:\\\/\\\/www.cuerdasvalero.com\\\/fr\\\/#website\"},\"primaryImageOfPage\":{\"@id\":\"https:\\\/\\\/www.cuerdasvalero.com\\\/fr\\\/produit\\\/ruban-sangle-de-ceinture-de-securite\\\/#primaryimage\"},\"image\":{\"@id\":\"https:\\\/\\\/www.cuerdasvalero.com\\\/fr\\\/produit\\\/ruban-sangle-de-ceinture-de-securite\\\/#primaryimage\"},\"thumbnailUrl\":\"https:\\\/\\\/www.cuerdasvalero.com\\\/wp-content\\\/uploads\\\/2021\\\/03\\\/Cinta-tipo-cinturon-de-seguridad-negro-scaled.jpg\",\"datePublished\":\"2021-03-20T17:42:28+00:00\",\"dateModified\":\"2021-07-04T10:26:56+00:00\",\"breadcrumb\":{\"@id\":\"https:\\\/\\\/www.cuerdasvalero.com\\\/fr\\\/produit\\\/ruban-sangle-de-ceinture-de-securite\\\/#breadcrumb\"},\"inLanguage\":\"fr-FR\",\"potentialAction\":[{\"@type\":\"ReadAction\",\"target\":[\"https:\\\/\\\/www.cuerdasvalero.com\\\/fr\\\/produit\\\/ruban-sangle-de-ceinture-de-securite\\\/\"]}]},{\"@type\":\"ImageObject\",\"inLanguage\":\"fr-FR\",\"@id\":\"https:\\\/\\\/www.cuerdasvalero.com\\\/fr\\\/produit\\\/ruban-sangle-de-ceinture-de-securite\\\/#primaryimage\",\"url\":\"https:\\\/\\\/www.cuerdasvalero.com\\\/wp-content\\\/uploads\\\/2021\\\/03\\\/Cinta-tipo-cinturon-de-seguridad-negro-scaled.jpg\",\"contentUrl\":\"https:\\\/\\\/www.cuerdasvalero.com\\\/wp-content\\\/uploads\\\/2021\\\/03\\\/Cinta-tipo-cinturon-de-seguridad-negro-scaled.jpg\",\"width\":2560,\"height\":1436},{\"@type\":\"BreadcrumbList\",\"@id\":\"https:\\\/\\\/www.cuerdasvalero.com\\\/fr\\\/produit\\\/ruban-sangle-de-ceinture-de-securite\\\/#breadcrumb\",\"itemListElement\":[{\"@type\":\"ListItem\",\"position\":1,\"name\":\"Inicio\",\"item\":\"https:\\\/\\\/www.cuerdasvalero.com\\\/fr\\\/\"},{\"@type\":\"ListItem\",\"position\":2,\"name\":\"Tienda\",\"item\":\"https:\\\/\\\/www.cuerdasvalero.com\\\/tienda\\\/\"},{\"@type\":\"ListItem\",\"position\":3,\"name\":\"Bande de type ceinture de s\u00e9curit\u00e9 en polyester\"}]},{\"@type\":\"WebSite\",\"@id\":\"https:\\\/\\\/www.cuerdasvalero.com\\\/fr\\\/#website\",\"url\":\"https:\\\/\\\/www.cuerdasvalero.com\\\/fr\\\/\",\"name\":\"Cuerdas Valero\",\"description\":\"\",\"publisher\":{\"@id\":\"https:\\\/\\\/www.cuerdasvalero.com\\\/fr\\\/#organization\"},\"potentialAction\":[{\"@type\":\"SearchAction\",\"target\":{\"@type\":\"EntryPoint\",\"urlTemplate\":\"https:\\\/\\\/www.cuerdasvalero.com\\\/fr\\\/?s={search_term_string}\"},\"query-input\":{\"@type\":\"PropertyValueSpecification\",\"valueRequired\":true,\"valueName\":\"search_term_string\"}}],\"inLanguage\":\"fr-FR\"},{\"@type\":\"Organization\",\"@id\":\"https:\\\/\\\/www.cuerdasvalero.com\\\/fr\\\/#organization\",\"name\":\"Cuerdas Valero\",\"url\":\"https:\\\/\\\/www.cuerdasvalero.com\\\/fr\\\/\",\"logo\":{\"@type\":\"ImageObject\",\"inLanguage\":\"fr-FR\",\"@id\":\"https:\\\/\\\/www.cuerdasvalero.com\\\/fr\\\/#\\\/schema\\\/logo\\\/image\\\/\",\"url\":\"https:\\\/\\\/www.cuerdasvalero.com\\\/wp-content\\\/uploads\\\/2020\\\/04\\\/cuerdas-valero-logo-.jpg\",\"contentUrl\":\"https:\\\/\\\/www.cuerdasvalero.com\\\/wp-content\\\/uploads\\\/2020\\\/04\\\/cuerdas-valero-logo-.jpg\",\"width\":196,\"height\":139,\"caption\":\"Cuerdas Valero\"},\"image\":{\"@id\":\"https:\\\/\\\/www.cuerdasvalero.com\\\/fr\\\/#\\\/schema\\\/logo\\\/image\\\/\"},\"sameAs\":[\"https:\\\/\\\/www.facebook.com\\\/CuerdasValero\\\/\"]}]}<\/script>\n<!-- \/ Yoast SEO plugin. -->","yoast_head_json":{"title":"Bande de type ceinture de s\u00e9curit\u00e9 en polyester - Cuerdas Valero","robots":{"index":"index","follow":"follow","max-snippet":"max-snippet:-1","max-image-preview":"max-image-preview:large","max-video-preview":"max-video-preview:-1"},"canonical":"https:\/\/www.cuerdasvalero.com\/fr\/produit\/ruban-sangle-de-ceinture-de-securite\/","og_locale":"fr_FR","og_type":"article","og_title":"Bande de type ceinture de s\u00e9curit\u00e9 en polyester - Cuerdas Valero","og_description":"Bande thermofix\u00e9e en 100% polyester haute t\u00e9nacit\u00e9, d'une \u00e9paisseur de 1,5 mm, d'une largeur de 47 mm et d'une \u00e9lasticit\u00e9 inf\u00e9rieure \u00e0 7%.  Disponible en rouleaux de 5 et 100 m\u00e8tres en noir.   Convient aux syst\u00e8mes d'amarrage et d'arrimage, aux b\u00e2ches pour camions et publicit\u00e9s, aux couvertures de piscines, aux applications agricoles, aux structures gonflables en PVC, aux aires de jeux pour enfants et au mobilier urbain.","og_url":"https:\/\/www.cuerdasvalero.com\/fr\/produit\/ruban-sangle-de-ceinture-de-securite\/","og_site_name":"Cuerdas Valero","article_publisher":"https:\/\/www.facebook.com\/CuerdasValero\/","article_modified_time":"2021-07-04T10:26:56+00:00","og_image":[{"width":2560,"height":1436,"url":"https:\/\/www.cuerdasvalero.com\/wp-content\/uploads\/2021\/03\/Cinta-tipo-cinturon-de-seguridad-negro-scaled.jpg","type":"image\/jpeg"}],"twitter_card":"summary_large_image","schema":{"@context":"https:\/\/schema.org","@graph":[{"@type":"WebPage","@id":"https:\/\/www.cuerdasvalero.com\/fr\/produit\/ruban-sangle-de-ceinture-de-securite\/","url":"https:\/\/www.cuerdasvalero.com\/fr\/produit\/ruban-sangle-de-ceinture-de-securite\/","name":"Bande de type ceinture de s\u00e9curit\u00e9 en polyester - Cuerdas Valero","isPartOf":{"@id":"https:\/\/www.cuerdasvalero.com\/fr\/#website"},"primaryImageOfPage":{"@id":"https:\/\/www.cuerdasvalero.com\/fr\/produit\/ruban-sangle-de-ceinture-de-securite\/#primaryimage"},"image":{"@id":"https:\/\/www.cuerdasvalero.com\/fr\/produit\/ruban-sangle-de-ceinture-de-securite\/#primaryimage"},"thumbnailUrl":"https:\/\/www.cuerdasvalero.com\/wp-content\/uploads\/2021\/03\/Cinta-tipo-cinturon-de-seguridad-negro-scaled.jpg","datePublished":"2021-03-20T17:42:28+00:00","dateModified":"2021-07-04T10:26:56+00:00","breadcrumb":{"@id":"https:\/\/www.cuerdasvalero.com\/fr\/produit\/ruban-sangle-de-ceinture-de-securite\/#breadcrumb"},"inLanguage":"fr-FR","potentialAction":[{"@type":"ReadAction","target":["https:\/\/www.cuerdasvalero.com\/fr\/produit\/ruban-sangle-de-ceinture-de-securite\/"]}]},{"@type":"ImageObject","inLanguage":"fr-FR","@id":"https:\/\/www.cuerdasvalero.com\/fr\/produit\/ruban-sangle-de-ceinture-de-securite\/#primaryimage","url":"https:\/\/www.cuerdasvalero.com\/wp-content\/uploads\/2021\/03\/Cinta-tipo-cinturon-de-seguridad-negro-scaled.jpg","contentUrl":"https:\/\/www.cuerdasvalero.com\/wp-content\/uploads\/2021\/03\/Cinta-tipo-cinturon-de-seguridad-negro-scaled.jpg","width":2560,"height":1436},{"@type":"BreadcrumbList","@id":"https:\/\/www.cuerdasvalero.com\/fr\/produit\/ruban-sangle-de-ceinture-de-securite\/#breadcrumb","itemListElement":[{"@type":"ListItem","position":1,"name":"Inicio","item":"https:\/\/www.cuerdasvalero.com\/fr\/"},{"@type":"ListItem","position":2,"name":"Tienda","item":"https:\/\/www.cuerdasvalero.com\/tienda\/"},{"@type":"ListItem","position":3,"name":"Bande de type ceinture de s\u00e9curit\u00e9 en polyester"}]},{"@type":"WebSite","@id":"https:\/\/www.cuerdasvalero.com\/fr\/#website","url":"https:\/\/www.cuerdasvalero.com\/fr\/","name":"Cuerdas Valero","description":"","publisher":{"@id":"https:\/\/www.cuerdasvalero.com\/fr\/#organization"},"potentialAction":[{"@type":"SearchAction","target":{"@type":"EntryPoint","urlTemplate":"https:\/\/www.cuerdasvalero.com\/fr\/?s={search_term_string}"},"query-input":{"@type":"PropertyValueSpecification","valueRequired":true,"valueName":"search_term_string"}}],"inLanguage":"fr-FR"},{"@type":"Organization","@id":"https:\/\/www.cuerdasvalero.com\/fr\/#organization","name":"Cuerdas Valero","url":"https:\/\/www.cuerdasvalero.com\/fr\/","logo":{"@type":"ImageObject","inLanguage":"fr-FR","@id":"https:\/\/www.cuerdasvalero.com\/fr\/#\/schema\/logo\/image\/","url":"https:\/\/www.cuerdasvalero.com\/wp-content\/uploads\/2020\/04\/cuerdas-valero-logo-.jpg","contentUrl":"https:\/\/www.cuerdasvalero.com\/wp-content\/uploads\/2020\/04\/cuerdas-valero-logo-.jpg","width":196,"height":139,"caption":"Cuerdas Valero"},"image":{"@id":"https:\/\/www.cuerdasvalero.com\/fr\/#\/schema\/logo\/image\/"},"sameAs":["https:\/\/www.facebook.com\/CuerdasValero\/"]}]}},"_links":{"self":[{"href":"https:\/\/www.cuerdasvalero.com\/fr\/wp-json\/wp\/v2\/product\/6759","targetHints":{"allow":["GET"]}}],"collection":[{"href":"https:\/\/www.cuerdasvalero.com\/fr\/wp-json\/wp\/v2\/product"}],"about":[{"href":"https:\/\/www.cuerdasvalero.com\/fr\/wp-json\/wp\/v2\/types\/product"}],"wp:featuredmedia":[{"embeddable":true,"href":"https:\/\/www.cuerdasvalero.com\/fr\/wp-json\/wp\/v2\/media\/7128"}],"wp:attachment":[{"href":"https:\/\/www.cuerdasvalero.com\/fr\/wp-json\/wp\/v2\/media?parent=6759"}],"wp:term":[{"taxonomy":"product_brand","embeddable":true,"href":"https:\/\/www.cuerdasvalero.com\/fr\/wp-json\/wp\/v2\/product_brand?post=6759"},{"taxonomy":"product_cat","embeddable":true,"href":"https:\/\/www.cuerdasvalero.com\/fr\/wp-json\/wp\/v2\/product_cat?post=6759"},{"taxonomy":"product_tag","embeddable":true,"href":"https:\/\/www.cuerdasvalero.com\/fr\/wp-json\/wp\/v2\/product_tag?post=6759"}],"curies":[{"name":"wp","href":"https:\/\/api.w.org\/{rel}","templated":true}]}}