{"id":6756,"date":"2020-06-25T17:43:04","date_gmt":"2020-06-25T17:43:04","guid":{"rendered":"https:\/\/www.cuerdasvalero.com\/producto\/les-rubans-en-polypropylene-pour-les-stores\/"},"modified":"2021-07-04T10:25:34","modified_gmt":"2021-07-04T10:25:34","slug":"les-rubans-en-polypropylene-pour-les-stores","status":"publish","type":"product","link":"https:\/\/www.cuerdasvalero.com\/fr\/produit\/les-rubans-en-polypropylene-pour-les-stores\/","title":{"rendered":"Les rubans en polypropyl\u00e8ne pour les stores"},"content":{"rendered":"","protected":false},"excerpt":{"rendered":"<p>Ruban de polypropyl\u00e8ne pour la remont\u00e9e des stores, de diff\u00e9rents calibres, couleurs et longueurs (rouleaux de 50 m\u00e8tres et de 5 et 6 m\u00e8tres).<\/p>\n<p>Largeur de 22 m\/m indiqu\u00e9e pour les stores sur les portes et fen\u00eatres \u00e0 enroulement traditionnel avec un caisson.<\/p>\n<p>Couleurs : gris ou beige avec des bords blancs, blanc avec des lignes bleu fonc\u00e9 et gris\/beige des deux c\u00f4t\u00e9s.<\/p>\n<p>Largeur de 18 m\/m indiqu\u00e9e pour les stores monobloques et compactes.<\/p>\n<p>Couleurs : gris, moka, gris, blanc, beige et nouvelle couleur noire.<\/p>\n<p>Largeur de 14 m\/m pour les \u00ab\u00a0mini\u00a0\u00bb stores avec petite poulie et tiroir ext\u00e9rieur.<\/p>\n<p>Couleurs : Moka, gris, blanc et beige.<\/p>\n","protected":false},"featured_media":6495,"template":"","meta":[],"product_brand":[],"product_cat":[55],"product_tag":[],"class_list":{"0":"post-6756","1":"product","2":"type-product","3":"status-publish","4":"has-post-thumbnail","6":"product_cat-sangles","8":"first","9":"instock","10":"taxable","11":"shipping-taxable","12":"purchasable","13":"product-type-variable"},"yoast_head":"<!-- This site is optimized with the Yoast SEO plugin v27.5 - https:\/\/yoast.com\/product\/yoast-seo-wordpress\/ -->\n<title>Les rubans en polypropyl\u00e8ne pour les stores - Cuerdas Valero<\/title>\n<meta name=\"robots\" content=\"index, follow, max-snippet:-1, max-image-preview:large, max-video-preview:-1\" \/>\n<link rel=\"canonical\" href=\"https:\/\/www.cuerdasvalero.com\/fr\/produit\/les-rubans-en-polypropylene-pour-les-stores\/\" \/>\n<meta property=\"og:locale\" content=\"fr_FR\" \/>\n<meta property=\"og:type\" content=\"article\" \/>\n<meta property=\"og:title\" content=\"Les rubans en polypropyl\u00e8ne pour les stores - Cuerdas Valero\" \/>\n<meta property=\"og:description\" content=\"Ruban de polypropyl\u00e8ne pour la remont\u00e9e des stores, de diff\u00e9rents calibres, couleurs et longueurs (rouleaux de 50 m\u00e8tres et de 5 et 6 m\u00e8tres).  Largeur de 22 m\/m indiqu\u00e9e pour les stores sur les portes et fen\u00eatres \u00e0 enroulement traditionnel avec un caisson.  Couleurs : gris ou beige avec des bords blancs, blanc avec des lignes bleu fonc\u00e9 et gris\/beige des deux c\u00f4t\u00e9s.  Largeur de 18 m\/m indiqu\u00e9e pour les stores monobloques et compactes.  Couleurs : gris, moka, gris, blanc, beige et nouvelle couleur noire.  Largeur de 14 m\/m pour les &quot;mini&quot; stores avec petite poulie et tiroir ext\u00e9rieur.  Couleurs : Moka, gris, blanc et beige.\" \/>\n<meta property=\"og:url\" content=\"https:\/\/www.cuerdasvalero.com\/fr\/produit\/les-rubans-en-polypropylene-pour-les-stores\/\" \/>\n<meta property=\"og:site_name\" content=\"Cuerdas Valero\" \/>\n<meta property=\"article:publisher\" content=\"https:\/\/www.facebook.com\/CuerdasValero\/\" \/>\n<meta property=\"article:modified_time\" content=\"2021-07-04T10:25:34+00:00\" \/>\n<meta property=\"og:image\" content=\"https:\/\/www.cuerdasvalero.com\/wp-content\/uploads\/2018\/06\/Cinta-22.jpg\" \/>\n\t<meta property=\"og:image:width\" content=\"1419\" \/>\n\t<meta property=\"og:image:height\" content=\"846\" \/>\n\t<meta property=\"og:image:type\" content=\"image\/jpeg\" \/>\n<meta name=\"twitter:card\" content=\"summary_large_image\" \/>\n<script type=\"application\/ld+json\" class=\"yoast-schema-graph\">{\"@context\":\"https:\\\/\\\/schema.org\",\"@graph\":[{\"@type\":\"WebPage\",\"@id\":\"https:\\\/\\\/www.cuerdasvalero.com\\\/fr\\\/produit\\\/les-rubans-en-polypropylene-pour-les-stores\\\/\",\"url\":\"https:\\\/\\\/www.cuerdasvalero.com\\\/fr\\\/produit\\\/les-rubans-en-polypropylene-pour-les-stores\\\/\",\"name\":\"Les rubans en polypropyl\u00e8ne pour les stores - Cuerdas Valero\",\"isPartOf\":{\"@id\":\"https:\\\/\\\/www.cuerdasvalero.com\\\/fr\\\/#website\"},\"primaryImageOfPage\":{\"@id\":\"https:\\\/\\\/www.cuerdasvalero.com\\\/fr\\\/produit\\\/les-rubans-en-polypropylene-pour-les-stores\\\/#primaryimage\"},\"image\":{\"@id\":\"https:\\\/\\\/www.cuerdasvalero.com\\\/fr\\\/produit\\\/les-rubans-en-polypropylene-pour-les-stores\\\/#primaryimage\"},\"thumbnailUrl\":\"https:\\\/\\\/www.cuerdasvalero.com\\\/wp-content\\\/uploads\\\/2018\\\/06\\\/Cinta-22.jpg\",\"datePublished\":\"2020-06-25T17:43:04+00:00\",\"dateModified\":\"2021-07-04T10:25:34+00:00\",\"breadcrumb\":{\"@id\":\"https:\\\/\\\/www.cuerdasvalero.com\\\/fr\\\/produit\\\/les-rubans-en-polypropylene-pour-les-stores\\\/#breadcrumb\"},\"inLanguage\":\"fr-FR\",\"potentialAction\":[{\"@type\":\"ReadAction\",\"target\":[\"https:\\\/\\\/www.cuerdasvalero.com\\\/fr\\\/produit\\\/les-rubans-en-polypropylene-pour-les-stores\\\/\"]}]},{\"@type\":\"ImageObject\",\"inLanguage\":\"fr-FR\",\"@id\":\"https:\\\/\\\/www.cuerdasvalero.com\\\/fr\\\/produit\\\/les-rubans-en-polypropylene-pour-les-stores\\\/#primaryimage\",\"url\":\"https:\\\/\\\/www.cuerdasvalero.com\\\/wp-content\\\/uploads\\\/2018\\\/06\\\/Cinta-22.jpg\",\"contentUrl\":\"https:\\\/\\\/www.cuerdasvalero.com\\\/wp-content\\\/uploads\\\/2018\\\/06\\\/Cinta-22.jpg\",\"width\":1419,\"height\":846},{\"@type\":\"BreadcrumbList\",\"@id\":\"https:\\\/\\\/www.cuerdasvalero.com\\\/fr\\\/produit\\\/les-rubans-en-polypropylene-pour-les-stores\\\/#breadcrumb\",\"itemListElement\":[{\"@type\":\"ListItem\",\"position\":1,\"name\":\"Inicio\",\"item\":\"https:\\\/\\\/www.cuerdasvalero.com\\\/fr\\\/\"},{\"@type\":\"ListItem\",\"position\":2,\"name\":\"Tienda\",\"item\":\"https:\\\/\\\/www.cuerdasvalero.com\\\/tienda\\\/\"},{\"@type\":\"ListItem\",\"position\":3,\"name\":\"Les rubans en polypropyl\u00e8ne pour les stores\"}]},{\"@type\":\"WebSite\",\"@id\":\"https:\\\/\\\/www.cuerdasvalero.com\\\/fr\\\/#website\",\"url\":\"https:\\\/\\\/www.cuerdasvalero.com\\\/fr\\\/\",\"name\":\"Cuerdas Valero\",\"description\":\"\",\"publisher\":{\"@id\":\"https:\\\/\\\/www.cuerdasvalero.com\\\/fr\\\/#organization\"},\"potentialAction\":[{\"@type\":\"SearchAction\",\"target\":{\"@type\":\"EntryPoint\",\"urlTemplate\":\"https:\\\/\\\/www.cuerdasvalero.com\\\/fr\\\/?s={search_term_string}\"},\"query-input\":{\"@type\":\"PropertyValueSpecification\",\"valueRequired\":true,\"valueName\":\"search_term_string\"}}],\"inLanguage\":\"fr-FR\"},{\"@type\":\"Organization\",\"@id\":\"https:\\\/\\\/www.cuerdasvalero.com\\\/fr\\\/#organization\",\"name\":\"Cuerdas Valero\",\"url\":\"https:\\\/\\\/www.cuerdasvalero.com\\\/fr\\\/\",\"logo\":{\"@type\":\"ImageObject\",\"inLanguage\":\"fr-FR\",\"@id\":\"https:\\\/\\\/www.cuerdasvalero.com\\\/fr\\\/#\\\/schema\\\/logo\\\/image\\\/\",\"url\":\"https:\\\/\\\/www.cuerdasvalero.com\\\/wp-content\\\/uploads\\\/2020\\\/04\\\/cuerdas-valero-logo-.jpg\",\"contentUrl\":\"https:\\\/\\\/www.cuerdasvalero.com\\\/wp-content\\\/uploads\\\/2020\\\/04\\\/cuerdas-valero-logo-.jpg\",\"width\":196,\"height\":139,\"caption\":\"Cuerdas Valero\"},\"image\":{\"@id\":\"https:\\\/\\\/www.cuerdasvalero.com\\\/fr\\\/#\\\/schema\\\/logo\\\/image\\\/\"},\"sameAs\":[\"https:\\\/\\\/www.facebook.com\\\/CuerdasValero\\\/\"]}]}<\/script>\n<!-- \/ Yoast SEO plugin. -->","yoast_head_json":{"title":"Les rubans en polypropyl\u00e8ne pour les stores - Cuerdas Valero","robots":{"index":"index","follow":"follow","max-snippet":"max-snippet:-1","max-image-preview":"max-image-preview:large","max-video-preview":"max-video-preview:-1"},"canonical":"https:\/\/www.cuerdasvalero.com\/fr\/produit\/les-rubans-en-polypropylene-pour-les-stores\/","og_locale":"fr_FR","og_type":"article","og_title":"Les rubans en polypropyl\u00e8ne pour les stores - Cuerdas Valero","og_description":"Ruban de polypropyl\u00e8ne pour la remont\u00e9e des stores, de diff\u00e9rents calibres, couleurs et longueurs (rouleaux de 50 m\u00e8tres et de 5 et 6 m\u00e8tres).  Largeur de 22 m\/m indiqu\u00e9e pour les stores sur les portes et fen\u00eatres \u00e0 enroulement traditionnel avec un caisson.  Couleurs : gris ou beige avec des bords blancs, blanc avec des lignes bleu fonc\u00e9 et gris\/beige des deux c\u00f4t\u00e9s.  Largeur de 18 m\/m indiqu\u00e9e pour les stores monobloques et compactes.  Couleurs : gris, moka, gris, blanc, beige et nouvelle couleur noire.  Largeur de 14 m\/m pour les \"mini\" stores avec petite poulie et tiroir ext\u00e9rieur.  Couleurs : Moka, gris, blanc et beige.","og_url":"https:\/\/www.cuerdasvalero.com\/fr\/produit\/les-rubans-en-polypropylene-pour-les-stores\/","og_site_name":"Cuerdas Valero","article_publisher":"https:\/\/www.facebook.com\/CuerdasValero\/","article_modified_time":"2021-07-04T10:25:34+00:00","og_image":[{"width":1419,"height":846,"url":"https:\/\/www.cuerdasvalero.com\/wp-content\/uploads\/2018\/06\/Cinta-22.jpg","type":"image\/jpeg"}],"twitter_card":"summary_large_image","schema":{"@context":"https:\/\/schema.org","@graph":[{"@type":"WebPage","@id":"https:\/\/www.cuerdasvalero.com\/fr\/produit\/les-rubans-en-polypropylene-pour-les-stores\/","url":"https:\/\/www.cuerdasvalero.com\/fr\/produit\/les-rubans-en-polypropylene-pour-les-stores\/","name":"Les rubans en polypropyl\u00e8ne pour les stores - Cuerdas Valero","isPartOf":{"@id":"https:\/\/www.cuerdasvalero.com\/fr\/#website"},"primaryImageOfPage":{"@id":"https:\/\/www.cuerdasvalero.com\/fr\/produit\/les-rubans-en-polypropylene-pour-les-stores\/#primaryimage"},"image":{"@id":"https:\/\/www.cuerdasvalero.com\/fr\/produit\/les-rubans-en-polypropylene-pour-les-stores\/#primaryimage"},"thumbnailUrl":"https:\/\/www.cuerdasvalero.com\/wp-content\/uploads\/2018\/06\/Cinta-22.jpg","datePublished":"2020-06-25T17:43:04+00:00","dateModified":"2021-07-04T10:25:34+00:00","breadcrumb":{"@id":"https:\/\/www.cuerdasvalero.com\/fr\/produit\/les-rubans-en-polypropylene-pour-les-stores\/#breadcrumb"},"inLanguage":"fr-FR","potentialAction":[{"@type":"ReadAction","target":["https:\/\/www.cuerdasvalero.com\/fr\/produit\/les-rubans-en-polypropylene-pour-les-stores\/"]}]},{"@type":"ImageObject","inLanguage":"fr-FR","@id":"https:\/\/www.cuerdasvalero.com\/fr\/produit\/les-rubans-en-polypropylene-pour-les-stores\/#primaryimage","url":"https:\/\/www.cuerdasvalero.com\/wp-content\/uploads\/2018\/06\/Cinta-22.jpg","contentUrl":"https:\/\/www.cuerdasvalero.com\/wp-content\/uploads\/2018\/06\/Cinta-22.jpg","width":1419,"height":846},{"@type":"BreadcrumbList","@id":"https:\/\/www.cuerdasvalero.com\/fr\/produit\/les-rubans-en-polypropylene-pour-les-stores\/#breadcrumb","itemListElement":[{"@type":"ListItem","position":1,"name":"Inicio","item":"https:\/\/www.cuerdasvalero.com\/fr\/"},{"@type":"ListItem","position":2,"name":"Tienda","item":"https:\/\/www.cuerdasvalero.com\/tienda\/"},{"@type":"ListItem","position":3,"name":"Les rubans en polypropyl\u00e8ne pour les stores"}]},{"@type":"WebSite","@id":"https:\/\/www.cuerdasvalero.com\/fr\/#website","url":"https:\/\/www.cuerdasvalero.com\/fr\/","name":"Cuerdas Valero","description":"","publisher":{"@id":"https:\/\/www.cuerdasvalero.com\/fr\/#organization"},"potentialAction":[{"@type":"SearchAction","target":{"@type":"EntryPoint","urlTemplate":"https:\/\/www.cuerdasvalero.com\/fr\/?s={search_term_string}"},"query-input":{"@type":"PropertyValueSpecification","valueRequired":true,"valueName":"search_term_string"}}],"inLanguage":"fr-FR"},{"@type":"Organization","@id":"https:\/\/www.cuerdasvalero.com\/fr\/#organization","name":"Cuerdas Valero","url":"https:\/\/www.cuerdasvalero.com\/fr\/","logo":{"@type":"ImageObject","inLanguage":"fr-FR","@id":"https:\/\/www.cuerdasvalero.com\/fr\/#\/schema\/logo\/image\/","url":"https:\/\/www.cuerdasvalero.com\/wp-content\/uploads\/2020\/04\/cuerdas-valero-logo-.jpg","contentUrl":"https:\/\/www.cuerdasvalero.com\/wp-content\/uploads\/2020\/04\/cuerdas-valero-logo-.jpg","width":196,"height":139,"caption":"Cuerdas Valero"},"image":{"@id":"https:\/\/www.cuerdasvalero.com\/fr\/#\/schema\/logo\/image\/"},"sameAs":["https:\/\/www.facebook.com\/CuerdasValero\/"]}]}},"_links":{"self":[{"href":"https:\/\/www.cuerdasvalero.com\/fr\/wp-json\/wp\/v2\/product\/6756","targetHints":{"allow":["GET"]}}],"collection":[{"href":"https:\/\/www.cuerdasvalero.com\/fr\/wp-json\/wp\/v2\/product"}],"about":[{"href":"https:\/\/www.cuerdasvalero.com\/fr\/wp-json\/wp\/v2\/types\/product"}],"wp:featuredmedia":[{"embeddable":true,"href":"https:\/\/www.cuerdasvalero.com\/fr\/wp-json\/wp\/v2\/media\/6495"}],"wp:attachment":[{"href":"https:\/\/www.cuerdasvalero.com\/fr\/wp-json\/wp\/v2\/media?parent=6756"}],"wp:term":[{"taxonomy":"product_brand","embeddable":true,"href":"https:\/\/www.cuerdasvalero.com\/fr\/wp-json\/wp\/v2\/product_brand?post=6756"},{"taxonomy":"product_cat","embeddable":true,"href":"https:\/\/www.cuerdasvalero.com\/fr\/wp-json\/wp\/v2\/product_cat?post=6756"},{"taxonomy":"product_tag","embeddable":true,"href":"https:\/\/www.cuerdasvalero.com\/fr\/wp-json\/wp\/v2\/product_tag?post=6756"}],"curies":[{"name":"wp","href":"https:\/\/api.w.org\/{rel}","templated":true}]}}