{"id":6920,"date":"2021-02-08T12:06:21","date_gmt":"2021-02-08T12:06:21","guid":{"rendered":"https:\/\/www.cuerdasvalero.com\/politique-de-protection-de-la-vie-privee\/"},"modified":"2021-02-08T12:08:00","modified_gmt":"2021-02-08T12:08:00","slug":"politique-de-protection-de-la-vie-privee","status":"publish","type":"page","link":"https:\/\/www.cuerdasvalero.com\/fr\/politique-de-protection-de-la-vie-privee\/","title":{"rendered":"Politique de protection de la vie priv\u00e9e"},"content":{"rendered":"\t\t<div data-elementor-type=\"wp-post\" data-elementor-id=\"6920\" class=\"elementor elementor-6920 elementor-232\" data-elementor-post-type=\"page\">\n\t\t\t\t\t\t<section class=\"elementor-section elementor-top-section elementor-element elementor-element-35483218 elementor-section-boxed elementor-section-height-default elementor-section-height-default\" data-id=\"35483218\" data-element_type=\"section\" data-e-type=\"section\">\n\t\t\t\t\t\t<div class=\"elementor-container elementor-column-gap-default\">\n\t\t\t\t\t<div class=\"elementor-column elementor-col-100 elementor-top-column elementor-element elementor-element-d88d722\" data-id=\"d88d722\" data-element_type=\"column\" data-e-type=\"column\">\n\t\t\t<div class=\"elementor-widget-wrap elementor-element-populated\">\n\t\t\t\t\t\t<div class=\"elementor-element elementor-element-2dcdc12 elementor-widget elementor-widget-text-editor\" data-id=\"2dcdc12\" data-element_type=\"widget\" data-e-type=\"widget\" data-widget_type=\"text-editor.default\">\n\t\t\t\t<div class=\"elementor-widget-container\">\n\t\t\t\t\t\t\t\t\t<p><strong>DES INFORMATIONS COMPL\u00c8TES SUR LA PROTECTION DES DONN\u00c9ES.<\/strong><\/p><p>Afin de se conformer aux dispositions du r\u00e8glement (UE) 2016\/679 du Parlement europ\u00e9en et du Conseil du 27 avril 2016 relatif \u00e0 la protection des personnes physiques \u00e0 l&rsquo;\u00e9gard du traitement des donn\u00e9es \u00e0 caract\u00e8re personnel et \u00e0 la libre circulation de ces donn\u00e9es, les informations g\u00e9n\u00e9rales de ce site web sont pr\u00e9sent\u00e9es ci-dessous.<\/p><p>\u00a0<\/p><p><strong>&#8211; 1. QUI EST RESPONSABLE DU TRAITEMENT DE VOS DONN\u00c9ES ?<\/strong><\/p><p>CUERDAS VALERO S.L.U. CIF. B02393346<\/p><p>Donn\u00e9es d&rsquo;enregistrement : Inscrit au Registre du Commerce d&rsquo;Albacete, 7\/7\/05, Tome 800, Livre 564, Page 33, Feuille AB-14827, Inscription 1.\u00aa.<\/p><p>POL. IND. ROMICA, CALLE 4 BIS, PARCELA 52 &#8211; 02007 &#8211; ALBACETE<\/p><p>TELF. 967 254 217 e-mail : <a href=\"mailto:cuerdasvalero@cuerdasvalero.com\">cuerdasvalero@cuerdasvalero.com<\/a><\/p><p>\u00a0<\/p><p>\u00a0<\/p><p><strong>&#8211; 2. DANS QUEL BUT TRAITONS-NOUS VOS DONN\u00c9ES PERSONNELLES ?<\/strong><\/p><p>\u00c0 CUERDAS VALERO SLU, nous traitons les informations fournies par les parties int\u00e9ress\u00e9es afin de r\u00e9aliser la gestion administrative, comptable et fiscale des services ou produits demand\u00e9s, ainsi que l&rsquo;envoi de communications commerciales sur nos produits et services.<\/p><p>Pour traiter les commandes, les demandes ou tout type de requ\u00eate faite par l&rsquo;utilisateur par le biais de l&rsquo;un des formulaires de contact mis \u00e0 sa disposition.<\/p><p>Aucune d\u00e9cision automatis\u00e9e ne sera prise sur la base des donn\u00e9es fournies.<\/p><p>\u00a0<\/p><p><strong>&#8211; 3. COMBIEN DE TEMPS ALLONS-NOUS CONSERVER VOS DONN\u00c9ES ?<\/strong><\/p><p>Les donn\u00e9es seront conserv\u00e9es aussi longtemps que l&rsquo;int\u00e9ress\u00e9 ne demandera pas leur suppression et, le cas \u00e9ch\u00e9ant, pendant les ann\u00e9es n\u00e9cessaires au respect des obligations l\u00e9gales.<\/p><p>\u00a0<\/p><p><strong>&#8211; 4. QUELLE EST LA BASE JURIDIQUE DU TRAITEMENT DE VOS DONN\u00c9ES ?<\/strong><\/p><p>Nous indiquons la base juridique du traitement de vos donn\u00e9es :<\/p><p>\u00a0\u00a0\u00a0\u00a0 &#8211; Ex\u00e9cution d&rsquo;un contrat : Pour assurer la gestion administrative, comptable et fiscale des services demand\u00e9s.<\/p><p>\u00a0\u00a0\u00a0\u00a0 &#8211; Int\u00e9r\u00eat l\u00e9gitime du responsable : Envoyer des communications commerciales sur nos produits et services.<\/p><p>\u00a0<\/p><p><strong>&#8211; 5. \u00c0 QUELS DESTINATAIRES VOS DONN\u00c9ES SERONT-ELLES COMMUNIQU\u00c9ES ?<\/strong><\/p><p>Les donn\u00e9es seront communiqu\u00e9es aux destinataires suivants :<\/p><p>\u00a0\u00a0\u00a0\u00a0 &#8211; l&rsquo;administration fiscale, afin de se conformer aux obligations l\u00e9gales.<\/p><p>\u00a0\u00a0\u00a0\u00a0 &#8211; Les institutions financi\u00e8res, afin de payer les recettes correspondantes.<\/p><p>\u00a0\u00a0\u00a0 \u00a0&#8211; Les agences de transport, afin de vous faire parvenir les produits achet\u00e9s.<\/p><p>\u00a0<\/p><p><strong>&#8211; 6. LES TRANSFERTS DE DONN\u00c9ES VERS DES PAYS TIERS.<\/strong><\/p><p>Les transferts de donn\u00e9es vers des pays tiers ne sont pas pr\u00e9vus.<\/p><p>\u00a0<\/p><p>\u00a0<\/p><p><strong>&#8211; 7. QUELS SONT VOS DROITS LORSQUE VOUS NOUS FOURNISSEZ VOS DONN\u00c9ES ?<\/strong><\/p><p>Toute personne a le droit d&rsquo;obtenir la confirmation que CUERDAS VALERO S.L.U. traite ou non des donn\u00e9es \u00e0 caract\u00e8re personnel la concernant.<\/p><p>Les personnes int\u00e9ress\u00e9es ont le droit d&rsquo;acc\u00e9der \u00e0 leurs donn\u00e9es personnelles, ainsi que de demander la rectification de donn\u00e9es inexactes ou, le cas \u00e9ch\u00e9ant, de demander leur suppression lorsque, entre autres raisons, les donn\u00e9es ne sont plus n\u00e9cessaires aux fins pour lesquelles elles ont \u00e9t\u00e9 collect\u00e9es. Vous avez \u00e9galement le droit \u00e0 la portabilit\u00e9 des donn\u00e9es.<\/p><p>Dans certaines circonstances, les parties int\u00e9ress\u00e9es peuvent demander la limitation du traitement de leurs donn\u00e9es, auquel cas nous ne les conserverons que pour l&rsquo;exercice ou la d\u00e9fense des droits.<\/p><p>Dans certaines circonstances et pour des raisons li\u00e9es \u00e0 leur situation particuli\u00e8re, les parties int\u00e9ress\u00e9es peuvent s&rsquo;opposer au traitement de leurs donn\u00e9es. Dans ce cas, CUERDAS VALERO S.L.U. cessera de traiter les donn\u00e9es, sauf pour des raisons imp\u00e9rieuses et l\u00e9gitimes, ou pour l&rsquo;exercice ou la d\u00e9fense d&rsquo;\u00e9ventuelles r\u00e9clamations.<\/p><p>Vous pouvez mat\u00e9riellement exercer vos droits de la mani\u00e8re suivante : en contactant l&rsquo;adresse du responsable du traitement des donn\u00e9es.<\/p><p>Lorsqu&rsquo;elle envoie des communications commerciales en utilisant comme base juridique l&rsquo;int\u00e9r\u00eat l\u00e9gitime du responsable du traitement, la personne concern\u00e9e peut s&rsquo;opposer au traitement de ses donn\u00e9es \u00e0 cette fin.<\/p><p>Si vous avez donn\u00e9 votre consentement pour une finalit\u00e9 sp\u00e9cifique, vous avez le droit de le retirer \u00e0 tout moment, sans que cela n&rsquo;affecte la lic\u00e9it\u00e9 du traitement fond\u00e9 sur le consentement ant\u00e9rieur \u00e0 son retrait.<\/p><p>Si vous estimez que vos droits concernant la protection de vos donn\u00e9es \u00e0 caract\u00e8re personnel ont \u00e9t\u00e9 viol\u00e9s, notamment lorsque vous n&rsquo;avez pas obtenu satisfaction dans l&rsquo;exercice de vos droits, vous pouvez d\u00e9poser une plainte aupr\u00e8s de l&rsquo;autorit\u00e9 de contr\u00f4le de la protection des donn\u00e9es comp\u00e9tente via son site web : <a href=\"http:\/\/www.agpd.es\">www.agpd.es<\/a>.<\/p><p>\u00a0<\/p><p><strong>-8. COMMENT AVONS-NOUS OBTENU VOS DONN\u00c9ES ?<\/strong><\/p><p>Les donn\u00e9es personnelles que nous traitons \u00e0 CUERDAS VALERO S.L.U. proviennent de La partie int\u00e9ress\u00e9e.<\/p><p>Les cat\u00e9gories de donn\u00e9es trait\u00e9es sont les suivantes :<\/p><p>\u00a0\u00a0\u00a0\u00a0 &#8211; Donn\u00e9es d&rsquo;identification.<\/p><p>\u00a0\u00a0\u00a0\u00a0 &#8211; Adresses postale et \u00e9lectronique et num\u00e9ros de t\u00e9l\u00e9phone de contact.<\/p><p>\u00a0\u00a0\u00a0\u00a0 &#8211; Informations commerciales.<\/p><p>\u00a0<\/p><p><strong>&#8211; 9. LE CARACT\u00c8RE OBLIGATOIRE OU FACULTATIF DES DONN\u00c9ES DEMAND\u00c9ES<\/strong><\/p><p>Il est obligatoire de remplir chacun des champs qui figurent dans les formulaires de contact pr\u00e9vus \u00e0 cet effet sur notre site web (sinon, les champs obligatoires seront marqu\u00e9s d&rsquo;un ast\u00e9risque). Le refus de fournir vos donn\u00e9es entra\u00eenerait l&rsquo;impossibilit\u00e9 de maintenir et de remplir la relation du destinataire du service avec notre entit\u00e9, car elles sont n\u00e9cessaires pour r\u00e9pondre \u00e0 votre demande de prestation de services par le prestataire, \u00e9tant donn\u00e9 que l&rsquo;inclusion des donn\u00e9es dans les champs restants est volontaire.<\/p><p>\u00a0<\/p><p><strong>&#8211; 10. OUTILS DE SUIVI DE LA NAVIGATION<\/strong><\/p><p>Notre site web peut utiliser des outils pour suivre la navigation \u00e0 travers la m\u00eame adresse et l&rsquo;adresse IP du destinataire du service, afin d&rsquo;am\u00e9liorer et d&rsquo;assurer la fourniture de services et le fonctionnement technique de ceux-ci.<\/p><p>\u00a0<\/p><p><strong>&#8211; 11. PROPRI\u00c9T\u00c9 INTELLECTUELLE DU WEB<\/strong><\/p><p>Tous les droits de propri\u00e9t\u00e9 intellectuelle du contenu de ce site web, sont la propri\u00e9t\u00e9 exclusive de CUERDAS VALERO, S.L.U. (marque enregistr\u00e9e \u00e0 l&rsquo;Office espagnol des brevets et des marques), ce qui nous correspond l&rsquo;exercice exclusif des droits d&rsquo;exploitation de celle-ci.<\/p><p>Par cons\u00e9quent, leur reproduction, distribution, communication publique et transformation, en tout ou en partie, sans l&rsquo;autorisation expresse de CUERDAS VALERO, S.L.U. est interdite. De m\u00eame, tous les noms commerciaux, images, photographies de produits, marques ou signes distinctifs de toute nature contenus dans ce site web sont prot\u00e9g\u00e9s par la loi. Nous nous r\u00e9servons le droit d&rsquo;actualiser, de modifier ou de supprimer les informations contenues sur ce site, ainsi que la configuration ou la pr\u00e9sentation de celles-ci, \u00e0 tout moment, sans pr\u00e9avis et sans en assumer la responsabilit\u00e9.<\/p><p>\u00a0<\/p><p><strong>&#8211; 12. DROIT APPLICABLE ET JURIDICTION<\/strong><\/p><p>Les caract\u00e9ristiques de retrait de nos clients par rapport \u00e0 nos produits ne seront soumises \u00e0 aucune formalit\u00e9, il suffit de les cr\u00e9diter sous toute forme admise par la loi. Selon la loi sur le commerce, \u00ab\u00a0l&rsquo;acheteur disposera d&rsquo;un d\u00e9lai minimum de quatorze jours calendrier pour se r\u00e9tracter du contrat sans p\u00e9nalit\u00e9 et sans indication de motifs\u00a0\u00bb \u00e0 compter de la r\u00e9ception du produit (g\u00e9n\u00e9ralement \u00e0 compter de la signature du bon de livraison que nous signerons avec le transporteur pour nous ramener le produit). Les produits doivent toujours \u00eatre dans leur emballage d&rsquo;origine et ne doivent pas \u00eatre endommag\u00e9s ou utilis\u00e9s de quelque mani\u00e8re que ce soit pour pouvoir \u00eatre retourn\u00e9s. Si tout est en parfait \u00e9tat apr\u00e8s v\u00e9rification par notre service qualit\u00e9, nous proc\u00e9derons au paiement de la totalit\u00e9 du montant (moins les frais d&rsquo;exp\u00e9dition d\u00e9j\u00e0 effectu\u00e9s) dans un d\u00e9lai maximum de 15 jours \u00e0 compter de la r\u00e9ception. Les frais d&rsquo;exp\u00e9dition li\u00e9s au retour sont dans tous les cas \u00e0 la charge du client.<\/p><p>\u00ab\u00a0Les parties se soumettent, \u00e0 leur choix, pour la r\u00e9solution des conflits et en renon\u00e7ant \u00e0 toute autre comp\u00e9tence, aux cours et tribunaux du domicile du VENDEUR.<\/p><p>\u00a0<\/p><p>Notre entit\u00e9 est adh\u00e9rente \u00e0 CONFIANZA ONLINE (association sans but lucratif), inscrite au Registre national des associations, groupe 1, section 1, num\u00e9ro national 594400, CIF G85804011, Calle la Palma 59, Bajo A, 28015 Madrid (Espagne), t\u00e9l\u00e9phone (+34) 91 309 13 47 et fax (+34) 91 402 83 39 (www.confianzaonline.es).<\/p><p>\u00a0<\/p><p>Les pr\u00e9sentes conditions g\u00e9n\u00e9rales sont r\u00e9gies par le droit espagnol. De m\u00eame, conform\u00e9ment aux dispositions de la loi sur les modes alternatifs de r\u00e9solution des conflits, nous informons les consommateurs qu&rsquo;en tant qu&rsquo;entit\u00e9 membre et selon les termes du code de d\u00e9ontologie (https:\/\/www.confianzaonline.es\/wp-content\/uploads\/2018\/05\/Codigo_Etico_CONFIANZA_ONLINE.pdf), les utilisateurs peuvent s&rsquo;adresser \u00e0 Confianza Online pour la r\u00e9solution alternative de tout conflit (https:\/\/www.confianzaonline.es\/consumidores\/como-reclamar\/formulario-reclamaciones\/). Si elles concernent des transactions \u00e9lectroniques avec des consommateurs, ou la protection des donn\u00e9es lorsqu&rsquo;elle est li\u00e9e \u00e0 ce domaine, les r\u00e9clamations seront r\u00e9solues par le Comit\u00e9 de m\u00e9diation de Confianza Online, accr\u00e9dit\u00e9 pour la r\u00e9solution alternative des litiges de consommation. Si les plaintes sont li\u00e9es \u00e0 la publicit\u00e9 num\u00e9rique ou \u00e0 la protection des donn\u00e9es dans ce domaine, elles seront soumises au jury de publicit\u00e9 d&rsquo;AUTOCONTROL.<\/p><p>\u00a0<\/p><p>Nous vous rappelons \u00e9galement que vous pouvez acc\u00e9der \u00e0 la plate-forme de r\u00e8glement des litiges en ligne de l&rsquo;Union europ\u00e9enne en suivant ce lien : <a href=\"https:\/\/ec.europa.eu\/consumers\/odr\/main\/?event=main.home2.show\">https:\/\/ec.europa.eu\/consumers\/odr\/main\/?event=main.home2.show<\/a>\u00ab\u00a0.<\/p><p>\u00a0<\/p>\t\t\t\t\t\t\t\t<\/div>\n\t\t\t\t<\/div>\n\t\t\t\t\t<\/div>\n\t\t<\/div>\n\t\t\t\t\t<\/div>\n\t\t<\/section>\n\t\t\t\t<\/div>\n\t\t","protected":false},"excerpt":{"rendered":"<p>DES INFORMATIONS COMPL\u00c8TES SUR LA PROTECTION DES DONN\u00c9ES. Afin de se conformer aux dispositions du r\u00e8glement (UE) 2016\/679 du Parlement europ\u00e9en et du Conseil du 27 avril 2016 relatif \u00e0 la protection des personnes physiques \u00e0 l&rsquo;\u00e9gard du traitement des donn\u00e9es \u00e0 caract\u00e8re personnel et \u00e0 la libre circulation de ces donn\u00e9es, les informations g\u00e9n\u00e9rales &#8230; <a title=\"Politique de protection de la vie priv\u00e9e\" class=\"read-more\" href=\"https:\/\/www.cuerdasvalero.com\/fr\/politique-de-protection-de-la-vie-privee\/\" aria-label=\"En savoir plus sur Politique de protection de la vie priv\u00e9e\">Read more<\/a><\/p>\n","protected":false},"author":1,"featured_media":0,"parent":0,"menu_order":0,"comment_status":"closed","ping_status":"closed","template":"","meta":{"footnotes":""},"class_list":["post-6920","page","type-page","status-publish"],"yoast_head":"<!-- This site is optimized with the Yoast SEO plugin v27.5 - https:\/\/yoast.com\/product\/yoast-seo-wordpress\/ -->\n<title>Politique de protection de la vie priv\u00e9e - Cuerdas Valero<\/title>\n<meta name=\"robots\" content=\"index, follow, max-snippet:-1, max-image-preview:large, max-video-preview:-1\" \/>\n<link rel=\"canonical\" href=\"https:\/\/www.cuerdasvalero.com\/fr\/politique-de-protection-de-la-vie-privee\/\" \/>\n<meta property=\"og:locale\" content=\"fr_FR\" \/>\n<meta property=\"og:type\" content=\"article\" \/>\n<meta property=\"og:title\" content=\"Politique de protection de la vie priv\u00e9e - Cuerdas Valero\" \/>\n<meta property=\"og:description\" content=\"DES INFORMATIONS COMPL\u00c8TES SUR LA PROTECTION DES DONN\u00c9ES. Afin de se conformer aux dispositions du r\u00e8glement (UE) 2016\/679 du Parlement europ\u00e9en et du Conseil du 27 avril 2016 relatif \u00e0 la protection des personnes physiques \u00e0 l&rsquo;\u00e9gard du traitement des donn\u00e9es \u00e0 caract\u00e8re personnel et \u00e0 la libre circulation de ces donn\u00e9es, les informations g\u00e9n\u00e9rales ... Read more\" \/>\n<meta property=\"og:url\" content=\"https:\/\/www.cuerdasvalero.com\/fr\/politique-de-protection-de-la-vie-privee\/\" \/>\n<meta property=\"og:site_name\" content=\"Cuerdas Valero\" \/>\n<meta property=\"article:publisher\" content=\"https:\/\/www.facebook.com\/CuerdasValero\/\" \/>\n<meta property=\"article:modified_time\" content=\"2021-02-08T12:08:00+00:00\" \/>\n<meta name=\"twitter:card\" content=\"summary_large_image\" \/>\n<meta name=\"twitter:label1\" content=\"Dur\u00e9e de lecture estim\u00e9e\" \/>\n\t<meta name=\"twitter:data1\" content=\"7 minutes\" \/>\n<script type=\"application\/ld+json\" class=\"yoast-schema-graph\">{\"@context\":\"https:\\\/\\\/schema.org\",\"@graph\":[{\"@type\":\"WebPage\",\"@id\":\"https:\\\/\\\/www.cuerdasvalero.com\\\/fr\\\/politique-de-protection-de-la-vie-privee\\\/\",\"url\":\"https:\\\/\\\/www.cuerdasvalero.com\\\/fr\\\/politique-de-protection-de-la-vie-privee\\\/\",\"name\":\"Politique de protection de la vie priv\u00e9e - Cuerdas Valero\",\"isPartOf\":{\"@id\":\"https:\\\/\\\/www.cuerdasvalero.com\\\/fr\\\/#website\"},\"datePublished\":\"2021-02-08T12:06:21+00:00\",\"dateModified\":\"2021-02-08T12:08:00+00:00\",\"breadcrumb\":{\"@id\":\"https:\\\/\\\/www.cuerdasvalero.com\\\/fr\\\/politique-de-protection-de-la-vie-privee\\\/#breadcrumb\"},\"inLanguage\":\"fr-FR\",\"potentialAction\":[{\"@type\":\"ReadAction\",\"target\":[\"https:\\\/\\\/www.cuerdasvalero.com\\\/fr\\\/politique-de-protection-de-la-vie-privee\\\/\"]}]},{\"@type\":\"BreadcrumbList\",\"@id\":\"https:\\\/\\\/www.cuerdasvalero.com\\\/fr\\\/politique-de-protection-de-la-vie-privee\\\/#breadcrumb\",\"itemListElement\":[{\"@type\":\"ListItem\",\"position\":1,\"name\":\"Inicio\",\"item\":\"https:\\\/\\\/www.cuerdasvalero.com\\\/fr\\\/\"},{\"@type\":\"ListItem\",\"position\":2,\"name\":\"Politique de protection de la vie priv\u00e9e\"}]},{\"@type\":\"WebSite\",\"@id\":\"https:\\\/\\\/www.cuerdasvalero.com\\\/fr\\\/#website\",\"url\":\"https:\\\/\\\/www.cuerdasvalero.com\\\/fr\\\/\",\"name\":\"Cuerdas Valero\",\"description\":\"\",\"publisher\":{\"@id\":\"https:\\\/\\\/www.cuerdasvalero.com\\\/fr\\\/#organization\"},\"potentialAction\":[{\"@type\":\"SearchAction\",\"target\":{\"@type\":\"EntryPoint\",\"urlTemplate\":\"https:\\\/\\\/www.cuerdasvalero.com\\\/fr\\\/?s={search_term_string}\"},\"query-input\":{\"@type\":\"PropertyValueSpecification\",\"valueRequired\":true,\"valueName\":\"search_term_string\"}}],\"inLanguage\":\"fr-FR\"},{\"@type\":\"Organization\",\"@id\":\"https:\\\/\\\/www.cuerdasvalero.com\\\/fr\\\/#organization\",\"name\":\"Cuerdas Valero\",\"url\":\"https:\\\/\\\/www.cuerdasvalero.com\\\/fr\\\/\",\"logo\":{\"@type\":\"ImageObject\",\"inLanguage\":\"fr-FR\",\"@id\":\"https:\\\/\\\/www.cuerdasvalero.com\\\/fr\\\/#\\\/schema\\\/logo\\\/image\\\/\",\"url\":\"https:\\\/\\\/www.cuerdasvalero.com\\\/wp-content\\\/uploads\\\/2020\\\/04\\\/cuerdas-valero-logo-.jpg\",\"contentUrl\":\"https:\\\/\\\/www.cuerdasvalero.com\\\/wp-content\\\/uploads\\\/2020\\\/04\\\/cuerdas-valero-logo-.jpg\",\"width\":196,\"height\":139,\"caption\":\"Cuerdas Valero\"},\"image\":{\"@id\":\"https:\\\/\\\/www.cuerdasvalero.com\\\/fr\\\/#\\\/schema\\\/logo\\\/image\\\/\"},\"sameAs\":[\"https:\\\/\\\/www.facebook.com\\\/CuerdasValero\\\/\"]}]}<\/script>\n<!-- \/ Yoast SEO plugin. -->","yoast_head_json":{"title":"Politique de protection de la vie priv\u00e9e - Cuerdas Valero","robots":{"index":"index","follow":"follow","max-snippet":"max-snippet:-1","max-image-preview":"max-image-preview:large","max-video-preview":"max-video-preview:-1"},"canonical":"https:\/\/www.cuerdasvalero.com\/fr\/politique-de-protection-de-la-vie-privee\/","og_locale":"fr_FR","og_type":"article","og_title":"Politique de protection de la vie priv\u00e9e - Cuerdas Valero","og_description":"DES INFORMATIONS COMPL\u00c8TES SUR LA PROTECTION DES DONN\u00c9ES. Afin de se conformer aux dispositions du r\u00e8glement (UE) 2016\/679 du Parlement europ\u00e9en et du Conseil du 27 avril 2016 relatif \u00e0 la protection des personnes physiques \u00e0 l&rsquo;\u00e9gard du traitement des donn\u00e9es \u00e0 caract\u00e8re personnel et \u00e0 la libre circulation de ces donn\u00e9es, les informations g\u00e9n\u00e9rales ... Read more","og_url":"https:\/\/www.cuerdasvalero.com\/fr\/politique-de-protection-de-la-vie-privee\/","og_site_name":"Cuerdas Valero","article_publisher":"https:\/\/www.facebook.com\/CuerdasValero\/","article_modified_time":"2021-02-08T12:08:00+00:00","twitter_card":"summary_large_image","twitter_misc":{"Dur\u00e9e de lecture estim\u00e9e":"7 minutes"},"schema":{"@context":"https:\/\/schema.org","@graph":[{"@type":"WebPage","@id":"https:\/\/www.cuerdasvalero.com\/fr\/politique-de-protection-de-la-vie-privee\/","url":"https:\/\/www.cuerdasvalero.com\/fr\/politique-de-protection-de-la-vie-privee\/","name":"Politique de protection de la vie priv\u00e9e - Cuerdas Valero","isPartOf":{"@id":"https:\/\/www.cuerdasvalero.com\/fr\/#website"},"datePublished":"2021-02-08T12:06:21+00:00","dateModified":"2021-02-08T12:08:00+00:00","breadcrumb":{"@id":"https:\/\/www.cuerdasvalero.com\/fr\/politique-de-protection-de-la-vie-privee\/#breadcrumb"},"inLanguage":"fr-FR","potentialAction":[{"@type":"ReadAction","target":["https:\/\/www.cuerdasvalero.com\/fr\/politique-de-protection-de-la-vie-privee\/"]}]},{"@type":"BreadcrumbList","@id":"https:\/\/www.cuerdasvalero.com\/fr\/politique-de-protection-de-la-vie-privee\/#breadcrumb","itemListElement":[{"@type":"ListItem","position":1,"name":"Inicio","item":"https:\/\/www.cuerdasvalero.com\/fr\/"},{"@type":"ListItem","position":2,"name":"Politique de protection de la vie priv\u00e9e"}]},{"@type":"WebSite","@id":"https:\/\/www.cuerdasvalero.com\/fr\/#website","url":"https:\/\/www.cuerdasvalero.com\/fr\/","name":"Cuerdas Valero","description":"","publisher":{"@id":"https:\/\/www.cuerdasvalero.com\/fr\/#organization"},"potentialAction":[{"@type":"SearchAction","target":{"@type":"EntryPoint","urlTemplate":"https:\/\/www.cuerdasvalero.com\/fr\/?s={search_term_string}"},"query-input":{"@type":"PropertyValueSpecification","valueRequired":true,"valueName":"search_term_string"}}],"inLanguage":"fr-FR"},{"@type":"Organization","@id":"https:\/\/www.cuerdasvalero.com\/fr\/#organization","name":"Cuerdas Valero","url":"https:\/\/www.cuerdasvalero.com\/fr\/","logo":{"@type":"ImageObject","inLanguage":"fr-FR","@id":"https:\/\/www.cuerdasvalero.com\/fr\/#\/schema\/logo\/image\/","url":"https:\/\/www.cuerdasvalero.com\/wp-content\/uploads\/2020\/04\/cuerdas-valero-logo-.jpg","contentUrl":"https:\/\/www.cuerdasvalero.com\/wp-content\/uploads\/2020\/04\/cuerdas-valero-logo-.jpg","width":196,"height":139,"caption":"Cuerdas Valero"},"image":{"@id":"https:\/\/www.cuerdasvalero.com\/fr\/#\/schema\/logo\/image\/"},"sameAs":["https:\/\/www.facebook.com\/CuerdasValero\/"]}]}},"_links":{"self":[{"href":"https:\/\/www.cuerdasvalero.com\/fr\/wp-json\/wp\/v2\/pages\/6920","targetHints":{"allow":["GET"]}}],"collection":[{"href":"https:\/\/www.cuerdasvalero.com\/fr\/wp-json\/wp\/v2\/pages"}],"about":[{"href":"https:\/\/www.cuerdasvalero.com\/fr\/wp-json\/wp\/v2\/types\/page"}],"author":[{"embeddable":true,"href":"https:\/\/www.cuerdasvalero.com\/fr\/wp-json\/wp\/v2\/users\/1"}],"replies":[{"embeddable":true,"href":"https:\/\/www.cuerdasvalero.com\/fr\/wp-json\/wp\/v2\/comments?post=6920"}],"version-history":[{"count":0,"href":"https:\/\/www.cuerdasvalero.com\/fr\/wp-json\/wp\/v2\/pages\/6920\/revisions"}],"wp:attachment":[{"href":"https:\/\/www.cuerdasvalero.com\/fr\/wp-json\/wp\/v2\/media?parent=6920"}],"curies":[{"name":"wp","href":"https:\/\/api.w.org\/{rel}","templated":true}]}}