{"id":17954,"date":"2024-12-21T18:31:16","date_gmt":"2024-12-21T18:31:16","guid":{"rendered":"https:\/\/www.cuerdasvalero.com\/?page_id=17954"},"modified":"2024-12-21T18:31:17","modified_gmt":"2024-12-21T18:31:17","slug":"cart","status":"publish","type":"page","link":"https:\/\/www.cuerdasvalero.com\/en\/cart\/","title":{"rendered":"Cart"},"content":{"rendered":"\t\t<div data-elementor-type=\"wp-page\" data-elementor-id=\"17954\" class=\"elementor elementor-17954 elementor-6461\" data-elementor-post-type=\"page\">\n\t\t\t\t\t\t<section class=\"elementor-section elementor-top-section elementor-element elementor-element-4c77f818 elementor-section-boxed elementor-section-height-default elementor-section-height-default\" data-id=\"4c77f818\" data-element_type=\"section\" data-e-type=\"section\">\n\t\t\t\t\t\t<div class=\"elementor-container elementor-column-gap-default\">\n\t\t\t\t\t<div class=\"elementor-column elementor-col-100 elementor-top-column elementor-element elementor-element-2751d8a9\" data-id=\"2751d8a9\" data-element_type=\"column\" data-e-type=\"column\">\n\t\t\t<div class=\"elementor-widget-wrap elementor-element-populated\">\n\t\t\t\t\t\t\t<\/div>\n\t\t<\/div>\n\t\t\t\t\t<\/div>\n\t\t<\/section>\n\t\t\t\t<section class=\"elementor-section elementor-top-section elementor-element elementor-element-a3e3c50 elementor-section-boxed elementor-section-height-default elementor-section-height-default\" data-id=\"a3e3c50\" data-element_type=\"section\" data-e-type=\"section\">\n\t\t\t\t\t\t<div class=\"elementor-container elementor-column-gap-default\">\n\t\t\t\t\t<div class=\"elementor-column elementor-col-100 elementor-top-column elementor-element elementor-element-f78419b\" data-id=\"f78419b\" data-element_type=\"column\" data-e-type=\"column\">\n\t\t\t<div class=\"elementor-widget-wrap\">\n\t\t\t\t\t\t\t<\/div>\n\t\t<\/div>\n\t\t\t\t\t<\/div>\n\t\t<\/section>\n\t\t\t\t<section class=\"elementor-section elementor-top-section elementor-element elementor-element-f92f5ef elementor-section-boxed elementor-section-height-default elementor-section-height-default\" data-id=\"f92f5ef\" data-element_type=\"section\" data-e-type=\"section\">\n\t\t\t\t\t\t<div class=\"elementor-container elementor-column-gap-default\">\n\t\t\t\t\t<div class=\"elementor-column elementor-col-100 elementor-top-column elementor-element elementor-element-0d71890\" data-id=\"0d71890\" data-element_type=\"column\" data-e-type=\"column\">\n\t\t\t<div class=\"elementor-widget-wrap elementor-element-populated\">\n\t\t\t\t\t\t<div class=\"elementor-element elementor-element-50613d4 elementor-widget elementor-widget-text-editor\" data-id=\"50613d4\" data-element_type=\"widget\" data-e-type=\"widget\" data-widget_type=\"text-editor.default\">\n\t\t\t\t<div class=\"elementor-widget-container\">\n\t\t\t\t\t\t\t\t\t<p>Esta web, cuyo responsable es Cuerdas Valero SLU, utiliza cookies (peque\u00f1os archivos de informaci\u00f3n que se guardan en su navegador), tanto propias como de terceros, para el funcionamiento de la web (necesarias), anal\u00edticas (an\u00e1lisis an\u00f3nimo de su navegaci\u00f3n en el sitio web) y de redes sociales (para que pueda interactuar con ellas). Puede consultar m\u00e1s informaci\u00f3n en nuestra <a href=\"https:\/\/www.cuerdasvalero.com\/politica-de-privacidad\">pol\u00edtica de privacidad<\/a>.<\/p>\t\t\t\t\t\t\t\t<\/div>\n\t\t\t\t<\/div>\n\t\t\t\t\t<\/div>\n\t\t<\/div>\n\t\t\t\t\t<\/div>\n\t\t<\/section>\n\t\t\t\t<\/div>\n\t\t","protected":false},"excerpt":{"rendered":"","protected":false},"author":1,"featured_media":0,"parent":0,"menu_order":0,"comment_status":"closed","ping_status":"closed","template":"","meta":{"footnotes":""},"class_list":["post-17954","page","type-page","status-publish"],"yoast_head":"<!-- This site is optimized with the Yoast SEO plugin v27.0 - https:\/\/yoast.com\/product\/yoast-seo-wordpress\/ -->\n<title>Cart - Cuerdas Valero<\/title>\n<meta name=\"robots\" content=\"index, follow, max-snippet:-1, max-image-preview:large, max-video-preview:-1\" \/>\n<link rel=\"canonical\" href=\"https:\/\/www.cuerdasvalero.com\/en\/cart\/\" \/>\n<meta property=\"og:locale\" content=\"en_US\" \/>\n<meta property=\"og:type\" content=\"article\" \/>\n<meta property=\"og:title\" content=\"Cart - Cuerdas Valero\" \/>\n<meta property=\"og:url\" content=\"https:\/\/www.cuerdasvalero.com\/en\/cart\/\" \/>\n<meta property=\"og:site_name\" content=\"Cuerdas Valero\" \/>\n<meta property=\"article:publisher\" content=\"https:\/\/www.facebook.com\/CuerdasValero\/\" \/>\n<meta property=\"article:modified_time\" content=\"2024-12-21T18:31:17+00:00\" \/>\n<meta name=\"twitter:card\" content=\"summary_large_image\" \/>\n<script type=\"application\/ld+json\" class=\"yoast-schema-graph\">{\"@context\":\"https:\/\/schema.org\",\"@graph\":[{\"@type\":\"WebPage\",\"@id\":\"https:\/\/www.cuerdasvalero.com\/en\/cart\/\",\"url\":\"https:\/\/www.cuerdasvalero.com\/en\/cart\/\",\"name\":\"Cart - Cuerdas Valero\",\"isPartOf\":{\"@id\":\"https:\/\/www.cuerdasvalero.com\/en\/#website\"},\"datePublished\":\"2024-12-21T18:31:16+00:00\",\"dateModified\":\"2024-12-21T18:31:17+00:00\",\"breadcrumb\":{\"@id\":\"https:\/\/www.cuerdasvalero.com\/en\/cart\/#breadcrumb\"},\"inLanguage\":\"en-US\",\"potentialAction\":[{\"@type\":\"ReadAction\",\"target\":[\"https:\/\/www.cuerdasvalero.com\/en\/cart\/\"]}]},{\"@type\":\"BreadcrumbList\",\"@id\":\"https:\/\/www.cuerdasvalero.com\/en\/cart\/#breadcrumb\",\"itemListElement\":[{\"@type\":\"ListItem\",\"position\":1,\"name\":\"Inicio\",\"item\":\"https:\/\/www.cuerdasvalero.com\/en\/\"},{\"@type\":\"ListItem\",\"position\":2,\"name\":\"Cart\"}]},{\"@type\":\"WebSite\",\"@id\":\"https:\/\/www.cuerdasvalero.com\/en\/#website\",\"url\":\"https:\/\/www.cuerdasvalero.com\/en\/\",\"name\":\"Cuerdas Valero\",\"description\":\"\",\"publisher\":{\"@id\":\"https:\/\/www.cuerdasvalero.com\/en\/#organization\"},\"potentialAction\":[{\"@type\":\"SearchAction\",\"target\":{\"@type\":\"EntryPoint\",\"urlTemplate\":\"https:\/\/www.cuerdasvalero.com\/en\/?s={search_term_string}\"},\"query-input\":{\"@type\":\"PropertyValueSpecification\",\"valueRequired\":true,\"valueName\":\"search_term_string\"}}],\"inLanguage\":\"en-US\"},{\"@type\":\"Organization\",\"@id\":\"https:\/\/www.cuerdasvalero.com\/en\/#organization\",\"name\":\"Cuerdas Valero\",\"url\":\"https:\/\/www.cuerdasvalero.com\/en\/\",\"logo\":{\"@type\":\"ImageObject\",\"inLanguage\":\"en-US\",\"@id\":\"https:\/\/www.cuerdasvalero.com\/en\/#\/schema\/logo\/image\/\",\"url\":\"https:\/\/www.cuerdasvalero.com\/wp-content\/uploads\/2020\/04\/cuerdas-valero-logo-.jpg\",\"contentUrl\":\"https:\/\/www.cuerdasvalero.com\/wp-content\/uploads\/2020\/04\/cuerdas-valero-logo-.jpg\",\"width\":196,\"height\":139,\"caption\":\"Cuerdas Valero\"},\"image\":{\"@id\":\"https:\/\/www.cuerdasvalero.com\/en\/#\/schema\/logo\/image\/\"},\"sameAs\":[\"https:\/\/www.facebook.com\/CuerdasValero\/\"]}]}<\/script>\n<!-- \/ Yoast SEO plugin. -->","yoast_head_json":{"title":"Cart - Cuerdas Valero","robots":{"index":"index","follow":"follow","max-snippet":"max-snippet:-1","max-image-preview":"max-image-preview:large","max-video-preview":"max-video-preview:-1"},"canonical":"https:\/\/www.cuerdasvalero.com\/en\/cart\/","og_locale":"en_US","og_type":"article","og_title":"Cart - Cuerdas Valero","og_url":"https:\/\/www.cuerdasvalero.com\/en\/cart\/","og_site_name":"Cuerdas Valero","article_publisher":"https:\/\/www.facebook.com\/CuerdasValero\/","article_modified_time":"2024-12-21T18:31:17+00:00","twitter_card":"summary_large_image","schema":{"@context":"https:\/\/schema.org","@graph":[{"@type":"WebPage","@id":"https:\/\/www.cuerdasvalero.com\/en\/cart\/","url":"https:\/\/www.cuerdasvalero.com\/en\/cart\/","name":"Cart - Cuerdas Valero","isPartOf":{"@id":"https:\/\/www.cuerdasvalero.com\/en\/#website"},"datePublished":"2024-12-21T18:31:16+00:00","dateModified":"2024-12-21T18:31:17+00:00","breadcrumb":{"@id":"https:\/\/www.cuerdasvalero.com\/en\/cart\/#breadcrumb"},"inLanguage":"en-US","potentialAction":[{"@type":"ReadAction","target":["https:\/\/www.cuerdasvalero.com\/en\/cart\/"]}]},{"@type":"BreadcrumbList","@id":"https:\/\/www.cuerdasvalero.com\/en\/cart\/#breadcrumb","itemListElement":[{"@type":"ListItem","position":1,"name":"Inicio","item":"https:\/\/www.cuerdasvalero.com\/en\/"},{"@type":"ListItem","position":2,"name":"Cart"}]},{"@type":"WebSite","@id":"https:\/\/www.cuerdasvalero.com\/en\/#website","url":"https:\/\/www.cuerdasvalero.com\/en\/","name":"Cuerdas Valero","description":"","publisher":{"@id":"https:\/\/www.cuerdasvalero.com\/en\/#organization"},"potentialAction":[{"@type":"SearchAction","target":{"@type":"EntryPoint","urlTemplate":"https:\/\/www.cuerdasvalero.com\/en\/?s={search_term_string}"},"query-input":{"@type":"PropertyValueSpecification","valueRequired":true,"valueName":"search_term_string"}}],"inLanguage":"en-US"},{"@type":"Organization","@id":"https:\/\/www.cuerdasvalero.com\/en\/#organization","name":"Cuerdas Valero","url":"https:\/\/www.cuerdasvalero.com\/en\/","logo":{"@type":"ImageObject","inLanguage":"en-US","@id":"https:\/\/www.cuerdasvalero.com\/en\/#\/schema\/logo\/image\/","url":"https:\/\/www.cuerdasvalero.com\/wp-content\/uploads\/2020\/04\/cuerdas-valero-logo-.jpg","contentUrl":"https:\/\/www.cuerdasvalero.com\/wp-content\/uploads\/2020\/04\/cuerdas-valero-logo-.jpg","width":196,"height":139,"caption":"Cuerdas Valero"},"image":{"@id":"https:\/\/www.cuerdasvalero.com\/en\/#\/schema\/logo\/image\/"},"sameAs":["https:\/\/www.facebook.com\/CuerdasValero\/"]}]}},"_links":{"self":[{"href":"https:\/\/www.cuerdasvalero.com\/en\/wp-json\/wp\/v2\/pages\/17954","targetHints":{"allow":["GET"]}}],"collection":[{"href":"https:\/\/www.cuerdasvalero.com\/en\/wp-json\/wp\/v2\/pages"}],"about":[{"href":"https:\/\/www.cuerdasvalero.com\/en\/wp-json\/wp\/v2\/types\/page"}],"author":[{"embeddable":true,"href":"https:\/\/www.cuerdasvalero.com\/en\/wp-json\/wp\/v2\/users\/1"}],"replies":[{"embeddable":true,"href":"https:\/\/www.cuerdasvalero.com\/en\/wp-json\/wp\/v2\/comments?post=17954"}],"version-history":[{"count":0,"href":"https:\/\/www.cuerdasvalero.com\/en\/wp-json\/wp\/v2\/pages\/17954\/revisions"}],"wp:attachment":[{"href":"https:\/\/www.cuerdasvalero.com\/en\/wp-json\/wp\/v2\/media?parent=17954"}],"curies":[{"name":"wp","href":"https:\/\/api.w.org\/{rel}","templated":true}]}}